{"id":4242,"date":"2013-12-12T17:28:35","date_gmt":"2013-12-12T17:28:35","guid":{"rendered":"https:\/\/insulation-new.trocellen.com\/verletzungsschutz-2\/"},"modified":"2023-07-10T12:16:38","modified_gmt":"2023-07-10T12:16:38","slug":"verletzungsschutz-2","status":"publish","type":"page","link":"https:\/\/insulation.trocellen.com\/de\/anwendungen\/design-und-inneneinrichtung\/verletzungsschutz-2\/","title":{"rendered":"Verletzungsschutz"},"content":{"rendered":"<p><a href=\"https:\/\/insulation.trocellen.com\/wp-content\/uploads\/sites\/6\/2013\/12\/carepad-mind-your-head.jpg\" rel=\"attachment wp-att-1321\"><img loading=\"lazy\" decoding=\"async\" class=\"wp-image-1321 size-medium alignright\" src=\"https:\/\/insulation.trocellen.com\/wp-content\/uploads\/sites\/6\/2013\/12\/carepad-mind-your-head-300x190.jpg\" alt=\"carepad-mind-your-head\" width=\"300\" height=\"190\"><\/a><\/p>\n<p>&nbsp;<\/p>\n<p>Die Gesundheit und Sicherheit des Menschen hat oberste Priorit\u00e4t. Wir tragen die Verantwortung f\u00fcr unsere Familienmitglieder, Kollegen und die Menschen in unserer Umgebung.<br \/>\nUnfall- und Verletzungsrisiken k\u00f6nnen mit den effektiven Produkten zum Schutz vor Verletzungen von Trocellen vermieden oder minimiert werden.<\/p>\n<h2><img loading=\"lazy\" decoding=\"async\" class=\"size-medium wp-image-96 alignright\" src=\"https:\/\/insulation.trocellen.com\/wp-content\/uploads\/sites\/6\/2013\/12\/sarok-kivagas-300x225.jpg\" alt=\"sarok kivagas\" width=\"300\" height=\"225\"><br \/>\nCarePad&nbsp;<\/h2>\n<ul>\n<li>Schutz vor Unf\u00e4llen und Verletzungen<\/li>\n<li>Hohe Sicherheit an scharfen Kanten, Ecken, Treppen<\/li>\n<li>Gute Federung dank weicher Materialien<\/li>\n<li>Einfache Klebebefestigung<\/li>\n<\/ul>\n<h2>CarePad &#8211; Vorteile<\/h2>\n<ul>\n<li>Vielseitig: f\u00fcr S\u00e4ulen und Oberfl\u00e4chen mit gro\u00dfem Radius<\/li>\n<li>Sto\u00dfd\u00e4mpfend, ausgezeichneter Schutz<\/li>\n<li>Einfache Anbringung \u2013 flexibel und geringes Gewicht<\/li>\n<li>Ma\u00dfgeschneiderte L\u00f6sungen vor Ort<\/li>\n<li>Optimales Preis-\/ Leistungsverh\u00e4ltnis<\/li>\n<li>Lange Lebensdauer<\/li>\n<li>Sowohl f\u00fcr gewerbliche Zwecke als auch f\u00fcr den Hausgebrauch<\/li>\n<\/ul>\n<h2>CarePad &#8211; Eigenschaften<\/h2>\n<ul>\n<li>Flexible Form durch vorgeschnittenes Material<\/li>\n<li>Sto\u00dffest<\/li>\n<li>Geruchloses Material &#8211; kein Geruch, kein Beschlagen<\/li>\n<li>Toxikologisch unbedenklich, FCKW-frei<\/li>\n<li>Dauerhafter Schutz gegen Schimmel-, Milben- und Bakterienbefall<\/li>\n<li>Hohe mechanische Stabilit\u00e4t und Widerstandsf\u00e4higkeit<\/li>\n<li>Einfache Reinigung<\/li>\n<li>Selbstklebend zur einfachen Anbringung<\/li>\n<li>Montagefertige Lieferung<\/li>\n<\/ul>\n<h2>CarePad &#8211; Material, Spezifikation<\/h2>\n<ul>\n<li>Material: chemisch vernetzter PE-Schaum, geschlossenzellig<\/li>\n<li>Dichte:&nbsp;30&nbsp;kg\/m\u00b2<\/li>\n<li>Dicke:&nbsp; 10 mm<\/li>\n<li>Ma\u00dfe: 300 x 390 mm<\/li>\n<li>Farbe: Grundfarbe gelb,&nbsp;weitere Farben auf Anfrage (z.&nbsp;B. schwarz-gelb gestreift)<\/li>\n<li>Verpackung: 2 St\u00fcck pro Karton,<\/li>\n<\/ul>\n<p>&nbsp;<\/p>\n","protected":false},"excerpt":{"rendered":"<p>&nbsp; Die Gesundheit und Sicherheit des Menschen hat oberste Priorit\u00e4t. Wir tragen die Verantwortung f\u00fcr unsere Familienmitglieder, Kollegen und die Menschen in unserer Umgebung. Unfall- und Verletzungsrisiken k\u00f6nnen mit den effektiven Produkten zum Schutz vor Verletzungen von Trocellen vermieden oder minimiert werden. CarePad&nbsp; Schutz vor Unf\u00e4llen und Verletzungen Hohe Sicherheit an scharfen Kanten, Ecken, Treppen [&hellip;]<\/p>\n","protected":false},"author":1,"featured_media":0,"parent":4134,"menu_order":200,"comment_status":"open","ping_status":"closed","template":"templates\/applications.php","meta":{"_acf_changed":false,"footnotes":""},"class_list":["post-4242","page","type-page","status-publish","hentry"],"acf":[],"yoast_head":"<!-- This site is optimized with the Yoast SEO plugin v23.5 - https:\/\/yoast.com\/wordpress\/plugins\/seo\/ -->\n<title>Trocellen Aufprallschutz: PE-Schaum als Schutzfunktion<\/title>\n<meta name=\"description\" content=\"Trocellen Aufprallschutz: Unf\u00e4lle und Verletzungen k\u00f6nnen mit den wirksamen Personenschutzprodukten von Trocellen vermieden oder minimiert werden.\" \/>\n<meta name=\"robots\" content=\"index, follow, max-snippet:-1, max-image-preview:large, max-video-preview:-1\" \/>\n<link rel=\"canonical\" href=\"https:\/\/insulation.trocellen.com\/de\/anwendungen\/design-und-inneneinrichtung\/verletzungsschutz-2\/\" \/>\n<meta property=\"og:locale\" content=\"de_DE\" \/>\n<meta property=\"og:type\" content=\"article\" \/>\n<meta property=\"og:title\" content=\"Trocellen Aufprallschutz: PE-Schaum als Schutzfunktion\" \/>\n<meta property=\"og:description\" content=\"Trocellen Aufprallschutz: Unf\u00e4lle und Verletzungen k\u00f6nnen mit den wirksamen Personenschutzprodukten von Trocellen vermieden oder minimiert werden.\" \/>\n<meta property=\"og:url\" content=\"https:\/\/insulation.trocellen.com\/de\/anwendungen\/design-und-inneneinrichtung\/verletzungsschutz-2\/\" \/>\n<meta property=\"og:site_name\" content=\"Trocellen Insulation\" \/>\n<meta property=\"article:modified_time\" content=\"2023-07-10T12:16:38+00:00\" \/>\n<meta property=\"og:image\" content=\"https:\/\/insulation.trocellen.com\/wp-content\/uploads\/sites\/6\/2013\/12\/carepad-mind-your-head-300x190.jpg\" \/>\n<meta name=\"twitter:card\" content=\"summary_large_image\" \/>\n<meta name=\"twitter:label1\" content=\"Gesch\u00e4tzte Lesezeit\" \/>\n\t<meta name=\"twitter:data1\" content=\"2\u00a0Minuten\" \/>\n<script type=\"application\/ld+json\" class=\"yoast-schema-graph\">{\"@context\":\"https:\/\/schema.org\",\"@graph\":[{\"@type\":\"WebPage\",\"@id\":\"https:\/\/insulation.trocellen.com\/de\/anwendungen\/design-und-inneneinrichtung\/verletzungsschutz-2\/\",\"url\":\"https:\/\/insulation.trocellen.com\/de\/anwendungen\/design-und-inneneinrichtung\/verletzungsschutz-2\/\",\"name\":\"Trocellen Aufprallschutz: PE-Schaum als Schutzfunktion\",\"isPartOf\":{\"@id\":\"https:\/\/insulation.trocellen.com\/de\/#website\"},\"primaryImageOfPage\":{\"@id\":\"https:\/\/insulation.trocellen.com\/de\/anwendungen\/design-und-inneneinrichtung\/verletzungsschutz-2\/#primaryimage\"},\"image\":{\"@id\":\"https:\/\/insulation.trocellen.com\/de\/anwendungen\/design-und-inneneinrichtung\/verletzungsschutz-2\/#primaryimage\"},\"thumbnailUrl\":\"https:\/\/insulation.trocellen.com\/wp-content\/uploads\/sites\/6\/2013\/12\/carepad-mind-your-head-300x190.jpg\",\"datePublished\":\"2013-12-12T17:28:35+00:00\",\"dateModified\":\"2023-07-10T12:16:38+00:00\",\"description\":\"Trocellen Aufprallschutz: Unf\u00e4lle und Verletzungen k\u00f6nnen mit den wirksamen Personenschutzprodukten von Trocellen vermieden oder minimiert werden.\",\"breadcrumb\":{\"@id\":\"https:\/\/insulation.trocellen.com\/de\/anwendungen\/design-und-inneneinrichtung\/verletzungsschutz-2\/#breadcrumb\"},\"inLanguage\":\"de\",\"potentialAction\":[{\"@type\":\"ReadAction\",\"target\":[\"https:\/\/insulation.trocellen.com\/de\/anwendungen\/design-und-inneneinrichtung\/verletzungsschutz-2\/\"]}]},{\"@type\":\"ImageObject\",\"inLanguage\":\"de\",\"@id\":\"https:\/\/insulation.trocellen.com\/de\/anwendungen\/design-und-inneneinrichtung\/verletzungsschutz-2\/#primaryimage\",\"url\":\"https:\/\/insulation.trocellen.com\/wp-content\/uploads\/sites\/6\/2013\/12\/carepad-mind-your-head-300x190.jpg\",\"contentUrl\":\"https:\/\/insulation.trocellen.com\/wp-content\/uploads\/sites\/6\/2013\/12\/carepad-mind-your-head-300x190.jpg\"},{\"@type\":\"BreadcrumbList\",\"@id\":\"https:\/\/insulation.trocellen.com\/de\/anwendungen\/design-und-inneneinrichtung\/verletzungsschutz-2\/#breadcrumb\",\"itemListElement\":[{\"@type\":\"ListItem\",\"position\":1,\"name\":\"Home\",\"item\":\"https:\/\/insulation.trocellen.com\/de\/\"},{\"@type\":\"ListItem\",\"position\":2,\"name\":\"Anwendungen\",\"item\":\"https:\/\/insulation.trocellen.com\/de\/anwendungen\/\"},{\"@type\":\"ListItem\",\"position\":3,\"name\":\"Design und Inneneinrichtung\",\"item\":\"https:\/\/insulation.trocellen.com\/de\/anwendungen\/design-und-inneneinrichtung\/\"},{\"@type\":\"ListItem\",\"position\":4,\"name\":\"Verletzungsschutz\"}]},{\"@type\":\"WebSite\",\"@id\":\"https:\/\/insulation.trocellen.com\/de\/#website\",\"url\":\"https:\/\/insulation.trocellen.com\/de\/\",\"name\":\"Trocellen Insulation\",\"description\":\"\",\"potentialAction\":[{\"@type\":\"SearchAction\",\"target\":{\"@type\":\"EntryPoint\",\"urlTemplate\":\"https:\/\/insulation.trocellen.com\/de\/?s={search_term_string}\"},\"query-input\":{\"@type\":\"PropertyValueSpecification\",\"valueRequired\":true,\"valueName\":\"search_term_string\"}}],\"inLanguage\":\"de\"}]}<\/script>\n<!-- \/ Yoast SEO plugin. -->","yoast_head_json":{"title":"Trocellen Aufprallschutz: PE-Schaum als Schutzfunktion","description":"Trocellen Aufprallschutz: Unf\u00e4lle und Verletzungen k\u00f6nnen mit den wirksamen Personenschutzprodukten von Trocellen vermieden oder minimiert werden.","robots":{"index":"index","follow":"follow","max-snippet":"max-snippet:-1","max-image-preview":"max-image-preview:large","max-video-preview":"max-video-preview:-1"},"canonical":"https:\/\/insulation.trocellen.com\/de\/anwendungen\/design-und-inneneinrichtung\/verletzungsschutz-2\/","og_locale":"de_DE","og_type":"article","og_title":"Trocellen Aufprallschutz: PE-Schaum als Schutzfunktion","og_description":"Trocellen Aufprallschutz: Unf\u00e4lle und Verletzungen k\u00f6nnen mit den wirksamen Personenschutzprodukten von Trocellen vermieden oder minimiert werden.","og_url":"https:\/\/insulation.trocellen.com\/de\/anwendungen\/design-und-inneneinrichtung\/verletzungsschutz-2\/","og_site_name":"Trocellen Insulation","article_modified_time":"2023-07-10T12:16:38+00:00","og_image":[{"url":"https:\/\/insulation.trocellen.com\/wp-content\/uploads\/sites\/6\/2013\/12\/carepad-mind-your-head-300x190.jpg"}],"twitter_card":"summary_large_image","twitter_misc":{"Gesch\u00e4tzte Lesezeit":"2\u00a0Minuten"},"schema":{"@context":"https:\/\/schema.org","@graph":[{"@type":"WebPage","@id":"https:\/\/insulation.trocellen.com\/de\/anwendungen\/design-und-inneneinrichtung\/verletzungsschutz-2\/","url":"https:\/\/insulation.trocellen.com\/de\/anwendungen\/design-und-inneneinrichtung\/verletzungsschutz-2\/","name":"Trocellen Aufprallschutz: PE-Schaum als Schutzfunktion","isPartOf":{"@id":"https:\/\/insulation.trocellen.com\/de\/#website"},"primaryImageOfPage":{"@id":"https:\/\/insulation.trocellen.com\/de\/anwendungen\/design-und-inneneinrichtung\/verletzungsschutz-2\/#primaryimage"},"image":{"@id":"https:\/\/insulation.trocellen.com\/de\/anwendungen\/design-und-inneneinrichtung\/verletzungsschutz-2\/#primaryimage"},"thumbnailUrl":"https:\/\/insulation.trocellen.com\/wp-content\/uploads\/sites\/6\/2013\/12\/carepad-mind-your-head-300x190.jpg","datePublished":"2013-12-12T17:28:35+00:00","dateModified":"2023-07-10T12:16:38+00:00","description":"Trocellen Aufprallschutz: Unf\u00e4lle und Verletzungen k\u00f6nnen mit den wirksamen Personenschutzprodukten von Trocellen vermieden oder minimiert werden.","breadcrumb":{"@id":"https:\/\/insulation.trocellen.com\/de\/anwendungen\/design-und-inneneinrichtung\/verletzungsschutz-2\/#breadcrumb"},"inLanguage":"de","potentialAction":[{"@type":"ReadAction","target":["https:\/\/insulation.trocellen.com\/de\/anwendungen\/design-und-inneneinrichtung\/verletzungsschutz-2\/"]}]},{"@type":"ImageObject","inLanguage":"de","@id":"https:\/\/insulation.trocellen.com\/de\/anwendungen\/design-und-inneneinrichtung\/verletzungsschutz-2\/#primaryimage","url":"https:\/\/insulation.trocellen.com\/wp-content\/uploads\/sites\/6\/2013\/12\/carepad-mind-your-head-300x190.jpg","contentUrl":"https:\/\/insulation.trocellen.com\/wp-content\/uploads\/sites\/6\/2013\/12\/carepad-mind-your-head-300x190.jpg"},{"@type":"BreadcrumbList","@id":"https:\/\/insulation.trocellen.com\/de\/anwendungen\/design-und-inneneinrichtung\/verletzungsschutz-2\/#breadcrumb","itemListElement":[{"@type":"ListItem","position":1,"name":"Home","item":"https:\/\/insulation.trocellen.com\/de\/"},{"@type":"ListItem","position":2,"name":"Anwendungen","item":"https:\/\/insulation.trocellen.com\/de\/anwendungen\/"},{"@type":"ListItem","position":3,"name":"Design und Inneneinrichtung","item":"https:\/\/insulation.trocellen.com\/de\/anwendungen\/design-und-inneneinrichtung\/"},{"@type":"ListItem","position":4,"name":"Verletzungsschutz"}]},{"@type":"WebSite","@id":"https:\/\/insulation.trocellen.com\/de\/#website","url":"https:\/\/insulation.trocellen.com\/de\/","name":"Trocellen Insulation","description":"","potentialAction":[{"@type":"SearchAction","target":{"@type":"EntryPoint","urlTemplate":"https:\/\/insulation.trocellen.com\/de\/?s={search_term_string}"},"query-input":{"@type":"PropertyValueSpecification","valueRequired":true,"valueName":"search_term_string"}}],"inLanguage":"de"}]}},"_links":{"self":[{"href":"https:\/\/insulation.trocellen.com\/de\/wp-json\/wp\/v2\/pages\/4242","targetHints":{"allow":["GET"]}}],"collection":[{"href":"https:\/\/insulation.trocellen.com\/de\/wp-json\/wp\/v2\/pages"}],"about":[{"href":"https:\/\/insulation.trocellen.com\/de\/wp-json\/wp\/v2\/types\/page"}],"author":[{"embeddable":true,"href":"https:\/\/insulation.trocellen.com\/de\/wp-json\/wp\/v2\/users\/1"}],"replies":[{"embeddable":true,"href":"https:\/\/insulation.trocellen.com\/de\/wp-json\/wp\/v2\/comments?post=4242"}],"version-history":[{"count":1,"href":"https:\/\/insulation.trocellen.com\/de\/wp-json\/wp\/v2\/pages\/4242\/revisions"}],"predecessor-version":[{"id":9830,"href":"https:\/\/insulation.trocellen.com\/de\/wp-json\/wp\/v2\/pages\/4242\/revisions\/9830"}],"up":[{"embeddable":true,"href":"https:\/\/insulation.trocellen.com\/de\/wp-json\/wp\/v2\/pages\/4134"}],"wp:attachment":[{"href":"https:\/\/insulation.trocellen.com\/de\/wp-json\/wp\/v2\/media?parent=4242"}],"curies":[{"name":"wp","href":"https:\/\/api.w.org\/{rel}","templated":true}]}}