{"id":4236,"date":"2013-12-12T17:28:18","date_gmt":"2013-12-12T17:28:18","guid":{"rendered":"https:\/\/insulation-new.trocellen.com\/carepad\/"},"modified":"2023-07-10T12:14:44","modified_gmt":"2023-07-10T12:14:44","slug":"carepad","status":"publish","type":"page","link":"https:\/\/insulation.trocellen.com\/de\/anwendungen\/design-und-inneneinrichtung\/carepad\/","title":{"rendered":"CarePad"},"content":{"rendered":"\n<figure class=\"wp-block-image\"><a href=\"https:\/\/insulation.trocellen.com\/wp-content\/uploads\/sites\/6\/2013\/12\/carepad-photo-1.jpg\" rel=\"attachment wp-att-1306\"><img decoding=\"async\" src=\"https:\/\/insulation.trocellen.com\/wp-content\/uploads\/sites\/6\/2013\/12\/carepad-photo-1-1024x490.jpg\" alt=\"carepad-photo\" class=\"wp-image-1306\"\/><\/a><\/figure>\n\n\n\n<p>Jeder besitzt Gegenst\u00e4nde, deren Wert er dauerhaft sch\u00fctzen m\u00f6chte. Autos, Motorr\u00e4der, Fahrr\u00e4der oder andere wertvolle Gegenst\u00e4nde vor Besch\u00e4digungen zu sch\u00fctzen ist mit gro\u00dfer Verantwortung verbunden.<\/p>\n\n\n\n<p>Der kleinste Kratzer auf dem Lack, die kleinste Delle an der Fahrzeugkarosserie kann zu hohen Verlusten des Marktwerts f\u00fchren, ganz zu schweigen von hohen Reparaturkosten oder dem Verlust des Versicherungsbonusses. Wir haben also guten Grund, unsere Wertsachen zu sch\u00fctzen und deren Unversehrtheit zu wahren.<\/p>\n\n\n\n<figure class=\"wp-block-image\"><a href=\"https:\/\/insulation.trocellen.com\/wp-content\/uploads\/sites\/6\/2013\/12\/Carepad-fokep.jpg\" rel=\"attachment wp-att-1308\"><img decoding=\"async\" src=\"https:\/\/insulation.trocellen.com\/wp-content\/uploads\/sites\/6\/2013\/12\/Carepad-fokep.jpg\" alt=\"Carepad-fokep\" class=\"wp-image-1308\"\/><\/a><\/figure>\n\n\n\n<p>Eine Sekunde beim Einparken in der Garage nicht aufgepasst und schon ist nicht nur der Wagen besch\u00e4digt, sondern auch die Wand.<\/p>\n\n\n\n<p>Hinzu kommt nat\u00fcrlich noch das Verletzungsrisiko f\u00fcr den Menschen, das es in jedem Fall mit geeigneter Schutzausr\u00fcstung auszuschlie\u00dfen gilt.<\/p>\n\n\n\n<h2 class=\"wp-block-heading\">Eigenschaften<\/h2>\n\n\n\n<ul class=\"wp-block-list\">\n<li>Vernetzter Polyethylenschaumstoff<\/li>\n\n\n\n<li>Dicke: 10-15 mm<\/li>\n\n\n\n<li>In verschiedenen Gr\u00f6\u00dfen erh\u00e4ltlich<\/li>\n\n\n\n<li>Auf Anfrage in unterschiedlichsten Dichten und als Rollenware erh\u00e4ltlich<\/li>\n\n\n\n<li>F\u00fcr W\u00e4nde, S\u00e4ulen, T\u00fcren, Privatgaragen, Tiefgaragen usw<\/li>\n<\/ul>\n\n\n\n<figure class=\"wp-block-table\"><table><tbody><tr><td><a href=\"https:\/\/insulation.trocellen.com\/wp-content\/uploads\/sites\/6\/2013\/12\/carepad2-1.jpg\" rel=\"attachment wp-att-1310\"><img loading=\"lazy\" decoding=\"async\" class=\"alignnone size-medium wp-image-1310\" src=\"https:\/\/insulation.trocellen.com\/wp-content\/uploads\/sites\/6\/2013\/12\/carepad2-1-300x201.jpg\" alt=\"carepad2\" width=\"300\" height=\"201\"><\/a><\/td><td><a href=\"https:\/\/insulation.trocellen.com\/wp-content\/uploads\/sites\/6\/2013\/12\/carepad-motor.jpg\" rel=\"attachment wp-att-1313\"><img loading=\"lazy\" decoding=\"async\" class=\"alignnone size-medium wp-image-1313\" src=\"https:\/\/insulation.trocellen.com\/wp-content\/uploads\/sites\/6\/2013\/12\/carepad-motor-300x200.jpg\" alt=\"carepad motor\" width=\"300\" height=\"200\"><\/a><\/td><\/tr><\/tbody><\/table><\/figure>\n\n\n\n<h2 class=\"wp-block-heading\">Anwendung<\/h2>\n\n\n\n<ul class=\"wp-block-list\">\n<li>Oberschicht der Selbstklebefolie abziehen und CarePad auf die gereinigte Garagenwand kleben.<\/li>\n\n\n\n<li>Anwendungstemperaturen:&nbsp; \u201340\u00b0C bis +70\u00b0C auf schmutz- und staubfreier Oberfl\u00e4che<\/li>\n<\/ul>\n\n\n\n<h2 class=\"wp-block-heading\">Eigenschaften<\/h2>\n\n\n\n<ul class=\"wp-block-list\">\n<li>Selbstklebend f\u00fcr einfache Anbringung<\/li>\n\n\n\n<li>Geringes Gewicht\/einfacher Transport<\/li>\n\n\n\n<li>Flexibel<\/li>\n\n\n\n<li>Sehr starke Haftung<\/li>\n\n\n\n<li>Gute mechanische Widerstandsf\u00e4higkeit<\/li>\n\n\n\n<li>Formstabil<\/li>\n\n\n\n<li>Wasserabweisend<\/li>\n\n\n\n<li>Toxikologisch unbedenklich<\/li>\n\n\n\n<li>Umweltfreundlich<\/li>\n\n\n\n<li>Optisch ansprechend<\/li>\n\n\n\n<li>Auf Anfrage in verschiedenen Farben erh\u00e4ltlich<\/li>\n\n\n\n<li>Personalisierbar durch Logoaufdruck<\/li>\n<\/ul>\n\n\n\n<figure class=\"wp-block-table\"><table><tbody><tr><td><a href=\"https:\/\/insulation.trocellen.com\/wp-content\/uploads\/sites\/6\/2013\/12\/carepad3-1.jpg\" rel=\"attachment wp-att-1317\"><img loading=\"lazy\" decoding=\"async\" class=\"alignnone size-medium wp-image-1317\" src=\"https:\/\/insulation.trocellen.com\/wp-content\/uploads\/sites\/6\/2013\/12\/carepad3-1-300x199.jpg\" alt=\"carepad3\" width=\"300\" height=\"199\"><\/a><\/td><td><a href=\"https:\/\/insulation.trocellen.com\/wp-content\/uploads\/sites\/6\/2013\/12\/carepad4-1.jpg\" rel=\"attachment wp-att-1318\"><img loading=\"lazy\" decoding=\"async\" class=\"alignnone size-medium wp-image-1318\" src=\"https:\/\/insulation.trocellen.com\/wp-content\/uploads\/sites\/6\/2013\/12\/carepad4-1-300x200.jpg\" alt=\"carepad4\" width=\"300\" height=\"200\"><\/a><\/td><\/tr><\/tbody><\/table><\/figure>\n","protected":false},"excerpt":{"rendered":"<p>Jeder besitzt Gegenst\u00e4nde, deren Wert er dauerhaft sch\u00fctzen m\u00f6chte. Autos, Motorr\u00e4der, Fahrr\u00e4der oder andere wertvolle Gegenst\u00e4nde vor Besch\u00e4digungen zu sch\u00fctzen ist mit gro\u00dfer Verantwortung verbunden. Der kleinste Kratzer auf dem Lack, die kleinste Delle an der Fahrzeugkarosserie kann zu hohen Verlusten des Marktwerts f\u00fchren, ganz zu schweigen von hohen Reparaturkosten oder dem Verlust des Versicherungsbonusses. [&hellip;]<\/p>\n","protected":false},"author":1,"featured_media":8881,"parent":4134,"menu_order":100,"comment_status":"open","ping_status":"closed","template":"templates\/applications.php","meta":{"_acf_changed":false,"footnotes":""},"class_list":["post-4236","page","type-page","status-publish","has-post-thumbnail","hentry"],"acf":[],"yoast_head":"<!-- This site is optimized with the Yoast SEO plugin v23.5 - https:\/\/yoast.com\/wordpress\/plugins\/seo\/ -->\n<title>Trocellen Insulation CarePad: Kratzschutz<\/title>\n<meta name=\"description\" content=\"Trocellen CarePad: der perfekte Kratz- und Unfallschutz f\u00fcr W\u00e4nde und S\u00e4ulen; sch\u00fctzt Ihr Auto oder Motorrad und hilft dabei, Sch\u00e4den zu vermeiden.\" \/>\n<meta name=\"robots\" content=\"index, follow, max-snippet:-1, max-image-preview:large, max-video-preview:-1\" \/>\n<link rel=\"canonical\" href=\"https:\/\/insulation.trocellen.com\/de\/anwendungen\/design-und-inneneinrichtung\/carepad\/\" \/>\n<meta property=\"og:locale\" content=\"de_DE\" \/>\n<meta property=\"og:type\" content=\"article\" \/>\n<meta property=\"og:title\" content=\"Trocellen Insulation CarePad: Kratzschutz\" \/>\n<meta property=\"og:description\" content=\"Trocellen CarePad: der perfekte Kratz- und Unfallschutz f\u00fcr W\u00e4nde und S\u00e4ulen; sch\u00fctzt Ihr Auto oder Motorrad und hilft dabei, Sch\u00e4den zu vermeiden.\" \/>\n<meta property=\"og:url\" content=\"https:\/\/insulation.trocellen.com\/de\/anwendungen\/design-und-inneneinrichtung\/carepad\/\" \/>\n<meta property=\"og:site_name\" content=\"Trocellen Insulation\" \/>\n<meta property=\"article:modified_time\" content=\"2023-07-10T12:14:44+00:00\" \/>\n<meta property=\"og:image\" content=\"https:\/\/insulation.trocellen.com\/wp-content\/uploads\/sites\/6\/2023\/05\/carepad-fejlec.jpg\" \/>\n\t<meta property=\"og:image:width\" content=\"1920\" \/>\n\t<meta property=\"og:image:height\" content=\"300\" \/>\n\t<meta property=\"og:image:type\" content=\"image\/jpeg\" \/>\n<meta name=\"twitter:card\" content=\"summary_large_image\" \/>\n<meta name=\"twitter:label1\" content=\"Gesch\u00e4tzte Lesezeit\" \/>\n\t<meta name=\"twitter:data1\" content=\"3\u00a0Minuten\" \/>\n<script type=\"application\/ld+json\" class=\"yoast-schema-graph\">{\"@context\":\"https:\/\/schema.org\",\"@graph\":[{\"@type\":\"WebPage\",\"@id\":\"https:\/\/insulation.trocellen.com\/de\/anwendungen\/design-und-inneneinrichtung\/carepad\/\",\"url\":\"https:\/\/insulation.trocellen.com\/de\/anwendungen\/design-und-inneneinrichtung\/carepad\/\",\"name\":\"Trocellen Insulation CarePad: Kratzschutz\",\"isPartOf\":{\"@id\":\"https:\/\/insulation.trocellen.com\/de\/#website\"},\"primaryImageOfPage\":{\"@id\":\"https:\/\/insulation.trocellen.com\/de\/anwendungen\/design-und-inneneinrichtung\/carepad\/#primaryimage\"},\"image\":{\"@id\":\"https:\/\/insulation.trocellen.com\/de\/anwendungen\/design-und-inneneinrichtung\/carepad\/#primaryimage\"},\"thumbnailUrl\":\"https:\/\/insulation.trocellen.com\/wp-content\/uploads\/sites\/6\/2023\/05\/carepad-fejlec.jpg\",\"datePublished\":\"2013-12-12T17:28:18+00:00\",\"dateModified\":\"2023-07-10T12:14:44+00:00\",\"description\":\"Trocellen CarePad: der perfekte Kratz- und Unfallschutz f\u00fcr W\u00e4nde und S\u00e4ulen; sch\u00fctzt Ihr Auto oder Motorrad und hilft dabei, Sch\u00e4den zu vermeiden.\",\"breadcrumb\":{\"@id\":\"https:\/\/insulation.trocellen.com\/de\/anwendungen\/design-und-inneneinrichtung\/carepad\/#breadcrumb\"},\"inLanguage\":\"de\",\"potentialAction\":[{\"@type\":\"ReadAction\",\"target\":[\"https:\/\/insulation.trocellen.com\/de\/anwendungen\/design-und-inneneinrichtung\/carepad\/\"]}]},{\"@type\":\"ImageObject\",\"inLanguage\":\"de\",\"@id\":\"https:\/\/insulation.trocellen.com\/de\/anwendungen\/design-und-inneneinrichtung\/carepad\/#primaryimage\",\"url\":\"https:\/\/insulation.trocellen.com\/wp-content\/uploads\/sites\/6\/2023\/05\/carepad-fejlec.jpg\",\"contentUrl\":\"https:\/\/insulation.trocellen.com\/wp-content\/uploads\/sites\/6\/2023\/05\/carepad-fejlec.jpg\",\"width\":1920,\"height\":300},{\"@type\":\"BreadcrumbList\",\"@id\":\"https:\/\/insulation.trocellen.com\/de\/anwendungen\/design-und-inneneinrichtung\/carepad\/#breadcrumb\",\"itemListElement\":[{\"@type\":\"ListItem\",\"position\":1,\"name\":\"Home\",\"item\":\"https:\/\/insulation.trocellen.com\/de\/\"},{\"@type\":\"ListItem\",\"position\":2,\"name\":\"Anwendungen\",\"item\":\"https:\/\/insulation.trocellen.com\/de\/anwendungen\/\"},{\"@type\":\"ListItem\",\"position\":3,\"name\":\"Design und Inneneinrichtung\",\"item\":\"https:\/\/insulation.trocellen.com\/de\/anwendungen\/design-und-inneneinrichtung\/\"},{\"@type\":\"ListItem\",\"position\":4,\"name\":\"CarePad\"}]},{\"@type\":\"WebSite\",\"@id\":\"https:\/\/insulation.trocellen.com\/de\/#website\",\"url\":\"https:\/\/insulation.trocellen.com\/de\/\",\"name\":\"Trocellen Insulation\",\"description\":\"\",\"potentialAction\":[{\"@type\":\"SearchAction\",\"target\":{\"@type\":\"EntryPoint\",\"urlTemplate\":\"https:\/\/insulation.trocellen.com\/de\/?s={search_term_string}\"},\"query-input\":{\"@type\":\"PropertyValueSpecification\",\"valueRequired\":true,\"valueName\":\"search_term_string\"}}],\"inLanguage\":\"de\"}]}<\/script>\n<!-- \/ Yoast SEO plugin. -->","yoast_head_json":{"title":"Trocellen Insulation CarePad: Kratzschutz","description":"Trocellen CarePad: der perfekte Kratz- und Unfallschutz f\u00fcr W\u00e4nde und S\u00e4ulen; sch\u00fctzt Ihr Auto oder Motorrad und hilft dabei, Sch\u00e4den zu vermeiden.","robots":{"index":"index","follow":"follow","max-snippet":"max-snippet:-1","max-image-preview":"max-image-preview:large","max-video-preview":"max-video-preview:-1"},"canonical":"https:\/\/insulation.trocellen.com\/de\/anwendungen\/design-und-inneneinrichtung\/carepad\/","og_locale":"de_DE","og_type":"article","og_title":"Trocellen Insulation CarePad: Kratzschutz","og_description":"Trocellen CarePad: der perfekte Kratz- und Unfallschutz f\u00fcr W\u00e4nde und S\u00e4ulen; sch\u00fctzt Ihr Auto oder Motorrad und hilft dabei, Sch\u00e4den zu vermeiden.","og_url":"https:\/\/insulation.trocellen.com\/de\/anwendungen\/design-und-inneneinrichtung\/carepad\/","og_site_name":"Trocellen Insulation","article_modified_time":"2023-07-10T12:14:44+00:00","og_image":[{"width":1920,"height":300,"url":"https:\/\/insulation.trocellen.com\/wp-content\/uploads\/sites\/6\/2023\/05\/carepad-fejlec.jpg","type":"image\/jpeg"}],"twitter_card":"summary_large_image","twitter_misc":{"Gesch\u00e4tzte Lesezeit":"3\u00a0Minuten"},"schema":{"@context":"https:\/\/schema.org","@graph":[{"@type":"WebPage","@id":"https:\/\/insulation.trocellen.com\/de\/anwendungen\/design-und-inneneinrichtung\/carepad\/","url":"https:\/\/insulation.trocellen.com\/de\/anwendungen\/design-und-inneneinrichtung\/carepad\/","name":"Trocellen Insulation CarePad: Kratzschutz","isPartOf":{"@id":"https:\/\/insulation.trocellen.com\/de\/#website"},"primaryImageOfPage":{"@id":"https:\/\/insulation.trocellen.com\/de\/anwendungen\/design-und-inneneinrichtung\/carepad\/#primaryimage"},"image":{"@id":"https:\/\/insulation.trocellen.com\/de\/anwendungen\/design-und-inneneinrichtung\/carepad\/#primaryimage"},"thumbnailUrl":"https:\/\/insulation.trocellen.com\/wp-content\/uploads\/sites\/6\/2023\/05\/carepad-fejlec.jpg","datePublished":"2013-12-12T17:28:18+00:00","dateModified":"2023-07-10T12:14:44+00:00","description":"Trocellen CarePad: der perfekte Kratz- und Unfallschutz f\u00fcr W\u00e4nde und S\u00e4ulen; sch\u00fctzt Ihr Auto oder Motorrad und hilft dabei, Sch\u00e4den zu vermeiden.","breadcrumb":{"@id":"https:\/\/insulation.trocellen.com\/de\/anwendungen\/design-und-inneneinrichtung\/carepad\/#breadcrumb"},"inLanguage":"de","potentialAction":[{"@type":"ReadAction","target":["https:\/\/insulation.trocellen.com\/de\/anwendungen\/design-und-inneneinrichtung\/carepad\/"]}]},{"@type":"ImageObject","inLanguage":"de","@id":"https:\/\/insulation.trocellen.com\/de\/anwendungen\/design-und-inneneinrichtung\/carepad\/#primaryimage","url":"https:\/\/insulation.trocellen.com\/wp-content\/uploads\/sites\/6\/2023\/05\/carepad-fejlec.jpg","contentUrl":"https:\/\/insulation.trocellen.com\/wp-content\/uploads\/sites\/6\/2023\/05\/carepad-fejlec.jpg","width":1920,"height":300},{"@type":"BreadcrumbList","@id":"https:\/\/insulation.trocellen.com\/de\/anwendungen\/design-und-inneneinrichtung\/carepad\/#breadcrumb","itemListElement":[{"@type":"ListItem","position":1,"name":"Home","item":"https:\/\/insulation.trocellen.com\/de\/"},{"@type":"ListItem","position":2,"name":"Anwendungen","item":"https:\/\/insulation.trocellen.com\/de\/anwendungen\/"},{"@type":"ListItem","position":3,"name":"Design und Inneneinrichtung","item":"https:\/\/insulation.trocellen.com\/de\/anwendungen\/design-und-inneneinrichtung\/"},{"@type":"ListItem","position":4,"name":"CarePad"}]},{"@type":"WebSite","@id":"https:\/\/insulation.trocellen.com\/de\/#website","url":"https:\/\/insulation.trocellen.com\/de\/","name":"Trocellen Insulation","description":"","potentialAction":[{"@type":"SearchAction","target":{"@type":"EntryPoint","urlTemplate":"https:\/\/insulation.trocellen.com\/de\/?s={search_term_string}"},"query-input":{"@type":"PropertyValueSpecification","valueRequired":true,"valueName":"search_term_string"}}],"inLanguage":"de"}]}},"_links":{"self":[{"href":"https:\/\/insulation.trocellen.com\/de\/wp-json\/wp\/v2\/pages\/4236","targetHints":{"allow":["GET"]}}],"collection":[{"href":"https:\/\/insulation.trocellen.com\/de\/wp-json\/wp\/v2\/pages"}],"about":[{"href":"https:\/\/insulation.trocellen.com\/de\/wp-json\/wp\/v2\/types\/page"}],"author":[{"embeddable":true,"href":"https:\/\/insulation.trocellen.com\/de\/wp-json\/wp\/v2\/users\/1"}],"replies":[{"embeddable":true,"href":"https:\/\/insulation.trocellen.com\/de\/wp-json\/wp\/v2\/comments?post=4236"}],"version-history":[{"count":2,"href":"https:\/\/insulation.trocellen.com\/de\/wp-json\/wp\/v2\/pages\/4236\/revisions"}],"predecessor-version":[{"id":9828,"href":"https:\/\/insulation.trocellen.com\/de\/wp-json\/wp\/v2\/pages\/4236\/revisions\/9828"}],"up":[{"embeddable":true,"href":"https:\/\/insulation.trocellen.com\/de\/wp-json\/wp\/v2\/pages\/4134"}],"wp:featuredmedia":[{"embeddable":true,"href":"https:\/\/insulation.trocellen.com\/de\/wp-json\/wp\/v2\/media\/8881"}],"wp:attachment":[{"href":"https:\/\/insulation.trocellen.com\/de\/wp-json\/wp\/v2\/media?parent=4236"}],"curies":[{"name":"wp","href":"https:\/\/api.w.org\/{rel}","templated":true}]}}