{"id":4230,"date":"2013-12-12T17:27:37","date_gmt":"2013-12-12T17:27:37","guid":{"rendered":"https:\/\/insulation-new.trocellen.com\/verletzungsschutz\/"},"modified":"2023-07-10T12:35:51","modified_gmt":"2023-07-10T12:35:51","slug":"verletzungsschutz","status":"publish","type":"page","link":"https:\/\/insulation.trocellen.com\/de\/anwendungen\/wand-und-saulenkratzschutz\/verletzungsschutz\/","title":{"rendered":"Verletzungsschutz"},"content":{"rendered":"<p>Die Gesundheit und Sicherheit des Menschen hat oberste Priorit\u00e4t. Wir tragen die Verantwortung f\u00fcr unsere Familienmitglieder, Kollegen und die Menschen in unserer Umgebung.<br \/>\nUnfall- und Verletzungsrisiken k\u00f6nnen mit den effektiven Produkten zum Schutz vor Verletzungen von Trocellen vermieden oder minimiert werden.<\/p>\n<h2><img loading=\"lazy\" decoding=\"async\" class=\"size-medium wp-image-96 alignright\" src=\"https:\/\/insulation.trocellen.com\/wp-content\/uploads\/sites\/6\/2013\/12\/sarok-kivagas-300x225.jpg\" alt=\"sarok kivagas\" width=\"300\" height=\"225\"><\/h2>\n<h2>Stufenmatten<\/h2>\n<ul>\n<li>Schutz vor Unf\u00e4llen und Verletzungen<\/li>\n<li>Hohe Sicherheit an scharfen Kanten, Ecken, Treppen<\/li>\n<li>Gute Federung dank weicher Materialien<\/li>\n<li>Einfache Klebebefestigung<\/li>\n<\/ul>\n<h2>Vorteile<\/h2>\n<ul>\n<li>Vielseitig: f\u00fcr S\u00e4ulen und Oberfl\u00e4chen mit gro\u00dfem Radius<\/li>\n<li>Sto\u00dfd\u00e4mpfend, ausgezeichneter Schutz<\/li>\n<li>Einfache Anbringung \u2013 flexibel und geringes Gewicht<\/li>\n<li>Ma\u00dfgeschneiderte L\u00f6sungen vor Ort<\/li>\n<li>Optimales Preis-\/Leistungsverh\u00e4ltnis<\/li>\n<li>Lange Lebensdauer<\/li>\n<li>Sowohl f\u00fcr gewerbliche Zwecke als auch f\u00fcr den Hausgebrauch<\/li>\n<\/ul>\n<h2>Eigenschaften<\/h2>\n<ul>\n<li>Flexible Form durch vorgeschnittenes Material<\/li>\n<li>Sto\u00dffest<\/li>\n<li>Geruchloses Material &#8211; kein Geruch, kein Beschlagen<\/li>\n<li>Toxikologisch unbedenklich, FCKW-frei<\/li>\n<li>Dauerhafter Schutz gegen Schimmel-, Milben- und Bakterienbefall<\/li>\n<li>Hohe mechanische Stabilit\u00e4t und Widerstandsf\u00e4higkeit<\/li>\n<li>Einfache Reinigung<\/li>\n<li>Selbstklebend zur einfachen Anbringung<\/li>\n<li>Montagefertige Lieferung<\/li>\n<\/ul>\n<h2>Materialspezifikation<\/h2>\n<ul>\n<li>Material: chemisch vernetzter PE-Schaum, geschlossenzellig<\/li>\n<li>Dicke:&nbsp; 10 mm<\/li>\n<li>Ma\u00dfe: 300 x 390 mm<\/li>\n<li>Farbe: grundfarbe gelb,&nbsp;weitere Farben auf Anfrage (z.&nbsp;B. schwarz-gelb gestreift)<\/li>\n<li>Verpackung: 2 St\u00fcck pro Karton<\/li>\n<\/ul>\n","protected":false},"excerpt":{"rendered":"<p>Die Gesundheit und Sicherheit des Menschen hat oberste Priorit\u00e4t. Wir tragen die Verantwortung f\u00fcr unsere Familienmitglieder, Kollegen und die Menschen in unserer Umgebung. Unfall- und Verletzungsrisiken k\u00f6nnen mit den effektiven Produkten zum Schutz vor Verletzungen von Trocellen vermieden oder minimiert werden. Stufenmatten Schutz vor Unf\u00e4llen und Verletzungen Hohe Sicherheit an scharfen Kanten, Ecken, Treppen Gute [&hellip;]<\/p>\n","protected":false},"author":1,"featured_media":8887,"parent":4128,"menu_order":300,"comment_status":"open","ping_status":"closed","template":"templates\/applications.php","meta":{"_acf_changed":false,"footnotes":""},"class_list":["post-4230","page","type-page","status-publish","has-post-thumbnail","hentry"],"acf":[],"yoast_head":"<!-- This site is optimized with the Yoast SEO plugin v23.5 - https:\/\/yoast.com\/wordpress\/plugins\/seo\/ -->\n<title>CarePad kann auch als Kopfschutz verwendet werden<\/title>\n<meta name=\"description\" content=\"Unf\u00e4lle und Verletzungen k\u00f6nnen mit effektiven pers\u00f6nlichen Schutzprodukten von Trocellen vermieden oder minimiert werden.\" \/>\n<meta name=\"robots\" content=\"index, follow, max-snippet:-1, max-image-preview:large, max-video-preview:-1\" \/>\n<link rel=\"canonical\" href=\"https:\/\/insulation.trocellen.com\/de\/anwendungen\/wand-und-saulenkratzschutz\/verletzungsschutz\/\" \/>\n<meta property=\"og:locale\" content=\"de_DE\" \/>\n<meta property=\"og:type\" content=\"article\" \/>\n<meta property=\"og:title\" content=\"CarePad kann auch als Kopfschutz verwendet werden\" \/>\n<meta property=\"og:description\" content=\"Unf\u00e4lle und Verletzungen k\u00f6nnen mit effektiven pers\u00f6nlichen Schutzprodukten von Trocellen vermieden oder minimiert werden.\" \/>\n<meta property=\"og:url\" content=\"https:\/\/insulation.trocellen.com\/de\/anwendungen\/wand-und-saulenkratzschutz\/verletzungsschutz\/\" \/>\n<meta property=\"og:site_name\" content=\"Trocellen Insulation\" \/>\n<meta property=\"article:modified_time\" content=\"2023-07-10T12:35:51+00:00\" \/>\n<meta property=\"og:image\" content=\"https:\/\/insulation.trocellen.com\/wp-content\/uploads\/sites\/6\/2023\/05\/hit-protection.jpg\" \/>\n\t<meta property=\"og:image:width\" content=\"1920\" \/>\n\t<meta property=\"og:image:height\" content=\"300\" \/>\n\t<meta property=\"og:image:type\" content=\"image\/jpeg\" \/>\n<meta name=\"twitter:card\" content=\"summary_large_image\" \/>\n<meta name=\"twitter:label1\" content=\"Gesch\u00e4tzte Lesezeit\" \/>\n\t<meta name=\"twitter:data1\" content=\"1\u00a0Minute\" \/>\n<script type=\"application\/ld+json\" class=\"yoast-schema-graph\">{\"@context\":\"https:\/\/schema.org\",\"@graph\":[{\"@type\":\"WebPage\",\"@id\":\"https:\/\/insulation.trocellen.com\/de\/anwendungen\/wand-und-saulenkratzschutz\/verletzungsschutz\/\",\"url\":\"https:\/\/insulation.trocellen.com\/de\/anwendungen\/wand-und-saulenkratzschutz\/verletzungsschutz\/\",\"name\":\"CarePad kann auch als Kopfschutz verwendet werden\",\"isPartOf\":{\"@id\":\"https:\/\/insulation.trocellen.com\/de\/#website\"},\"primaryImageOfPage\":{\"@id\":\"https:\/\/insulation.trocellen.com\/de\/anwendungen\/wand-und-saulenkratzschutz\/verletzungsschutz\/#primaryimage\"},\"image\":{\"@id\":\"https:\/\/insulation.trocellen.com\/de\/anwendungen\/wand-und-saulenkratzschutz\/verletzungsschutz\/#primaryimage\"},\"thumbnailUrl\":\"https:\/\/insulation.trocellen.com\/wp-content\/uploads\/sites\/6\/2023\/05\/hit-protection.jpg\",\"datePublished\":\"2013-12-12T17:27:37+00:00\",\"dateModified\":\"2023-07-10T12:35:51+00:00\",\"description\":\"Unf\u00e4lle und Verletzungen k\u00f6nnen mit effektiven pers\u00f6nlichen Schutzprodukten von Trocellen vermieden oder minimiert werden.\",\"breadcrumb\":{\"@id\":\"https:\/\/insulation.trocellen.com\/de\/anwendungen\/wand-und-saulenkratzschutz\/verletzungsschutz\/#breadcrumb\"},\"inLanguage\":\"de\",\"potentialAction\":[{\"@type\":\"ReadAction\",\"target\":[\"https:\/\/insulation.trocellen.com\/de\/anwendungen\/wand-und-saulenkratzschutz\/verletzungsschutz\/\"]}]},{\"@type\":\"ImageObject\",\"inLanguage\":\"de\",\"@id\":\"https:\/\/insulation.trocellen.com\/de\/anwendungen\/wand-und-saulenkratzschutz\/verletzungsschutz\/#primaryimage\",\"url\":\"https:\/\/insulation.trocellen.com\/wp-content\/uploads\/sites\/6\/2023\/05\/hit-protection.jpg\",\"contentUrl\":\"https:\/\/insulation.trocellen.com\/wp-content\/uploads\/sites\/6\/2023\/05\/hit-protection.jpg\",\"width\":1920,\"height\":300},{\"@type\":\"BreadcrumbList\",\"@id\":\"https:\/\/insulation.trocellen.com\/de\/anwendungen\/wand-und-saulenkratzschutz\/verletzungsschutz\/#breadcrumb\",\"itemListElement\":[{\"@type\":\"ListItem\",\"position\":1,\"name\":\"Home\",\"item\":\"https:\/\/insulation.trocellen.com\/de\/\"},{\"@type\":\"ListItem\",\"position\":2,\"name\":\"Anwendungen\",\"item\":\"https:\/\/insulation.trocellen.com\/de\/anwendungen\/\"},{\"@type\":\"ListItem\",\"position\":3,\"name\":\"Wand- und S\u00e4ulenkratzschutz\",\"item\":\"https:\/\/insulation.trocellen.com\/de\/anwendungen\/wand-und-saulenkratzschutz\/\"},{\"@type\":\"ListItem\",\"position\":4,\"name\":\"Verletzungsschutz\"}]},{\"@type\":\"WebSite\",\"@id\":\"https:\/\/insulation.trocellen.com\/de\/#website\",\"url\":\"https:\/\/insulation.trocellen.com\/de\/\",\"name\":\"Trocellen Insulation\",\"description\":\"\",\"potentialAction\":[{\"@type\":\"SearchAction\",\"target\":{\"@type\":\"EntryPoint\",\"urlTemplate\":\"https:\/\/insulation.trocellen.com\/de\/?s={search_term_string}\"},\"query-input\":{\"@type\":\"PropertyValueSpecification\",\"valueRequired\":true,\"valueName\":\"search_term_string\"}}],\"inLanguage\":\"de\"}]}<\/script>\n<!-- \/ Yoast SEO plugin. -->","yoast_head_json":{"title":"CarePad kann auch als Kopfschutz verwendet werden","description":"Unf\u00e4lle und Verletzungen k\u00f6nnen mit effektiven pers\u00f6nlichen Schutzprodukten von Trocellen vermieden oder minimiert werden.","robots":{"index":"index","follow":"follow","max-snippet":"max-snippet:-1","max-image-preview":"max-image-preview:large","max-video-preview":"max-video-preview:-1"},"canonical":"https:\/\/insulation.trocellen.com\/de\/anwendungen\/wand-und-saulenkratzschutz\/verletzungsschutz\/","og_locale":"de_DE","og_type":"article","og_title":"CarePad kann auch als Kopfschutz verwendet werden","og_description":"Unf\u00e4lle und Verletzungen k\u00f6nnen mit effektiven pers\u00f6nlichen Schutzprodukten von Trocellen vermieden oder minimiert werden.","og_url":"https:\/\/insulation.trocellen.com\/de\/anwendungen\/wand-und-saulenkratzschutz\/verletzungsschutz\/","og_site_name":"Trocellen Insulation","article_modified_time":"2023-07-10T12:35:51+00:00","og_image":[{"width":1920,"height":300,"url":"https:\/\/insulation.trocellen.com\/wp-content\/uploads\/sites\/6\/2023\/05\/hit-protection.jpg","type":"image\/jpeg"}],"twitter_card":"summary_large_image","twitter_misc":{"Gesch\u00e4tzte Lesezeit":"1\u00a0Minute"},"schema":{"@context":"https:\/\/schema.org","@graph":[{"@type":"WebPage","@id":"https:\/\/insulation.trocellen.com\/de\/anwendungen\/wand-und-saulenkratzschutz\/verletzungsschutz\/","url":"https:\/\/insulation.trocellen.com\/de\/anwendungen\/wand-und-saulenkratzschutz\/verletzungsschutz\/","name":"CarePad kann auch als Kopfschutz verwendet werden","isPartOf":{"@id":"https:\/\/insulation.trocellen.com\/de\/#website"},"primaryImageOfPage":{"@id":"https:\/\/insulation.trocellen.com\/de\/anwendungen\/wand-und-saulenkratzschutz\/verletzungsschutz\/#primaryimage"},"image":{"@id":"https:\/\/insulation.trocellen.com\/de\/anwendungen\/wand-und-saulenkratzschutz\/verletzungsschutz\/#primaryimage"},"thumbnailUrl":"https:\/\/insulation.trocellen.com\/wp-content\/uploads\/sites\/6\/2023\/05\/hit-protection.jpg","datePublished":"2013-12-12T17:27:37+00:00","dateModified":"2023-07-10T12:35:51+00:00","description":"Unf\u00e4lle und Verletzungen k\u00f6nnen mit effektiven pers\u00f6nlichen Schutzprodukten von Trocellen vermieden oder minimiert werden.","breadcrumb":{"@id":"https:\/\/insulation.trocellen.com\/de\/anwendungen\/wand-und-saulenkratzschutz\/verletzungsschutz\/#breadcrumb"},"inLanguage":"de","potentialAction":[{"@type":"ReadAction","target":["https:\/\/insulation.trocellen.com\/de\/anwendungen\/wand-und-saulenkratzschutz\/verletzungsschutz\/"]}]},{"@type":"ImageObject","inLanguage":"de","@id":"https:\/\/insulation.trocellen.com\/de\/anwendungen\/wand-und-saulenkratzschutz\/verletzungsschutz\/#primaryimage","url":"https:\/\/insulation.trocellen.com\/wp-content\/uploads\/sites\/6\/2023\/05\/hit-protection.jpg","contentUrl":"https:\/\/insulation.trocellen.com\/wp-content\/uploads\/sites\/6\/2023\/05\/hit-protection.jpg","width":1920,"height":300},{"@type":"BreadcrumbList","@id":"https:\/\/insulation.trocellen.com\/de\/anwendungen\/wand-und-saulenkratzschutz\/verletzungsschutz\/#breadcrumb","itemListElement":[{"@type":"ListItem","position":1,"name":"Home","item":"https:\/\/insulation.trocellen.com\/de\/"},{"@type":"ListItem","position":2,"name":"Anwendungen","item":"https:\/\/insulation.trocellen.com\/de\/anwendungen\/"},{"@type":"ListItem","position":3,"name":"Wand- und S\u00e4ulenkratzschutz","item":"https:\/\/insulation.trocellen.com\/de\/anwendungen\/wand-und-saulenkratzschutz\/"},{"@type":"ListItem","position":4,"name":"Verletzungsschutz"}]},{"@type":"WebSite","@id":"https:\/\/insulation.trocellen.com\/de\/#website","url":"https:\/\/insulation.trocellen.com\/de\/","name":"Trocellen Insulation","description":"","potentialAction":[{"@type":"SearchAction","target":{"@type":"EntryPoint","urlTemplate":"https:\/\/insulation.trocellen.com\/de\/?s={search_term_string}"},"query-input":{"@type":"PropertyValueSpecification","valueRequired":true,"valueName":"search_term_string"}}],"inLanguage":"de"}]}},"_links":{"self":[{"href":"https:\/\/insulation.trocellen.com\/de\/wp-json\/wp\/v2\/pages\/4230","targetHints":{"allow":["GET"]}}],"collection":[{"href":"https:\/\/insulation.trocellen.com\/de\/wp-json\/wp\/v2\/pages"}],"about":[{"href":"https:\/\/insulation.trocellen.com\/de\/wp-json\/wp\/v2\/types\/page"}],"author":[{"embeddable":true,"href":"https:\/\/insulation.trocellen.com\/de\/wp-json\/wp\/v2\/users\/1"}],"replies":[{"embeddable":true,"href":"https:\/\/insulation.trocellen.com\/de\/wp-json\/wp\/v2\/comments?post=4230"}],"version-history":[{"count":3,"href":"https:\/\/insulation.trocellen.com\/de\/wp-json\/wp\/v2\/pages\/4230\/revisions"}],"predecessor-version":[{"id":9850,"href":"https:\/\/insulation.trocellen.com\/de\/wp-json\/wp\/v2\/pages\/4230\/revisions\/9850"}],"up":[{"embeddable":true,"href":"https:\/\/insulation.trocellen.com\/de\/wp-json\/wp\/v2\/pages\/4128"}],"wp:featuredmedia":[{"embeddable":true,"href":"https:\/\/insulation.trocellen.com\/de\/wp-json\/wp\/v2\/media\/8887"}],"wp:attachment":[{"href":"https:\/\/insulation.trocellen.com\/de\/wp-json\/wp\/v2\/media?parent=4230"}],"curies":[{"name":"wp","href":"https:\/\/api.w.org\/{rel}","templated":true}]}}