{"id":4224,"date":"2013-12-12T17:27:17","date_gmt":"2013-12-12T17:27:17","guid":{"rendered":"https:\/\/insulation-new.trocellen.com\/carepad-industrial-fur-wande-saulen-und-kanten\/"},"modified":"2023-07-10T12:35:18","modified_gmt":"2023-07-10T12:35:18","slug":"carepad-industrial-fur-wande-saulen-und-kanten","status":"publish","type":"page","link":"https:\/\/insulation.trocellen.com\/de\/anwendungen\/wand-und-saulenkratzschutz\/carepad-industrial-fur-wande-saulen-und-kanten\/","title":{"rendered":"CarePad, Industrial f\u00fcr W\u00e4nde, S\u00e4ulen und Kanten"},"content":{"rendered":"\n<p>Bei diesem flexiblen CarePad handelt es sich um eine weiterentwickelte Version, da es einfach an S\u00e4ulen oder anderen Oberfl\u00e4chen mit gro\u00dfem Radius angebracht werden kann. Jeder besitzt wertvolle Gegenst\u00e4nde, die er dauerhaft sch\u00fctzen m\u00f6chte, wie Autos, Motorr\u00e4der, Fahrr\u00e4der oder andere Gegenst\u00e4nde. Sie vor Besch\u00e4digungen zu sch\u00fctzen ist eine gro\u00dfe Verantwortung. &nbsp;Der kleinste Kratzer auf dem Lack, die kleinste Delle an der Fahrzeugkarosserie kann zu hohen Verlusten des Marktwerts f\u00fchren, ganz zu schweigen von hohen Reparaturkosten oder dem Verlust des Versicherungsbonuses. Wir haben also guten Grund, unsere Wertsachen zu sch\u00fctzen und deren Unversehrtheit zu wahren. Eine Sekunde beim Einparken in der Garage nicht aufgepasst und schon ist nicht nur der Wagen besch\u00e4digt, sondern auch die Wand. Hinzu kommt nat\u00fcrlich noch das Verletzungsrisiko f\u00fcr den Menschen, das es in jedem Fall mit geeigneter Schutzausr\u00fcstung auszuschlie\u00dfen gilt.<\/p>\n\n\n\n<h2 class=\"wp-block-heading\">CarePad<\/h2>\n\n\n\n<ul class=\"wp-block-list\">\n<li>Schutz vor Unf\u00e4llen und Verletzungen<\/li>\n\n\n\n<li>Hohe Sicherheit an scharfen Kanten, Ecken, Treppen<\/li>\n\n\n\n<li>Gute Federung dank weicher Materialien<\/li>\n\n\n\n<li>einfache Klebebefestigung<\/li>\n<\/ul>\n\n\n\n<div class=\"wp-block-columns is-layout-flex wp-container-core-columns-is-layout-9d6595d7 wp-block-columns-is-layout-flex\">\n<div class=\"wp-block-column is-layout-flow wp-block-column-is-layout-flow\">\n<figure class=\"wp-block-image\"><img decoding=\"async\" src=\"https:\/\/insulation.trocellen.com\/wp-content\/uploads\/sites\/6\/2013\/12\/sarok-kivagas-300x225.jpg\" alt=\"sarok kivagas\" class=\"wp-image-96\"\/><\/figure>\n<\/div>\n\n\n\n<div class=\"wp-block-column is-layout-flow wp-block-column-is-layout-flow\">\n<figure class=\"wp-block-image\"><img decoding=\"async\" src=\"https:\/\/insulation.trocellen.com\/wp-content\/uploads\/sites\/6\/2013\/12\/FCS9354-300x199.jpg\" alt=\"_FCS9354\" class=\"wp-image-185\"\/><\/figure>\n<\/div>\n\n\n\n<div class=\"wp-block-column is-layout-flow wp-block-column-is-layout-flow\">\n<figure class=\"wp-block-image\"><img decoding=\"async\" src=\"https:\/\/insulation.trocellen.com\/wp-content\/uploads\/sites\/6\/2013\/12\/P1040772-copy_2-300x225.jpg\" alt=\"P1040772 copy_2\" class=\"wp-image-186\"\/><\/figure>\n<\/div>\n<\/div>\n\n\n\n<h3 class=\"wp-block-heading\">Vorteile<\/h3>\n\n\n\n<ul class=\"wp-block-list\">\n<li>Vielseitig: f\u00fcr S\u00e4ulen und Oberfl\u00e4chen mit gro\u00dfem Radius oder an Ecken<\/li>\n\n\n\n<li>Sto\u00dfd\u00e4mpfend, ausgezeichneter Schutz<\/li>\n\n\n\n<li>Einfache Anbringung \u2013 flexibel und geringes Gewicht<\/li>\n\n\n\n<li>Ma\u00dfgeschneiderte L\u00f6sungen vor Ort<\/li>\n\n\n\n<li>Optimales Preis-\/Leistungsverh\u00e4ltnis<\/li>\n\n\n\n<li>Sowohl f\u00fcr gewerbliche Zwecke als auch f\u00fcr den Hausgebrauch<\/li>\n<\/ul>\n\n\n\n<h3 class=\"wp-block-heading\">Eigenschaften<\/h3>\n\n\n\n<ul class=\"wp-block-list\">\n<li>Flexible Form durch vorgeschnittenes Material<\/li>\n\n\n\n<li>Sto\u00dffest<\/li>\n\n\n\n<li>Geruchloses Material &#8211; kein Geruch, kein Beschlagen<\/li>\n\n\n\n<li>Toxikologisch unbedenklich, FCKW-frei<\/li>\n\n\n\n<li>Dauerhafter Schutz gegen Schimmel-, Milben- und Bakterienbefall<\/li>\n\n\n\n<li>Hohe mechanische Stabilit\u00e4t und Widerstandsf\u00e4higkeit<\/li>\n\n\n\n<li>Einfache Reinigung<\/li>\n\n\n\n<li>Selbstklebend zur einfachen Anbringung<\/li>\n\n\n\n<li>Montagefertige Lieferung<\/li>\n<\/ul>\n\n\n\n<h3 class=\"wp-block-heading\">Materialspezifikation<\/h3>\n\n\n\n<ul class=\"wp-block-list\">\n<li>Material: chemisch vernetzter PE-Schaum, geschlossenzellig<\/li>\n\n\n\n<li>Dicke:&nbsp; 10 mm<\/li>\n\n\n\n<li>Ma\u00dfe: 300 x 390 mm<\/li>\n\n\n\n<li>Farbe: Grundfarbe gelb,&nbsp;weitere Farben auf Anfrage (z.&nbsp;B. schwarz-gelb gestreifte Folie)<\/li>\n\n\n\n<li>Verpackung: 2 St\u00fcck pro Karton,<\/li>\n<\/ul>\n","protected":false},"excerpt":{"rendered":"<p>Bei diesem flexiblen CarePad handelt es sich um eine weiterentwickelte Version, da es einfach an S\u00e4ulen oder anderen Oberfl\u00e4chen mit gro\u00dfem Radius angebracht werden kann. Jeder besitzt wertvolle Gegenst\u00e4nde, die er dauerhaft sch\u00fctzen m\u00f6chte, wie Autos, Motorr\u00e4der, Fahrr\u00e4der oder andere Gegenst\u00e4nde. Sie vor Besch\u00e4digungen zu sch\u00fctzen ist eine gro\u00dfe Verantwortung. &nbsp;Der kleinste Kratzer auf dem [&hellip;]<\/p>\n","protected":false},"author":1,"featured_media":8881,"parent":4128,"menu_order":200,"comment_status":"open","ping_status":"closed","template":"templates\/applications.php","meta":{"_acf_changed":false,"footnotes":""},"class_list":["post-4224","page","type-page","status-publish","has-post-thumbnail","hentry"],"acf":[],"yoast_head":"<!-- This site is optimized with the Yoast SEO plugin v23.5 - https:\/\/yoast.com\/wordpress\/plugins\/seo\/ -->\n<title>Industrielle Carepads f\u00fcr W\u00e4nde, S\u00e4ulen und Kanten<\/title>\n<meta name=\"description\" content=\"Dieses flexible CarePad ist eine weiterentwickelte Version, da es sich leicht auf S\u00e4ulen und Oberfl\u00e4chen mit hohem Radius anbringen l\u00e4sst.\" \/>\n<meta name=\"robots\" content=\"index, follow, max-snippet:-1, max-image-preview:large, max-video-preview:-1\" \/>\n<link rel=\"canonical\" href=\"https:\/\/insulation.trocellen.com\/de\/anwendungen\/wand-und-saulenkratzschutz\/carepad-industrial-fur-wande-saulen-und-kanten\/\" \/>\n<meta property=\"og:locale\" content=\"de_DE\" \/>\n<meta property=\"og:type\" content=\"article\" \/>\n<meta property=\"og:title\" content=\"Industrielle Carepads f\u00fcr W\u00e4nde, S\u00e4ulen und Kanten\" \/>\n<meta property=\"og:description\" content=\"Dieses flexible CarePad ist eine weiterentwickelte Version, da es sich leicht auf S\u00e4ulen und Oberfl\u00e4chen mit hohem Radius anbringen l\u00e4sst.\" \/>\n<meta property=\"og:url\" content=\"https:\/\/insulation.trocellen.com\/de\/anwendungen\/wand-und-saulenkratzschutz\/carepad-industrial-fur-wande-saulen-und-kanten\/\" \/>\n<meta property=\"og:site_name\" content=\"Trocellen Insulation\" \/>\n<meta property=\"article:modified_time\" content=\"2023-07-10T12:35:18+00:00\" \/>\n<meta property=\"og:image\" content=\"https:\/\/insulation.trocellen.com\/wp-content\/uploads\/sites\/6\/2023\/05\/carepad-fejlec.jpg\" \/>\n\t<meta property=\"og:image:width\" content=\"1920\" \/>\n\t<meta property=\"og:image:height\" content=\"300\" \/>\n\t<meta property=\"og:image:type\" content=\"image\/jpeg\" \/>\n<meta name=\"twitter:card\" content=\"summary_large_image\" \/>\n<meta name=\"twitter:label1\" content=\"Gesch\u00e4tzte Lesezeit\" \/>\n\t<meta name=\"twitter:data1\" content=\"2\u00a0Minuten\" \/>\n<script type=\"application\/ld+json\" class=\"yoast-schema-graph\">{\"@context\":\"https:\/\/schema.org\",\"@graph\":[{\"@type\":\"WebPage\",\"@id\":\"https:\/\/insulation.trocellen.com\/de\/anwendungen\/wand-und-saulenkratzschutz\/carepad-industrial-fur-wande-saulen-und-kanten\/\",\"url\":\"https:\/\/insulation.trocellen.com\/de\/anwendungen\/wand-und-saulenkratzschutz\/carepad-industrial-fur-wande-saulen-und-kanten\/\",\"name\":\"Industrielle Carepads f\u00fcr W\u00e4nde, S\u00e4ulen und Kanten\",\"isPartOf\":{\"@id\":\"https:\/\/insulation.trocellen.com\/de\/#website\"},\"primaryImageOfPage\":{\"@id\":\"https:\/\/insulation.trocellen.com\/de\/anwendungen\/wand-und-saulenkratzschutz\/carepad-industrial-fur-wande-saulen-und-kanten\/#primaryimage\"},\"image\":{\"@id\":\"https:\/\/insulation.trocellen.com\/de\/anwendungen\/wand-und-saulenkratzschutz\/carepad-industrial-fur-wande-saulen-und-kanten\/#primaryimage\"},\"thumbnailUrl\":\"https:\/\/insulation.trocellen.com\/wp-content\/uploads\/sites\/6\/2023\/05\/carepad-fejlec.jpg\",\"datePublished\":\"2013-12-12T17:27:17+00:00\",\"dateModified\":\"2023-07-10T12:35:18+00:00\",\"description\":\"Dieses flexible CarePad ist eine weiterentwickelte Version, da es sich leicht auf S\u00e4ulen und Oberfl\u00e4chen mit hohem Radius anbringen l\u00e4sst.\",\"breadcrumb\":{\"@id\":\"https:\/\/insulation.trocellen.com\/de\/anwendungen\/wand-und-saulenkratzschutz\/carepad-industrial-fur-wande-saulen-und-kanten\/#breadcrumb\"},\"inLanguage\":\"de\",\"potentialAction\":[{\"@type\":\"ReadAction\",\"target\":[\"https:\/\/insulation.trocellen.com\/de\/anwendungen\/wand-und-saulenkratzschutz\/carepad-industrial-fur-wande-saulen-und-kanten\/\"]}]},{\"@type\":\"ImageObject\",\"inLanguage\":\"de\",\"@id\":\"https:\/\/insulation.trocellen.com\/de\/anwendungen\/wand-und-saulenkratzschutz\/carepad-industrial-fur-wande-saulen-und-kanten\/#primaryimage\",\"url\":\"https:\/\/insulation.trocellen.com\/wp-content\/uploads\/sites\/6\/2023\/05\/carepad-fejlec.jpg\",\"contentUrl\":\"https:\/\/insulation.trocellen.com\/wp-content\/uploads\/sites\/6\/2023\/05\/carepad-fejlec.jpg\",\"width\":1920,\"height\":300},{\"@type\":\"BreadcrumbList\",\"@id\":\"https:\/\/insulation.trocellen.com\/de\/anwendungen\/wand-und-saulenkratzschutz\/carepad-industrial-fur-wande-saulen-und-kanten\/#breadcrumb\",\"itemListElement\":[{\"@type\":\"ListItem\",\"position\":1,\"name\":\"Home\",\"item\":\"https:\/\/insulation.trocellen.com\/de\/\"},{\"@type\":\"ListItem\",\"position\":2,\"name\":\"Anwendungen\",\"item\":\"https:\/\/insulation.trocellen.com\/de\/anwendungen\/\"},{\"@type\":\"ListItem\",\"position\":3,\"name\":\"Wand- und S\u00e4ulenkratzschutz\",\"item\":\"https:\/\/insulation.trocellen.com\/de\/anwendungen\/wand-und-saulenkratzschutz\/\"},{\"@type\":\"ListItem\",\"position\":4,\"name\":\"CarePad, Industrial f\u00fcr W\u00e4nde, S\u00e4ulen und Kanten\"}]},{\"@type\":\"WebSite\",\"@id\":\"https:\/\/insulation.trocellen.com\/de\/#website\",\"url\":\"https:\/\/insulation.trocellen.com\/de\/\",\"name\":\"Trocellen Insulation\",\"description\":\"\",\"potentialAction\":[{\"@type\":\"SearchAction\",\"target\":{\"@type\":\"EntryPoint\",\"urlTemplate\":\"https:\/\/insulation.trocellen.com\/de\/?s={search_term_string}\"},\"query-input\":{\"@type\":\"PropertyValueSpecification\",\"valueRequired\":true,\"valueName\":\"search_term_string\"}}],\"inLanguage\":\"de\"}]}<\/script>\n<!-- \/ Yoast SEO plugin. -->","yoast_head_json":{"title":"Industrielle Carepads f\u00fcr W\u00e4nde, S\u00e4ulen und Kanten","description":"Dieses flexible CarePad ist eine weiterentwickelte Version, da es sich leicht auf S\u00e4ulen und Oberfl\u00e4chen mit hohem Radius anbringen l\u00e4sst.","robots":{"index":"index","follow":"follow","max-snippet":"max-snippet:-1","max-image-preview":"max-image-preview:large","max-video-preview":"max-video-preview:-1"},"canonical":"https:\/\/insulation.trocellen.com\/de\/anwendungen\/wand-und-saulenkratzschutz\/carepad-industrial-fur-wande-saulen-und-kanten\/","og_locale":"de_DE","og_type":"article","og_title":"Industrielle Carepads f\u00fcr W\u00e4nde, S\u00e4ulen und Kanten","og_description":"Dieses flexible CarePad ist eine weiterentwickelte Version, da es sich leicht auf S\u00e4ulen und Oberfl\u00e4chen mit hohem Radius anbringen l\u00e4sst.","og_url":"https:\/\/insulation.trocellen.com\/de\/anwendungen\/wand-und-saulenkratzschutz\/carepad-industrial-fur-wande-saulen-und-kanten\/","og_site_name":"Trocellen Insulation","article_modified_time":"2023-07-10T12:35:18+00:00","og_image":[{"width":1920,"height":300,"url":"https:\/\/insulation.trocellen.com\/wp-content\/uploads\/sites\/6\/2023\/05\/carepad-fejlec.jpg","type":"image\/jpeg"}],"twitter_card":"summary_large_image","twitter_misc":{"Gesch\u00e4tzte Lesezeit":"2\u00a0Minuten"},"schema":{"@context":"https:\/\/schema.org","@graph":[{"@type":"WebPage","@id":"https:\/\/insulation.trocellen.com\/de\/anwendungen\/wand-und-saulenkratzschutz\/carepad-industrial-fur-wande-saulen-und-kanten\/","url":"https:\/\/insulation.trocellen.com\/de\/anwendungen\/wand-und-saulenkratzschutz\/carepad-industrial-fur-wande-saulen-und-kanten\/","name":"Industrielle Carepads f\u00fcr W\u00e4nde, S\u00e4ulen und Kanten","isPartOf":{"@id":"https:\/\/insulation.trocellen.com\/de\/#website"},"primaryImageOfPage":{"@id":"https:\/\/insulation.trocellen.com\/de\/anwendungen\/wand-und-saulenkratzschutz\/carepad-industrial-fur-wande-saulen-und-kanten\/#primaryimage"},"image":{"@id":"https:\/\/insulation.trocellen.com\/de\/anwendungen\/wand-und-saulenkratzschutz\/carepad-industrial-fur-wande-saulen-und-kanten\/#primaryimage"},"thumbnailUrl":"https:\/\/insulation.trocellen.com\/wp-content\/uploads\/sites\/6\/2023\/05\/carepad-fejlec.jpg","datePublished":"2013-12-12T17:27:17+00:00","dateModified":"2023-07-10T12:35:18+00:00","description":"Dieses flexible CarePad ist eine weiterentwickelte Version, da es sich leicht auf S\u00e4ulen und Oberfl\u00e4chen mit hohem Radius anbringen l\u00e4sst.","breadcrumb":{"@id":"https:\/\/insulation.trocellen.com\/de\/anwendungen\/wand-und-saulenkratzschutz\/carepad-industrial-fur-wande-saulen-und-kanten\/#breadcrumb"},"inLanguage":"de","potentialAction":[{"@type":"ReadAction","target":["https:\/\/insulation.trocellen.com\/de\/anwendungen\/wand-und-saulenkratzschutz\/carepad-industrial-fur-wande-saulen-und-kanten\/"]}]},{"@type":"ImageObject","inLanguage":"de","@id":"https:\/\/insulation.trocellen.com\/de\/anwendungen\/wand-und-saulenkratzschutz\/carepad-industrial-fur-wande-saulen-und-kanten\/#primaryimage","url":"https:\/\/insulation.trocellen.com\/wp-content\/uploads\/sites\/6\/2023\/05\/carepad-fejlec.jpg","contentUrl":"https:\/\/insulation.trocellen.com\/wp-content\/uploads\/sites\/6\/2023\/05\/carepad-fejlec.jpg","width":1920,"height":300},{"@type":"BreadcrumbList","@id":"https:\/\/insulation.trocellen.com\/de\/anwendungen\/wand-und-saulenkratzschutz\/carepad-industrial-fur-wande-saulen-und-kanten\/#breadcrumb","itemListElement":[{"@type":"ListItem","position":1,"name":"Home","item":"https:\/\/insulation.trocellen.com\/de\/"},{"@type":"ListItem","position":2,"name":"Anwendungen","item":"https:\/\/insulation.trocellen.com\/de\/anwendungen\/"},{"@type":"ListItem","position":3,"name":"Wand- und S\u00e4ulenkratzschutz","item":"https:\/\/insulation.trocellen.com\/de\/anwendungen\/wand-und-saulenkratzschutz\/"},{"@type":"ListItem","position":4,"name":"CarePad, Industrial f\u00fcr W\u00e4nde, S\u00e4ulen und Kanten"}]},{"@type":"WebSite","@id":"https:\/\/insulation.trocellen.com\/de\/#website","url":"https:\/\/insulation.trocellen.com\/de\/","name":"Trocellen Insulation","description":"","potentialAction":[{"@type":"SearchAction","target":{"@type":"EntryPoint","urlTemplate":"https:\/\/insulation.trocellen.com\/de\/?s={search_term_string}"},"query-input":{"@type":"PropertyValueSpecification","valueRequired":true,"valueName":"search_term_string"}}],"inLanguage":"de"}]}},"_links":{"self":[{"href":"https:\/\/insulation.trocellen.com\/de\/wp-json\/wp\/v2\/pages\/4224","targetHints":{"allow":["GET"]}}],"collection":[{"href":"https:\/\/insulation.trocellen.com\/de\/wp-json\/wp\/v2\/pages"}],"about":[{"href":"https:\/\/insulation.trocellen.com\/de\/wp-json\/wp\/v2\/types\/page"}],"author":[{"embeddable":true,"href":"https:\/\/insulation.trocellen.com\/de\/wp-json\/wp\/v2\/users\/1"}],"replies":[{"embeddable":true,"href":"https:\/\/insulation.trocellen.com\/de\/wp-json\/wp\/v2\/comments?post=4224"}],"version-history":[{"count":2,"href":"https:\/\/insulation.trocellen.com\/de\/wp-json\/wp\/v2\/pages\/4224\/revisions"}],"predecessor-version":[{"id":9849,"href":"https:\/\/insulation.trocellen.com\/de\/wp-json\/wp\/v2\/pages\/4224\/revisions\/9849"}],"up":[{"embeddable":true,"href":"https:\/\/insulation.trocellen.com\/de\/wp-json\/wp\/v2\/pages\/4128"}],"wp:featuredmedia":[{"embeddable":true,"href":"https:\/\/insulation.trocellen.com\/de\/wp-json\/wp\/v2\/media\/8881"}],"wp:attachment":[{"href":"https:\/\/insulation.trocellen.com\/de\/wp-json\/wp\/v2\/media?parent=4224"}],"curies":[{"name":"wp","href":"https:\/\/api.w.org\/{rel}","templated":true}]}}