{"id":4218,"date":"2013-12-12T17:27:07","date_gmt":"2013-12-12T17:27:07","guid":{"rendered":"https:\/\/insulation-new.trocellen.com\/carepad-fur-zuhause\/"},"modified":"2023-07-10T12:33:38","modified_gmt":"2023-07-10T12:33:38","slug":"carepad-fur-zuhause","status":"publish","type":"page","link":"https:\/\/insulation.trocellen.com\/de\/anwendungen\/wand-und-saulenkratzschutz\/carepad-fur-zuhause\/","title":{"rendered":"Carepad \u2013 f\u00fcr Zuhause"},"content":{"rendered":"\n<figure class=\"wp-block-image\"><a href=\"https:\/\/insulation.trocellen.com\/wp-content\/uploads\/sites\/6\/2013\/12\/carepad-photo-1.jpg\" rel=\"attachment wp-att-1306\"><img decoding=\"async\" src=\"https:\/\/insulation.trocellen.com\/wp-content\/uploads\/sites\/6\/2013\/12\/carepad-photo-1-1024x490.jpg\" alt=\"carepad-photo\" class=\"wp-image-1306\"\/><\/a><\/figure>\n\n\n\n<p>Jeder besitzt wertvolle Gegenst\u00e4nde, die er dauerhaft sch\u00fctzen m\u00f6chte, wie Autos, Motorr\u00e4der, Fahrr\u00e4der oder andere Gegenst\u00e4nde. Sie vor Besch\u00e4digungen zu sch\u00fctzen ist eine gro\u00dfe Verantwortung.<\/p>\n\n\n\n<p>Der kleinste Kratzer auf dem Lack, die kleinste Delle an der Fahrzeugkarosserie kann zu hohen Verlusten des Marktwerts f\u00fchren, ganz zu schweigen von hohen Reparaturkosten oder dem Verlust des Versicherungsbonuses. Wir haben also guten Grund, unsere Wertsachen zu sch\u00fctzen und deren Unversehrtheit zu wahren.<\/p>\n\n\n\n<p>Eine Sekunde beim Einparken in der Garage nicht aufgepasst und schon ist nicht nur der Wagen besch\u00e4digt, sondern auch die Wand.<\/p>\n\n\n\n<p>Hinzu kommt nat\u00fcrlich noch das Verletzungsrisiko f\u00fcr den Menschen, das es in jedem Fall mit geeigneter Schutzausr\u00fcstung auszuschlie\u00dfen gilt.<\/p>\n\n\n\n<h2 class=\"wp-block-heading\">Dichten<\/h2>\n\n\n\n<ul class=\"wp-block-list\">\n<li>Vernetzter Polyethylenschaumstoff<\/li>\n\n\n\n<li>Dicke: &nbsp; 10-15 mm<\/li>\n\n\n\n<li>In verschiedenen Gr\u00f6\u00dfen erh\u00e4ltlich<\/li>\n\n\n\n<li>Auf Anfrage in unterschiedlichsten Dichten und als Rollenware erh\u00e4ltlich.<\/li>\n\n\n\n<li>F\u00fcr W\u00e4nde, S\u00e4ulen, T\u00fcren, Privatgaragen, Tiefgaragen usw.<\/li>\n<\/ul>\n\n\n\n<figure class=\"wp-block-table\"><table><tbody><tr><td><a href=\"https:\/\/insulation.trocellen.com\/wp-content\/uploads\/sites\/6\/2013\/12\/carepad2-1.jpg\" rel=\"attachment wp-att-1310\"><img loading=\"lazy\" decoding=\"async\" class=\"alignnone size-medium wp-image-1310\" src=\"https:\/\/insulation.trocellen.com\/wp-content\/uploads\/sites\/6\/2013\/12\/carepad2-1-300x201.jpg\" alt=\"carepad2\" width=\"300\" height=\"201\"><\/a><\/td><td><a href=\"https:\/\/insulation.trocellen.com\/wp-content\/uploads\/sites\/6\/2013\/12\/carepad-motor.jpg\" rel=\"attachment wp-att-1313\"><img loading=\"lazy\" decoding=\"async\" class=\"alignnone size-medium wp-image-1313\" src=\"https:\/\/insulation.trocellen.com\/wp-content\/uploads\/sites\/6\/2013\/12\/carepad-motor-300x200.jpg\" alt=\"carepad motor\" width=\"300\" height=\"200\"><\/a><\/td><\/tr><\/tbody><\/table><\/figure>\n\n\n\n<h2 class=\"wp-block-heading\">Anwendung<\/h2>\n\n\n\n<ul class=\"wp-block-list\">\n<li>Oberschicht der Selbstklebefolie abziehen und CarePad auf die gereinigte Garagenwand kleben.<\/li>\n\n\n\n<li>Anwendungstemperaturen:&nbsp; -40&nbsp;\u00b0C bis +70&nbsp;\u00b0C auf schmutz- und staubfreier Oberfl\u00e4che<\/li>\n<\/ul>\n\n\n\n<h2 class=\"wp-block-heading\">Eigenschaften<\/h2>\n\n\n\n<ul class=\"wp-block-list\">\n<li>Selbstklebend f\u00fcr einfache Anbringung<\/li>\n\n\n\n<li>Geringes Gewicht\/einfacher Transport<\/li>\n\n\n\n<li>Flexibel<\/li>\n\n\n\n<li>Sehr starke Haftung<\/li>\n\n\n\n<li>Gute, mechanische Widerstandsf\u00e4higkeit<\/li>\n\n\n\n<li>Formstabil<\/li>\n\n\n\n<li>Wasserabweisend<\/li>\n\n\n\n<li>Toxikologisch unbedenklich<\/li>\n\n\n\n<li>Umweltfreundlich<\/li>\n\n\n\n<li>Optisch ansprechend<\/li>\n\n\n\n<li>Auf Anfrage in verschiedenen Farben erh\u00e4ltlich<\/li>\n\n\n\n<li>Personalisierbar durch Logoaufdruck<\/li>\n<\/ul>\n\n\n\n<figure class=\"wp-block-table\"><table><tbody><tr><td><a href=\"https:\/\/insulation.trocellen.com\/wp-content\/uploads\/sites\/6\/2013\/12\/carepad3-1.jpg\" rel=\"attachment wp-att-1317\"><img loading=\"lazy\" decoding=\"async\" class=\"alignnone size-medium wp-image-1317\" src=\"https:\/\/insulation.trocellen.com\/wp-content\/uploads\/sites\/6\/2013\/12\/carepad3-1-300x199.jpg\" alt=\"carepad3\" width=\"300\" height=\"199\"><\/a><\/td><td><a href=\"https:\/\/insulation.trocellen.com\/wp-content\/uploads\/sites\/6\/2013\/12\/carepad4-1.jpg\" rel=\"attachment wp-att-1318\"><img loading=\"lazy\" decoding=\"async\" class=\"alignnone size-medium wp-image-1318\" src=\"https:\/\/insulation.trocellen.com\/wp-content\/uploads\/sites\/6\/2013\/12\/carepad4-1-300x200.jpg\" alt=\"carepad4\" width=\"300\" height=\"200\"><\/a><\/td><\/tr><\/tbody><\/table><\/figure>\n","protected":false},"excerpt":{"rendered":"<p>Jeder besitzt wertvolle Gegenst\u00e4nde, die er dauerhaft sch\u00fctzen m\u00f6chte, wie Autos, Motorr\u00e4der, Fahrr\u00e4der oder andere Gegenst\u00e4nde. Sie vor Besch\u00e4digungen zu sch\u00fctzen ist eine gro\u00dfe Verantwortung. Der kleinste Kratzer auf dem Lack, die kleinste Delle an der Fahrzeugkarosserie kann zu hohen Verlusten des Marktwerts f\u00fchren, ganz zu schweigen von hohen Reparaturkosten oder dem Verlust des Versicherungsbonuses. [&hellip;]<\/p>\n","protected":false},"author":1,"featured_media":8881,"parent":4128,"menu_order":100,"comment_status":"open","ping_status":"closed","template":"templates\/applications.php","meta":{"_acf_changed":false,"footnotes":""},"class_list":["post-4218","page","type-page","status-publish","has-post-thumbnail","hentry"],"acf":[],"yoast_head":"<!-- This site is optimized with the Yoast SEO plugin v23.5 - https:\/\/yoast.com\/wordpress\/plugins\/seo\/ -->\n<title>Sch\u00fctzen Sie Ihr Auto und Ihre Garage mit Carepad!<\/title>\n<meta name=\"description\" content=\"An W\u00e4nden, S\u00e4ulen, T\u00fcren und Garagen nutzbar. Einfach die selbstklebende Folie abziehen und das Carepad auf die gereinigte Wand kleben.\" \/>\n<meta name=\"robots\" content=\"index, follow, max-snippet:-1, max-image-preview:large, max-video-preview:-1\" \/>\n<link rel=\"canonical\" href=\"https:\/\/insulation.trocellen.com\/de\/anwendungen\/wand-und-saulenkratzschutz\/carepad-fur-zuhause\/\" \/>\n<meta property=\"og:locale\" content=\"de_DE\" \/>\n<meta property=\"og:type\" content=\"article\" \/>\n<meta property=\"og:title\" content=\"Sch\u00fctzen Sie Ihr Auto und Ihre Garage mit Carepad!\" \/>\n<meta property=\"og:description\" content=\"An W\u00e4nden, S\u00e4ulen, T\u00fcren und Garagen nutzbar. Einfach die selbstklebende Folie abziehen und das Carepad auf die gereinigte Wand kleben.\" \/>\n<meta property=\"og:url\" content=\"https:\/\/insulation.trocellen.com\/de\/anwendungen\/wand-und-saulenkratzschutz\/carepad-fur-zuhause\/\" \/>\n<meta property=\"og:site_name\" content=\"Trocellen Insulation\" \/>\n<meta property=\"article:modified_time\" content=\"2023-07-10T12:33:38+00:00\" \/>\n<meta property=\"og:image\" content=\"https:\/\/insulation.trocellen.com\/wp-content\/uploads\/sites\/6\/2023\/05\/carepad-fejlec.jpg\" \/>\n\t<meta property=\"og:image:width\" content=\"1920\" \/>\n\t<meta property=\"og:image:height\" content=\"300\" \/>\n\t<meta property=\"og:image:type\" content=\"image\/jpeg\" \/>\n<meta name=\"twitter:card\" content=\"summary_large_image\" \/>\n<meta name=\"twitter:label1\" content=\"Gesch\u00e4tzte Lesezeit\" \/>\n\t<meta name=\"twitter:data1\" content=\"2\u00a0Minuten\" \/>\n<script type=\"application\/ld+json\" class=\"yoast-schema-graph\">{\"@context\":\"https:\/\/schema.org\",\"@graph\":[{\"@type\":\"WebPage\",\"@id\":\"https:\/\/insulation.trocellen.com\/de\/anwendungen\/wand-und-saulenkratzschutz\/carepad-fur-zuhause\/\",\"url\":\"https:\/\/insulation.trocellen.com\/de\/anwendungen\/wand-und-saulenkratzschutz\/carepad-fur-zuhause\/\",\"name\":\"Sch\u00fctzen Sie Ihr Auto und Ihre Garage mit Carepad!\",\"isPartOf\":{\"@id\":\"https:\/\/insulation.trocellen.com\/de\/#website\"},\"primaryImageOfPage\":{\"@id\":\"https:\/\/insulation.trocellen.com\/de\/anwendungen\/wand-und-saulenkratzschutz\/carepad-fur-zuhause\/#primaryimage\"},\"image\":{\"@id\":\"https:\/\/insulation.trocellen.com\/de\/anwendungen\/wand-und-saulenkratzschutz\/carepad-fur-zuhause\/#primaryimage\"},\"thumbnailUrl\":\"https:\/\/insulation.trocellen.com\/wp-content\/uploads\/sites\/6\/2023\/05\/carepad-fejlec.jpg\",\"datePublished\":\"2013-12-12T17:27:07+00:00\",\"dateModified\":\"2023-07-10T12:33:38+00:00\",\"description\":\"An W\u00e4nden, S\u00e4ulen, T\u00fcren und Garagen nutzbar. Einfach die selbstklebende Folie abziehen und das Carepad auf die gereinigte Wand kleben.\",\"breadcrumb\":{\"@id\":\"https:\/\/insulation.trocellen.com\/de\/anwendungen\/wand-und-saulenkratzschutz\/carepad-fur-zuhause\/#breadcrumb\"},\"inLanguage\":\"de\",\"potentialAction\":[{\"@type\":\"ReadAction\",\"target\":[\"https:\/\/insulation.trocellen.com\/de\/anwendungen\/wand-und-saulenkratzschutz\/carepad-fur-zuhause\/\"]}]},{\"@type\":\"ImageObject\",\"inLanguage\":\"de\",\"@id\":\"https:\/\/insulation.trocellen.com\/de\/anwendungen\/wand-und-saulenkratzschutz\/carepad-fur-zuhause\/#primaryimage\",\"url\":\"https:\/\/insulation.trocellen.com\/wp-content\/uploads\/sites\/6\/2023\/05\/carepad-fejlec.jpg\",\"contentUrl\":\"https:\/\/insulation.trocellen.com\/wp-content\/uploads\/sites\/6\/2023\/05\/carepad-fejlec.jpg\",\"width\":1920,\"height\":300},{\"@type\":\"BreadcrumbList\",\"@id\":\"https:\/\/insulation.trocellen.com\/de\/anwendungen\/wand-und-saulenkratzschutz\/carepad-fur-zuhause\/#breadcrumb\",\"itemListElement\":[{\"@type\":\"ListItem\",\"position\":1,\"name\":\"Home\",\"item\":\"https:\/\/insulation.trocellen.com\/de\/\"},{\"@type\":\"ListItem\",\"position\":2,\"name\":\"Anwendungen\",\"item\":\"https:\/\/insulation.trocellen.com\/de\/anwendungen\/\"},{\"@type\":\"ListItem\",\"position\":3,\"name\":\"Wand- und S\u00e4ulenkratzschutz\",\"item\":\"https:\/\/insulation.trocellen.com\/de\/anwendungen\/wand-und-saulenkratzschutz\/\"},{\"@type\":\"ListItem\",\"position\":4,\"name\":\"Carepad \u2013 f\u00fcr Zuhause\"}]},{\"@type\":\"WebSite\",\"@id\":\"https:\/\/insulation.trocellen.com\/de\/#website\",\"url\":\"https:\/\/insulation.trocellen.com\/de\/\",\"name\":\"Trocellen Insulation\",\"description\":\"\",\"potentialAction\":[{\"@type\":\"SearchAction\",\"target\":{\"@type\":\"EntryPoint\",\"urlTemplate\":\"https:\/\/insulation.trocellen.com\/de\/?s={search_term_string}\"},\"query-input\":{\"@type\":\"PropertyValueSpecification\",\"valueRequired\":true,\"valueName\":\"search_term_string\"}}],\"inLanguage\":\"de\"}]}<\/script>\n<!-- \/ Yoast SEO plugin. -->","yoast_head_json":{"title":"Sch\u00fctzen Sie Ihr Auto und Ihre Garage mit Carepad!","description":"An W\u00e4nden, S\u00e4ulen, T\u00fcren und Garagen nutzbar. Einfach die selbstklebende Folie abziehen und das Carepad auf die gereinigte Wand kleben.","robots":{"index":"index","follow":"follow","max-snippet":"max-snippet:-1","max-image-preview":"max-image-preview:large","max-video-preview":"max-video-preview:-1"},"canonical":"https:\/\/insulation.trocellen.com\/de\/anwendungen\/wand-und-saulenkratzschutz\/carepad-fur-zuhause\/","og_locale":"de_DE","og_type":"article","og_title":"Sch\u00fctzen Sie Ihr Auto und Ihre Garage mit Carepad!","og_description":"An W\u00e4nden, S\u00e4ulen, T\u00fcren und Garagen nutzbar. Einfach die selbstklebende Folie abziehen und das Carepad auf die gereinigte Wand kleben.","og_url":"https:\/\/insulation.trocellen.com\/de\/anwendungen\/wand-und-saulenkratzschutz\/carepad-fur-zuhause\/","og_site_name":"Trocellen Insulation","article_modified_time":"2023-07-10T12:33:38+00:00","og_image":[{"width":1920,"height":300,"url":"https:\/\/insulation.trocellen.com\/wp-content\/uploads\/sites\/6\/2023\/05\/carepad-fejlec.jpg","type":"image\/jpeg"}],"twitter_card":"summary_large_image","twitter_misc":{"Gesch\u00e4tzte Lesezeit":"2\u00a0Minuten"},"schema":{"@context":"https:\/\/schema.org","@graph":[{"@type":"WebPage","@id":"https:\/\/insulation.trocellen.com\/de\/anwendungen\/wand-und-saulenkratzschutz\/carepad-fur-zuhause\/","url":"https:\/\/insulation.trocellen.com\/de\/anwendungen\/wand-und-saulenkratzschutz\/carepad-fur-zuhause\/","name":"Sch\u00fctzen Sie Ihr Auto und Ihre Garage mit Carepad!","isPartOf":{"@id":"https:\/\/insulation.trocellen.com\/de\/#website"},"primaryImageOfPage":{"@id":"https:\/\/insulation.trocellen.com\/de\/anwendungen\/wand-und-saulenkratzschutz\/carepad-fur-zuhause\/#primaryimage"},"image":{"@id":"https:\/\/insulation.trocellen.com\/de\/anwendungen\/wand-und-saulenkratzschutz\/carepad-fur-zuhause\/#primaryimage"},"thumbnailUrl":"https:\/\/insulation.trocellen.com\/wp-content\/uploads\/sites\/6\/2023\/05\/carepad-fejlec.jpg","datePublished":"2013-12-12T17:27:07+00:00","dateModified":"2023-07-10T12:33:38+00:00","description":"An W\u00e4nden, S\u00e4ulen, T\u00fcren und Garagen nutzbar. Einfach die selbstklebende Folie abziehen und das Carepad auf die gereinigte Wand kleben.","breadcrumb":{"@id":"https:\/\/insulation.trocellen.com\/de\/anwendungen\/wand-und-saulenkratzschutz\/carepad-fur-zuhause\/#breadcrumb"},"inLanguage":"de","potentialAction":[{"@type":"ReadAction","target":["https:\/\/insulation.trocellen.com\/de\/anwendungen\/wand-und-saulenkratzschutz\/carepad-fur-zuhause\/"]}]},{"@type":"ImageObject","inLanguage":"de","@id":"https:\/\/insulation.trocellen.com\/de\/anwendungen\/wand-und-saulenkratzschutz\/carepad-fur-zuhause\/#primaryimage","url":"https:\/\/insulation.trocellen.com\/wp-content\/uploads\/sites\/6\/2023\/05\/carepad-fejlec.jpg","contentUrl":"https:\/\/insulation.trocellen.com\/wp-content\/uploads\/sites\/6\/2023\/05\/carepad-fejlec.jpg","width":1920,"height":300},{"@type":"BreadcrumbList","@id":"https:\/\/insulation.trocellen.com\/de\/anwendungen\/wand-und-saulenkratzschutz\/carepad-fur-zuhause\/#breadcrumb","itemListElement":[{"@type":"ListItem","position":1,"name":"Home","item":"https:\/\/insulation.trocellen.com\/de\/"},{"@type":"ListItem","position":2,"name":"Anwendungen","item":"https:\/\/insulation.trocellen.com\/de\/anwendungen\/"},{"@type":"ListItem","position":3,"name":"Wand- und S\u00e4ulenkratzschutz","item":"https:\/\/insulation.trocellen.com\/de\/anwendungen\/wand-und-saulenkratzschutz\/"},{"@type":"ListItem","position":4,"name":"Carepad \u2013 f\u00fcr Zuhause"}]},{"@type":"WebSite","@id":"https:\/\/insulation.trocellen.com\/de\/#website","url":"https:\/\/insulation.trocellen.com\/de\/","name":"Trocellen Insulation","description":"","potentialAction":[{"@type":"SearchAction","target":{"@type":"EntryPoint","urlTemplate":"https:\/\/insulation.trocellen.com\/de\/?s={search_term_string}"},"query-input":{"@type":"PropertyValueSpecification","valueRequired":true,"valueName":"search_term_string"}}],"inLanguage":"de"}]}},"_links":{"self":[{"href":"https:\/\/insulation.trocellen.com\/de\/wp-json\/wp\/v2\/pages\/4218","targetHints":{"allow":["GET"]}}],"collection":[{"href":"https:\/\/insulation.trocellen.com\/de\/wp-json\/wp\/v2\/pages"}],"about":[{"href":"https:\/\/insulation.trocellen.com\/de\/wp-json\/wp\/v2\/types\/page"}],"author":[{"embeddable":true,"href":"https:\/\/insulation.trocellen.com\/de\/wp-json\/wp\/v2\/users\/1"}],"replies":[{"embeddable":true,"href":"https:\/\/insulation.trocellen.com\/de\/wp-json\/wp\/v2\/comments?post=4218"}],"version-history":[{"count":2,"href":"https:\/\/insulation.trocellen.com\/de\/wp-json\/wp\/v2\/pages\/4218\/revisions"}],"predecessor-version":[{"id":9848,"href":"https:\/\/insulation.trocellen.com\/de\/wp-json\/wp\/v2\/pages\/4218\/revisions\/9848"}],"up":[{"embeddable":true,"href":"https:\/\/insulation.trocellen.com\/de\/wp-json\/wp\/v2\/pages\/4128"}],"wp:featuredmedia":[{"embeddable":true,"href":"https:\/\/insulation.trocellen.com\/de\/wp-json\/wp\/v2\/media\/8881"}],"wp:attachment":[{"href":"https:\/\/insulation.trocellen.com\/de\/wp-json\/wp\/v2\/media?parent=4218"}],"curies":[{"name":"wp","href":"https:\/\/api.w.org\/{rel}","templated":true}]}}