{"id":4212,"date":"2013-12-12T17:26:32","date_gmt":"2013-12-12T17:26:32","guid":{"rendered":"https:\/\/insulation-new.trocellen.com\/airsilent\/"},"modified":"2023-07-10T12:23:10","modified_gmt":"2023-07-10T12:23:10","slug":"airsilent","status":"publish","type":"page","link":"https:\/\/insulation.trocellen.com\/de\/anwendungen\/schalldammung-fur-abflussleitungen\/airsilent\/","title":{"rendered":"Airsilent"},"content":{"rendered":"<p>Wir sind t\u00e4glich von unterschiedlichsten Ger\u00e4uschquellen umgeben. Trocellen entwickelt kontinuierlich Schaumstoffl\u00f6sungen zur hervorragenden W\u00e4rme- und Schalld\u00e4mmung.<\/p>\n<h2>Das Produkt<\/h2>\n<p>Flexibler, offenzelliger Polyurethanschaumstoff auf Polyesterbasis zur Schalld\u00e4mmung. F\u00fcr die Verwendung im Au\u00dfenbereich kann Airsilent optisch ansprechend quader- oder pyramidenf\u00f6rmig zugeschnitten werden.<\/p>\n<h3>Physikalische und thermische Eigenschaften<\/h3>\n<p><a href=\"https:\/\/insulation.trocellen.com\/wp-content\/uploads\/sites\/6\/2013\/12\/Airsilent_gamma-completa_small.jpg\" rel=\"attachment wp-att-978\"><img loading=\"lazy\" decoding=\"async\" class=\"size-full wp-image-978 alignright\" src=\"https:\/\/insulation.trocellen.com\/wp-content\/uploads\/sites\/6\/2013\/12\/Airsilent_gamma-completa_small.jpg\" alt=\"Airsilent_gamma-completa_small\" width=\"150\" height=\"100\"><\/a><\/p>\n<ul>\n<li>Dichte: 25-30 kg\/m\u00b3<\/li>\n<li>Farbe: Anthrazit<\/li>\n<li>Einheitliche Zellstruktur<\/li>\n<li>Hoher Luftstr\u00f6mungswiderstand und dadurch verbesserte D\u00e4mmeigenschaften<\/li>\n<li>H\u00f6here Hysterese und verminderte Elastizit\u00e4t f\u00fcr erh\u00f6hte Schald\u00e4mmung<\/li>\n<li>Gute Best\u00e4ndigkeit gegen organische L\u00f6sungsmittel<\/li>\n<li>Dehnungsarm und rei\u00dffest<\/li>\n<li>Robust<\/li>\n<li>Temperaturbest\u00e4ndigkeit von -20 \u00b0C bis +120 \u00b0C<\/li>\n<\/ul>\n<h3>Produktpalette<\/h3>\n<h4>Airsilent flach:<\/h4>\n<ul>\n<li>Typ K \u2013 anthrazitfarben<\/li>\n<li>Typ KP \u2013 einseitig aufkaschiert mit schwarzer PO-Pr\u00e4gefolie<\/li>\n<li>Typ AL- einseitig aufkaschiert mit metallischer PO-Pr\u00e4gefolie<\/li>\n<li>Typ K-ALU- einseitig aufkaschiert mit perforiertem Aluminium<\/li>\n<li>Erh\u00e4ltlich in verschiedenen Dicken und Rollenl\u00e4ngen<\/li>\n<li>Die schwarze oder metallische Deckfolie dient dem Schutz des Produkts vor Staub und Feuchtigkeit und bietet so mit eine l\u00e4ngere Lebensdauer.<\/li>\n<\/ul>\n<p><img loading=\"lazy\" decoding=\"async\" class=\"size-thumbnail wp-image-144 alignright\" src=\"https:\/\/insulation.trocellen.com\/wp-content\/uploads\/sites\/6\/2013\/12\/airsilent2-150x150.jpg\" alt=\"airsilent2\" width=\"150\" height=\"150\"><\/p>\n<h4>Airsilent eierkartonf\u00f6rmig:<\/h4>\n<ul>\n<li>Typ K &#8211; anthrazitfarben<\/li>\n<li>Erh\u00e4ltlich in verschiedenen Dicken und Rollenl\u00e4ngen<\/li>\n<li>Dicke 40 mm , erh\u00e4ltlich in 1,00 x 2,00 m Bahnen<\/li>\n<\/ul>\n","protected":false},"excerpt":{"rendered":"<p>Wir sind t\u00e4glich von unterschiedlichsten Ger\u00e4uschquellen umgeben. Trocellen entwickelt kontinuierlich Schaumstoffl\u00f6sungen zur hervorragenden W\u00e4rme- und Schalld\u00e4mmung. Das Produkt Flexibler, offenzelliger Polyurethanschaumstoff auf Polyesterbasis zur Schalld\u00e4mmung. F\u00fcr die Verwendung im Au\u00dfenbereich kann Airsilent optisch ansprechend quader- oder pyramidenf\u00f6rmig zugeschnitten werden. Physikalische und thermische Eigenschaften Dichte: 25-30 kg\/m\u00b3 Farbe: Anthrazit Einheitliche Zellstruktur Hoher Luftstr\u00f6mungswiderstand und dadurch verbesserte [&hellip;]<\/p>\n","protected":false},"author":1,"featured_media":8848,"parent":4122,"menu_order":400,"comment_status":"open","ping_status":"closed","template":"templates\/applications.php","meta":{"_acf_changed":false,"footnotes":""},"class_list":["post-4212","page","type-page","status-publish","has-post-thumbnail","hentry"],"acf":[],"yoast_head":"<!-- This site is optimized with the Yoast SEO plugin v23.5 - https:\/\/yoast.com\/wordpress\/plugins\/seo\/ -->\n<title>Trocellen Airsilent f\u00fcr professionelle Schalld\u00e4mmung<\/title>\n<meta name=\"description\" content=\"Airsilent ist ein flexibler, offenzelliger PE-Schaumstoff auf Polyesterbasis zur Schalld\u00e4mmung. Seine Pyramidenform dient auch als \u00e4sthetisches Feature.\" \/>\n<meta name=\"robots\" content=\"index, follow, max-snippet:-1, max-image-preview:large, max-video-preview:-1\" \/>\n<link rel=\"canonical\" href=\"https:\/\/insulation.trocellen.com\/de\/anwendungen\/schalldammung-fur-abflussleitungen\/airsilent\/\" \/>\n<meta property=\"og:locale\" content=\"de_DE\" \/>\n<meta property=\"og:type\" content=\"article\" \/>\n<meta property=\"og:title\" content=\"Trocellen Airsilent f\u00fcr professionelle Schalld\u00e4mmung\" \/>\n<meta property=\"og:description\" content=\"Airsilent ist ein flexibler, offenzelliger PE-Schaumstoff auf Polyesterbasis zur Schalld\u00e4mmung. Seine Pyramidenform dient auch als \u00e4sthetisches Feature.\" \/>\n<meta property=\"og:url\" content=\"https:\/\/insulation.trocellen.com\/de\/anwendungen\/schalldammung-fur-abflussleitungen\/airsilent\/\" \/>\n<meta property=\"og:site_name\" content=\"Trocellen Insulation\" \/>\n<meta property=\"article:modified_time\" content=\"2023-07-10T12:23:10+00:00\" \/>\n<meta property=\"og:image\" content=\"https:\/\/insulation.trocellen.com\/wp-content\/uploads\/sites\/6\/2023\/05\/drain-pipe-fejlec.jpg\" \/>\n\t<meta property=\"og:image:width\" content=\"1920\" \/>\n\t<meta property=\"og:image:height\" content=\"300\" \/>\n\t<meta property=\"og:image:type\" content=\"image\/jpeg\" \/>\n<meta name=\"twitter:card\" content=\"summary_large_image\" \/>\n<meta name=\"twitter:label1\" content=\"Gesch\u00e4tzte Lesezeit\" \/>\n\t<meta name=\"twitter:data1\" content=\"2\u00a0Minuten\" \/>\n<script type=\"application\/ld+json\" class=\"yoast-schema-graph\">{\"@context\":\"https:\/\/schema.org\",\"@graph\":[{\"@type\":\"WebPage\",\"@id\":\"https:\/\/insulation.trocellen.com\/de\/anwendungen\/schalldammung-fur-abflussleitungen\/airsilent\/\",\"url\":\"https:\/\/insulation.trocellen.com\/de\/anwendungen\/schalldammung-fur-abflussleitungen\/airsilent\/\",\"name\":\"Trocellen Airsilent f\u00fcr professionelle Schalld\u00e4mmung\",\"isPartOf\":{\"@id\":\"https:\/\/insulation.trocellen.com\/de\/#website\"},\"primaryImageOfPage\":{\"@id\":\"https:\/\/insulation.trocellen.com\/de\/anwendungen\/schalldammung-fur-abflussleitungen\/airsilent\/#primaryimage\"},\"image\":{\"@id\":\"https:\/\/insulation.trocellen.com\/de\/anwendungen\/schalldammung-fur-abflussleitungen\/airsilent\/#primaryimage\"},\"thumbnailUrl\":\"https:\/\/insulation.trocellen.com\/wp-content\/uploads\/sites\/6\/2023\/05\/drain-pipe-fejlec.jpg\",\"datePublished\":\"2013-12-12T17:26:32+00:00\",\"dateModified\":\"2023-07-10T12:23:10+00:00\",\"description\":\"Airsilent ist ein flexibler, offenzelliger PE-Schaumstoff auf Polyesterbasis zur Schalld\u00e4mmung. Seine Pyramidenform dient auch als \u00e4sthetisches Feature.\",\"breadcrumb\":{\"@id\":\"https:\/\/insulation.trocellen.com\/de\/anwendungen\/schalldammung-fur-abflussleitungen\/airsilent\/#breadcrumb\"},\"inLanguage\":\"de\",\"potentialAction\":[{\"@type\":\"ReadAction\",\"target\":[\"https:\/\/insulation.trocellen.com\/de\/anwendungen\/schalldammung-fur-abflussleitungen\/airsilent\/\"]}]},{\"@type\":\"ImageObject\",\"inLanguage\":\"de\",\"@id\":\"https:\/\/insulation.trocellen.com\/de\/anwendungen\/schalldammung-fur-abflussleitungen\/airsilent\/#primaryimage\",\"url\":\"https:\/\/insulation.trocellen.com\/wp-content\/uploads\/sites\/6\/2023\/05\/drain-pipe-fejlec.jpg\",\"contentUrl\":\"https:\/\/insulation.trocellen.com\/wp-content\/uploads\/sites\/6\/2023\/05\/drain-pipe-fejlec.jpg\",\"width\":1920,\"height\":300},{\"@type\":\"BreadcrumbList\",\"@id\":\"https:\/\/insulation.trocellen.com\/de\/anwendungen\/schalldammung-fur-abflussleitungen\/airsilent\/#breadcrumb\",\"itemListElement\":[{\"@type\":\"ListItem\",\"position\":1,\"name\":\"Home\",\"item\":\"https:\/\/insulation.trocellen.com\/de\/\"},{\"@type\":\"ListItem\",\"position\":2,\"name\":\"Anwendungen\",\"item\":\"https:\/\/insulation.trocellen.com\/de\/anwendungen\/\"},{\"@type\":\"ListItem\",\"position\":3,\"name\":\"Schalld\u00e4mmung f\u00fcr Abflussleitungen\",\"item\":\"https:\/\/insulation.trocellen.com\/de\/anwendungen\/schalldammung-fur-abflussleitungen\/\"},{\"@type\":\"ListItem\",\"position\":4,\"name\":\"Airsilent\"}]},{\"@type\":\"WebSite\",\"@id\":\"https:\/\/insulation.trocellen.com\/de\/#website\",\"url\":\"https:\/\/insulation.trocellen.com\/de\/\",\"name\":\"Trocellen Insulation\",\"description\":\"\",\"potentialAction\":[{\"@type\":\"SearchAction\",\"target\":{\"@type\":\"EntryPoint\",\"urlTemplate\":\"https:\/\/insulation.trocellen.com\/de\/?s={search_term_string}\"},\"query-input\":{\"@type\":\"PropertyValueSpecification\",\"valueRequired\":true,\"valueName\":\"search_term_string\"}}],\"inLanguage\":\"de\"}]}<\/script>\n<!-- \/ Yoast SEO plugin. -->","yoast_head_json":{"title":"Trocellen Airsilent f\u00fcr professionelle Schalld\u00e4mmung","description":"Airsilent ist ein flexibler, offenzelliger PE-Schaumstoff auf Polyesterbasis zur Schalld\u00e4mmung. Seine Pyramidenform dient auch als \u00e4sthetisches Feature.","robots":{"index":"index","follow":"follow","max-snippet":"max-snippet:-1","max-image-preview":"max-image-preview:large","max-video-preview":"max-video-preview:-1"},"canonical":"https:\/\/insulation.trocellen.com\/de\/anwendungen\/schalldammung-fur-abflussleitungen\/airsilent\/","og_locale":"de_DE","og_type":"article","og_title":"Trocellen Airsilent f\u00fcr professionelle Schalld\u00e4mmung","og_description":"Airsilent ist ein flexibler, offenzelliger PE-Schaumstoff auf Polyesterbasis zur Schalld\u00e4mmung. Seine Pyramidenform dient auch als \u00e4sthetisches Feature.","og_url":"https:\/\/insulation.trocellen.com\/de\/anwendungen\/schalldammung-fur-abflussleitungen\/airsilent\/","og_site_name":"Trocellen Insulation","article_modified_time":"2023-07-10T12:23:10+00:00","og_image":[{"width":1920,"height":300,"url":"https:\/\/insulation.trocellen.com\/wp-content\/uploads\/sites\/6\/2023\/05\/drain-pipe-fejlec.jpg","type":"image\/jpeg"}],"twitter_card":"summary_large_image","twitter_misc":{"Gesch\u00e4tzte Lesezeit":"2\u00a0Minuten"},"schema":{"@context":"https:\/\/schema.org","@graph":[{"@type":"WebPage","@id":"https:\/\/insulation.trocellen.com\/de\/anwendungen\/schalldammung-fur-abflussleitungen\/airsilent\/","url":"https:\/\/insulation.trocellen.com\/de\/anwendungen\/schalldammung-fur-abflussleitungen\/airsilent\/","name":"Trocellen Airsilent f\u00fcr professionelle Schalld\u00e4mmung","isPartOf":{"@id":"https:\/\/insulation.trocellen.com\/de\/#website"},"primaryImageOfPage":{"@id":"https:\/\/insulation.trocellen.com\/de\/anwendungen\/schalldammung-fur-abflussleitungen\/airsilent\/#primaryimage"},"image":{"@id":"https:\/\/insulation.trocellen.com\/de\/anwendungen\/schalldammung-fur-abflussleitungen\/airsilent\/#primaryimage"},"thumbnailUrl":"https:\/\/insulation.trocellen.com\/wp-content\/uploads\/sites\/6\/2023\/05\/drain-pipe-fejlec.jpg","datePublished":"2013-12-12T17:26:32+00:00","dateModified":"2023-07-10T12:23:10+00:00","description":"Airsilent ist ein flexibler, offenzelliger PE-Schaumstoff auf Polyesterbasis zur Schalld\u00e4mmung. Seine Pyramidenform dient auch als \u00e4sthetisches Feature.","breadcrumb":{"@id":"https:\/\/insulation.trocellen.com\/de\/anwendungen\/schalldammung-fur-abflussleitungen\/airsilent\/#breadcrumb"},"inLanguage":"de","potentialAction":[{"@type":"ReadAction","target":["https:\/\/insulation.trocellen.com\/de\/anwendungen\/schalldammung-fur-abflussleitungen\/airsilent\/"]}]},{"@type":"ImageObject","inLanguage":"de","@id":"https:\/\/insulation.trocellen.com\/de\/anwendungen\/schalldammung-fur-abflussleitungen\/airsilent\/#primaryimage","url":"https:\/\/insulation.trocellen.com\/wp-content\/uploads\/sites\/6\/2023\/05\/drain-pipe-fejlec.jpg","contentUrl":"https:\/\/insulation.trocellen.com\/wp-content\/uploads\/sites\/6\/2023\/05\/drain-pipe-fejlec.jpg","width":1920,"height":300},{"@type":"BreadcrumbList","@id":"https:\/\/insulation.trocellen.com\/de\/anwendungen\/schalldammung-fur-abflussleitungen\/airsilent\/#breadcrumb","itemListElement":[{"@type":"ListItem","position":1,"name":"Home","item":"https:\/\/insulation.trocellen.com\/de\/"},{"@type":"ListItem","position":2,"name":"Anwendungen","item":"https:\/\/insulation.trocellen.com\/de\/anwendungen\/"},{"@type":"ListItem","position":3,"name":"Schalld\u00e4mmung f\u00fcr Abflussleitungen","item":"https:\/\/insulation.trocellen.com\/de\/anwendungen\/schalldammung-fur-abflussleitungen\/"},{"@type":"ListItem","position":4,"name":"Airsilent"}]},{"@type":"WebSite","@id":"https:\/\/insulation.trocellen.com\/de\/#website","url":"https:\/\/insulation.trocellen.com\/de\/","name":"Trocellen Insulation","description":"","potentialAction":[{"@type":"SearchAction","target":{"@type":"EntryPoint","urlTemplate":"https:\/\/insulation.trocellen.com\/de\/?s={search_term_string}"},"query-input":{"@type":"PropertyValueSpecification","valueRequired":true,"valueName":"search_term_string"}}],"inLanguage":"de"}]}},"_links":{"self":[{"href":"https:\/\/insulation.trocellen.com\/de\/wp-json\/wp\/v2\/pages\/4212","targetHints":{"allow":["GET"]}}],"collection":[{"href":"https:\/\/insulation.trocellen.com\/de\/wp-json\/wp\/v2\/pages"}],"about":[{"href":"https:\/\/insulation.trocellen.com\/de\/wp-json\/wp\/v2\/types\/page"}],"author":[{"embeddable":true,"href":"https:\/\/insulation.trocellen.com\/de\/wp-json\/wp\/v2\/users\/1"}],"replies":[{"embeddable":true,"href":"https:\/\/insulation.trocellen.com\/de\/wp-json\/wp\/v2\/comments?post=4212"}],"version-history":[{"count":1,"href":"https:\/\/insulation.trocellen.com\/de\/wp-json\/wp\/v2\/pages\/4212\/revisions"}],"predecessor-version":[{"id":9837,"href":"https:\/\/insulation.trocellen.com\/de\/wp-json\/wp\/v2\/pages\/4212\/revisions\/9837"}],"up":[{"embeddable":true,"href":"https:\/\/insulation.trocellen.com\/de\/wp-json\/wp\/v2\/pages\/4122"}],"wp:featuredmedia":[{"embeddable":true,"href":"https:\/\/insulation.trocellen.com\/de\/wp-json\/wp\/v2\/media\/8848"}],"wp:attachment":[{"href":"https:\/\/insulation.trocellen.com\/de\/wp-json\/wp\/v2\/media?parent=4212"}],"curies":[{"name":"wp","href":"https:\/\/api.w.org\/{rel}","templated":true}]}}