{"id":4206,"date":"2013-12-12T17:26:20","date_gmt":"2013-12-12T17:26:20","guid":{"rendered":"https:\/\/insulation-new.trocellen.com\/isolmass-11-2\/"},"modified":"2024-04-08T11:50:44","modified_gmt":"2024-04-08T11:50:44","slug":"isolmass-11","status":"publish","type":"page","link":"https:\/\/insulation.trocellen.com\/de\/anwendungen\/schalldammung-fur-abflussleitungen\/isolmass-11\/","title":{"rendered":"Isolmass 11"},"content":{"rendered":"<p>Isolmass ist eine alternative L\u00f6sung zur Schalld\u00e4mmung. Isolmass wurde von Trocellen f\u00fcr Kunden entwickelt, die bei der Schalld\u00e4mmung auf bleihaltige Produkte verzichten m\u00f6chten.<\/p>\n<p>Bei Isolmass-Produkten handelt es sich um Trocellen-Schaumstoffe mit einer Polyolefin-Schwerschicht, die mit flexiblen, robusten und schalld\u00e4mmenden Materialien aufkaschiert werden.<\/p>\n<h3>Vorteile der PO-Schwerschicht gegen\u00fcber Blei<\/h3>\n<ul>\n<li>Toxikologisch unbedenklich<\/li>\n<li>Gute Verbindung zu Trocellen-Schaumstoffen, vollst\u00e4ndig wiederverwertbar<\/li>\n<li>Rollenbreite&nbsp; &gt;&nbsp;1m<\/li>\n<\/ul>\n<h2>Isolmass 11<\/h2>\n<h4>Zusammenzetzung:<\/h4>\n<ul>\n<li>PE-Schaumstoffschicht (schwingungsd\u00e4mpfend) 3 mm dick<\/li>\n<li>Schwerschicht 4 kg\/m\u00b2 schwer<\/li>\n<li>offenzellige PU-Schicht, Ausgangsdicke 12 mm (schallabsorbierend)<\/li>\n<\/ul>\n<h4>Anwendungsbereiche:<\/h4>\n<ul>\n<li>Luftschalld\u00e4mmung f\u00fcr Fallrohre<\/li>\n<li>Schalld\u00e4mmung f\u00fcr W\u00e4nde<\/li>\n<\/ul>\n","protected":false},"excerpt":{"rendered":"<p>Isolmass ist eine alternative L\u00f6sung zur Schalld\u00e4mmung. Isolmass wurde von Trocellen f\u00fcr Kunden entwickelt, die bei der Schalld\u00e4mmung auf bleihaltige Produkte verzichten m\u00f6chten. Bei Isolmass-Produkten handelt es sich um Trocellen-Schaumstoffe mit einer Polyolefin-Schwerschicht, die mit flexiblen, robusten und schalld\u00e4mmenden Materialien aufkaschiert werden. Vorteile der PO-Schwerschicht gegen\u00fcber Blei Toxikologisch unbedenklich Gute Verbindung zu Trocellen-Schaumstoffen, vollst\u00e4ndig wiederverwertbar [&hellip;]<\/p>\n","protected":false},"author":1,"featured_media":0,"parent":4122,"menu_order":300,"comment_status":"open","ping_status":"closed","template":"templates\/applications.php","meta":{"_acf_changed":false,"footnotes":""},"class_list":["post-4206","page","type-page","status-publish","hentry"],"acf":[],"yoast_head":"<!-- This site is optimized with the Yoast SEO plugin v23.5 - https:\/\/yoast.com\/wordpress\/plugins\/seo\/ -->\n<title>Isolmass 11 ist eine bleifreie L\u00f6sung zur Schallabsorption<\/title>\n<meta name=\"description\" content=\"Die mehrschichtigen Trocellen-Isolmass-Schaumstoffe haben eine schwere Polyolefin-Schicht und flexible, elastische und schallabsorbierende Materialien.\" \/>\n<meta name=\"robots\" content=\"index, follow, max-snippet:-1, max-image-preview:large, max-video-preview:-1\" \/>\n<link rel=\"canonical\" href=\"https:\/\/insulation.trocellen.com\/de\/anwendungen\/schalldammung-fur-abflussleitungen\/isolmass-11\/\" \/>\n<meta property=\"og:locale\" content=\"de_DE\" \/>\n<meta property=\"og:type\" content=\"article\" \/>\n<meta property=\"og:title\" content=\"Isolmass 11 ist eine bleifreie L\u00f6sung zur Schallabsorption\" \/>\n<meta property=\"og:description\" content=\"Die mehrschichtigen Trocellen-Isolmass-Schaumstoffe haben eine schwere Polyolefin-Schicht und flexible, elastische und schallabsorbierende Materialien.\" \/>\n<meta property=\"og:url\" content=\"https:\/\/insulation.trocellen.com\/de\/anwendungen\/schalldammung-fur-abflussleitungen\/isolmass-11\/\" \/>\n<meta property=\"og:site_name\" content=\"Trocellen Insulation\" \/>\n<meta property=\"article:modified_time\" content=\"2024-04-08T11:50:44+00:00\" \/>\n<meta name=\"twitter:card\" content=\"summary_large_image\" \/>\n<meta name=\"twitter:label1\" content=\"Gesch\u00e4tzte Lesezeit\" \/>\n\t<meta name=\"twitter:data1\" content=\"1\u00a0Minute\" \/>\n<script type=\"application\/ld+json\" class=\"yoast-schema-graph\">{\"@context\":\"https:\/\/schema.org\",\"@graph\":[{\"@type\":\"WebPage\",\"@id\":\"https:\/\/insulation.trocellen.com\/de\/anwendungen\/schalldammung-fur-abflussleitungen\/isolmass-11\/\",\"url\":\"https:\/\/insulation.trocellen.com\/de\/anwendungen\/schalldammung-fur-abflussleitungen\/isolmass-11\/\",\"name\":\"Isolmass 11 ist eine bleifreie L\u00f6sung zur Schallabsorption\",\"isPartOf\":{\"@id\":\"https:\/\/insulation.trocellen.com\/de\/#website\"},\"datePublished\":\"2013-12-12T17:26:20+00:00\",\"dateModified\":\"2024-04-08T11:50:44+00:00\",\"description\":\"Die mehrschichtigen Trocellen-Isolmass-Schaumstoffe haben eine schwere Polyolefin-Schicht und flexible, elastische und schallabsorbierende Materialien.\",\"breadcrumb\":{\"@id\":\"https:\/\/insulation.trocellen.com\/de\/anwendungen\/schalldammung-fur-abflussleitungen\/isolmass-11\/#breadcrumb\"},\"inLanguage\":\"de\",\"potentialAction\":[{\"@type\":\"ReadAction\",\"target\":[\"https:\/\/insulation.trocellen.com\/de\/anwendungen\/schalldammung-fur-abflussleitungen\/isolmass-11\/\"]}]},{\"@type\":\"BreadcrumbList\",\"@id\":\"https:\/\/insulation.trocellen.com\/de\/anwendungen\/schalldammung-fur-abflussleitungen\/isolmass-11\/#breadcrumb\",\"itemListElement\":[{\"@type\":\"ListItem\",\"position\":1,\"name\":\"Home\",\"item\":\"https:\/\/insulation.trocellen.com\/de\/\"},{\"@type\":\"ListItem\",\"position\":2,\"name\":\"Anwendungen\",\"item\":\"https:\/\/insulation.trocellen.com\/de\/anwendungen\/\"},{\"@type\":\"ListItem\",\"position\":3,\"name\":\"Schalld\u00e4mmung f\u00fcr Abflussleitungen\",\"item\":\"https:\/\/insulation.trocellen.com\/de\/anwendungen\/schalldammung-fur-abflussleitungen\/\"},{\"@type\":\"ListItem\",\"position\":4,\"name\":\"Isolmass 11\"}]},{\"@type\":\"WebSite\",\"@id\":\"https:\/\/insulation.trocellen.com\/de\/#website\",\"url\":\"https:\/\/insulation.trocellen.com\/de\/\",\"name\":\"Trocellen Insulation\",\"description\":\"\",\"potentialAction\":[{\"@type\":\"SearchAction\",\"target\":{\"@type\":\"EntryPoint\",\"urlTemplate\":\"https:\/\/insulation.trocellen.com\/de\/?s={search_term_string}\"},\"query-input\":{\"@type\":\"PropertyValueSpecification\",\"valueRequired\":true,\"valueName\":\"search_term_string\"}}],\"inLanguage\":\"de\"}]}<\/script>\n<!-- \/ Yoast SEO plugin. -->","yoast_head_json":{"title":"Isolmass 11 ist eine bleifreie L\u00f6sung zur Schallabsorption","description":"Die mehrschichtigen Trocellen-Isolmass-Schaumstoffe haben eine schwere Polyolefin-Schicht und flexible, elastische und schallabsorbierende Materialien.","robots":{"index":"index","follow":"follow","max-snippet":"max-snippet:-1","max-image-preview":"max-image-preview:large","max-video-preview":"max-video-preview:-1"},"canonical":"https:\/\/insulation.trocellen.com\/de\/anwendungen\/schalldammung-fur-abflussleitungen\/isolmass-11\/","og_locale":"de_DE","og_type":"article","og_title":"Isolmass 11 ist eine bleifreie L\u00f6sung zur Schallabsorption","og_description":"Die mehrschichtigen Trocellen-Isolmass-Schaumstoffe haben eine schwere Polyolefin-Schicht und flexible, elastische und schallabsorbierende Materialien.","og_url":"https:\/\/insulation.trocellen.com\/de\/anwendungen\/schalldammung-fur-abflussleitungen\/isolmass-11\/","og_site_name":"Trocellen Insulation","article_modified_time":"2024-04-08T11:50:44+00:00","twitter_card":"summary_large_image","twitter_misc":{"Gesch\u00e4tzte Lesezeit":"1\u00a0Minute"},"schema":{"@context":"https:\/\/schema.org","@graph":[{"@type":"WebPage","@id":"https:\/\/insulation.trocellen.com\/de\/anwendungen\/schalldammung-fur-abflussleitungen\/isolmass-11\/","url":"https:\/\/insulation.trocellen.com\/de\/anwendungen\/schalldammung-fur-abflussleitungen\/isolmass-11\/","name":"Isolmass 11 ist eine bleifreie L\u00f6sung zur Schallabsorption","isPartOf":{"@id":"https:\/\/insulation.trocellen.com\/de\/#website"},"datePublished":"2013-12-12T17:26:20+00:00","dateModified":"2024-04-08T11:50:44+00:00","description":"Die mehrschichtigen Trocellen-Isolmass-Schaumstoffe haben eine schwere Polyolefin-Schicht und flexible, elastische und schallabsorbierende Materialien.","breadcrumb":{"@id":"https:\/\/insulation.trocellen.com\/de\/anwendungen\/schalldammung-fur-abflussleitungen\/isolmass-11\/#breadcrumb"},"inLanguage":"de","potentialAction":[{"@type":"ReadAction","target":["https:\/\/insulation.trocellen.com\/de\/anwendungen\/schalldammung-fur-abflussleitungen\/isolmass-11\/"]}]},{"@type":"BreadcrumbList","@id":"https:\/\/insulation.trocellen.com\/de\/anwendungen\/schalldammung-fur-abflussleitungen\/isolmass-11\/#breadcrumb","itemListElement":[{"@type":"ListItem","position":1,"name":"Home","item":"https:\/\/insulation.trocellen.com\/de\/"},{"@type":"ListItem","position":2,"name":"Anwendungen","item":"https:\/\/insulation.trocellen.com\/de\/anwendungen\/"},{"@type":"ListItem","position":3,"name":"Schalld\u00e4mmung f\u00fcr Abflussleitungen","item":"https:\/\/insulation.trocellen.com\/de\/anwendungen\/schalldammung-fur-abflussleitungen\/"},{"@type":"ListItem","position":4,"name":"Isolmass 11"}]},{"@type":"WebSite","@id":"https:\/\/insulation.trocellen.com\/de\/#website","url":"https:\/\/insulation.trocellen.com\/de\/","name":"Trocellen Insulation","description":"","potentialAction":[{"@type":"SearchAction","target":{"@type":"EntryPoint","urlTemplate":"https:\/\/insulation.trocellen.com\/de\/?s={search_term_string}"},"query-input":{"@type":"PropertyValueSpecification","valueRequired":true,"valueName":"search_term_string"}}],"inLanguage":"de"}]}},"_links":{"self":[{"href":"https:\/\/insulation.trocellen.com\/de\/wp-json\/wp\/v2\/pages\/4206","targetHints":{"allow":["GET"]}}],"collection":[{"href":"https:\/\/insulation.trocellen.com\/de\/wp-json\/wp\/v2\/pages"}],"about":[{"href":"https:\/\/insulation.trocellen.com\/de\/wp-json\/wp\/v2\/types\/page"}],"author":[{"embeddable":true,"href":"https:\/\/insulation.trocellen.com\/de\/wp-json\/wp\/v2\/users\/1"}],"replies":[{"embeddable":true,"href":"https:\/\/insulation.trocellen.com\/de\/wp-json\/wp\/v2\/comments?post=4206"}],"version-history":[{"count":4,"href":"https:\/\/insulation.trocellen.com\/de\/wp-json\/wp\/v2\/pages\/4206\/revisions"}],"predecessor-version":[{"id":10732,"href":"https:\/\/insulation.trocellen.com\/de\/wp-json\/wp\/v2\/pages\/4206\/revisions\/10732"}],"up":[{"embeddable":true,"href":"https:\/\/insulation.trocellen.com\/de\/wp-json\/wp\/v2\/pages\/4122"}],"wp:attachment":[{"href":"https:\/\/insulation.trocellen.com\/de\/wp-json\/wp\/v2\/media?parent=4206"}],"curies":[{"name":"wp","href":"https:\/\/api.w.org\/{rel}","templated":true}]}}