{"id":4194,"date":"2013-12-12T17:21:35","date_gmt":"2013-12-12T17:21:35","guid":{"rendered":"https:\/\/insulation-new.trocellen.com\/isolmass-fur-leichtbauwande-und-boden\/"},"modified":"2023-12-15T13:00:04","modified_gmt":"2023-12-15T13:00:04","slug":"isolmass-fur-leichtbauwande-und-boden","status":"publish","type":"page","link":"https:\/\/insulation.trocellen.com\/de\/anwendungen\/schalldammung-fur-wande-und-dacher\/isolmass-fur-leichtbauwande-und-boden\/","title":{"rendered":"Isolmass f\u00fcr Leichtbauw\u00e4nde und -b\u00f6den"},"content":{"rendered":"<p>Isolmass ist eine alternative L\u00f6sung zur Schalld\u00e4mmung und wurde von Trocellen f\u00fcr Kunden entwickelt, die bei der Schalld\u00e4mmung auf bleihaltige Produkte verzichten m\u00f6chten.<\/p>\n<p>Bei Isolmass-Produkten handelt es sich um Trocellen-Schaumstoffe mit einer Polyolefin-Schwerschicht, die mit flexiblen, robusten und schalld\u00e4mmende Materialien aufkaschiert werden.<\/p>\n<h3>Vorteile der PO-Schwerschicht gegen\u00fcber Blei<\/h3>\n<ul>\n<li>Toxikologisch unbedenklich<\/li>\n<li>Gute Verbindung zu Trocellen-Schaumstoffen, vollst\u00e4ndig wiederverwertbar<\/li>\n<li>Rollenbreite&nbsp; &gt;&nbsp;1m<\/li>\n<\/ul>\n<h2>Isolmass f\u00fcr Leichtbauw\u00e4nde und -b\u00f6den<\/h2>\n<p>Wir bieten unterschiedliche Kombil\u00f6sungen zur t\u00e4glichen Verwendung im Baugewerbe: Schwerschicht+ robuste Trocellen Matten<\/p>\n","protected":false},"excerpt":{"rendered":"<p>Isolmass ist eine alternative L\u00f6sung zur Schalld\u00e4mmung und wurde von Trocellen f\u00fcr Kunden entwickelt, die bei der Schalld\u00e4mmung auf bleihaltige Produkte verzichten m\u00f6chten. Bei Isolmass-Produkten handelt es sich um Trocellen-Schaumstoffe mit einer Polyolefin-Schwerschicht, die mit flexiblen, robusten und schalld\u00e4mmende Materialien aufkaschiert werden. Vorteile der PO-Schwerschicht gegen\u00fcber Blei Toxikologisch unbedenklich Gute Verbindung zu Trocellen-Schaumstoffen, vollst\u00e4ndig wiederverwertbar [&hellip;]<\/p>\n","protected":false},"author":1,"featured_media":0,"parent":4116,"menu_order":500,"comment_status":"open","ping_status":"closed","template":"templates\/applications.php","meta":{"_acf_changed":false,"footnotes":""},"class_list":["post-4194","page","type-page","status-publish","hentry"],"acf":[],"yoast_head":"<!-- This site is optimized with the Yoast SEO plugin v23.5 - https:\/\/yoast.com\/wordpress\/plugins\/seo\/ -->\n<title>Isolmass f\u00fcr die ideale Schalld\u00e4mmung von Bauw\u00e4nden<\/title>\n<meta name=\"description\" content=\"Das Isolmass-Portfolio bietet verschiedene professionelle Akustikl\u00f6sungen f\u00fcr den Bausektor: schwerer Bezug + elastische Trocellenmatten\" \/>\n<meta name=\"robots\" content=\"index, follow, max-snippet:-1, max-image-preview:large, max-video-preview:-1\" \/>\n<link rel=\"canonical\" href=\"https:\/\/insulation.trocellen.com\/de\/anwendungen\/schalldammung-fur-wande-und-dacher\/isolmass-fur-leichtbauwande-und-boden\/\" \/>\n<meta property=\"og:locale\" content=\"de_DE\" \/>\n<meta property=\"og:type\" content=\"article\" \/>\n<meta property=\"og:title\" content=\"Isolmass f\u00fcr die ideale Schalld\u00e4mmung von Bauw\u00e4nden\" \/>\n<meta property=\"og:description\" content=\"Das Isolmass-Portfolio bietet verschiedene professionelle Akustikl\u00f6sungen f\u00fcr den Bausektor: schwerer Bezug + elastische Trocellenmatten\" \/>\n<meta property=\"og:url\" content=\"https:\/\/insulation.trocellen.com\/de\/anwendungen\/schalldammung-fur-wande-und-dacher\/isolmass-fur-leichtbauwande-und-boden\/\" \/>\n<meta property=\"og:site_name\" content=\"Trocellen Insulation\" \/>\n<meta property=\"article:modified_time\" content=\"2023-12-15T13:00:04+00:00\" \/>\n<meta name=\"twitter:card\" content=\"summary_large_image\" \/>\n<meta name=\"twitter:label1\" content=\"Gesch\u00e4tzte Lesezeit\" \/>\n\t<meta name=\"twitter:data1\" content=\"1\u00a0Minute\" \/>\n<script type=\"application\/ld+json\" class=\"yoast-schema-graph\">{\"@context\":\"https:\/\/schema.org\",\"@graph\":[{\"@type\":\"WebPage\",\"@id\":\"https:\/\/insulation.trocellen.com\/de\/anwendungen\/schalldammung-fur-wande-und-dacher\/isolmass-fur-leichtbauwande-und-boden\/\",\"url\":\"https:\/\/insulation.trocellen.com\/de\/anwendungen\/schalldammung-fur-wande-und-dacher\/isolmass-fur-leichtbauwande-und-boden\/\",\"name\":\"Isolmass f\u00fcr die ideale Schalld\u00e4mmung von Bauw\u00e4nden\",\"isPartOf\":{\"@id\":\"https:\/\/insulation.trocellen.com\/de\/#website\"},\"datePublished\":\"2013-12-12T17:21:35+00:00\",\"dateModified\":\"2023-12-15T13:00:04+00:00\",\"description\":\"Das Isolmass-Portfolio bietet verschiedene professionelle Akustikl\u00f6sungen f\u00fcr den Bausektor: schwerer Bezug + elastische Trocellenmatten\",\"breadcrumb\":{\"@id\":\"https:\/\/insulation.trocellen.com\/de\/anwendungen\/schalldammung-fur-wande-und-dacher\/isolmass-fur-leichtbauwande-und-boden\/#breadcrumb\"},\"inLanguage\":\"de\",\"potentialAction\":[{\"@type\":\"ReadAction\",\"target\":[\"https:\/\/insulation.trocellen.com\/de\/anwendungen\/schalldammung-fur-wande-und-dacher\/isolmass-fur-leichtbauwande-und-boden\/\"]}]},{\"@type\":\"BreadcrumbList\",\"@id\":\"https:\/\/insulation.trocellen.com\/de\/anwendungen\/schalldammung-fur-wande-und-dacher\/isolmass-fur-leichtbauwande-und-boden\/#breadcrumb\",\"itemListElement\":[{\"@type\":\"ListItem\",\"position\":1,\"name\":\"Home\",\"item\":\"https:\/\/insulation.trocellen.com\/de\/\"},{\"@type\":\"ListItem\",\"position\":2,\"name\":\"Anwendungen\",\"item\":\"https:\/\/insulation.trocellen.com\/de\/anwendungen\/\"},{\"@type\":\"ListItem\",\"position\":3,\"name\":\"Schalld\u00e4mmung f\u00fcr W\u00e4nde und D\u00e4cher\",\"item\":\"https:\/\/insulation.trocellen.com\/de\/anwendungen\/schalldammung-fur-wande-und-dacher\/\"},{\"@type\":\"ListItem\",\"position\":4,\"name\":\"Isolmass f\u00fcr Leichtbauw\u00e4nde und -b\u00f6den\"}]},{\"@type\":\"WebSite\",\"@id\":\"https:\/\/insulation.trocellen.com\/de\/#website\",\"url\":\"https:\/\/insulation.trocellen.com\/de\/\",\"name\":\"Trocellen Insulation\",\"description\":\"\",\"potentialAction\":[{\"@type\":\"SearchAction\",\"target\":{\"@type\":\"EntryPoint\",\"urlTemplate\":\"https:\/\/insulation.trocellen.com\/de\/?s={search_term_string}\"},\"query-input\":{\"@type\":\"PropertyValueSpecification\",\"valueRequired\":true,\"valueName\":\"search_term_string\"}}],\"inLanguage\":\"de\"}]}<\/script>\n<!-- \/ Yoast SEO plugin. -->","yoast_head_json":{"title":"Isolmass f\u00fcr die ideale Schalld\u00e4mmung von Bauw\u00e4nden","description":"Das Isolmass-Portfolio bietet verschiedene professionelle Akustikl\u00f6sungen f\u00fcr den Bausektor: schwerer Bezug + elastische Trocellenmatten","robots":{"index":"index","follow":"follow","max-snippet":"max-snippet:-1","max-image-preview":"max-image-preview:large","max-video-preview":"max-video-preview:-1"},"canonical":"https:\/\/insulation.trocellen.com\/de\/anwendungen\/schalldammung-fur-wande-und-dacher\/isolmass-fur-leichtbauwande-und-boden\/","og_locale":"de_DE","og_type":"article","og_title":"Isolmass f\u00fcr die ideale Schalld\u00e4mmung von Bauw\u00e4nden","og_description":"Das Isolmass-Portfolio bietet verschiedene professionelle Akustikl\u00f6sungen f\u00fcr den Bausektor: schwerer Bezug + elastische Trocellenmatten","og_url":"https:\/\/insulation.trocellen.com\/de\/anwendungen\/schalldammung-fur-wande-und-dacher\/isolmass-fur-leichtbauwande-und-boden\/","og_site_name":"Trocellen Insulation","article_modified_time":"2023-12-15T13:00:04+00:00","twitter_card":"summary_large_image","twitter_misc":{"Gesch\u00e4tzte Lesezeit":"1\u00a0Minute"},"schema":{"@context":"https:\/\/schema.org","@graph":[{"@type":"WebPage","@id":"https:\/\/insulation.trocellen.com\/de\/anwendungen\/schalldammung-fur-wande-und-dacher\/isolmass-fur-leichtbauwande-und-boden\/","url":"https:\/\/insulation.trocellen.com\/de\/anwendungen\/schalldammung-fur-wande-und-dacher\/isolmass-fur-leichtbauwande-und-boden\/","name":"Isolmass f\u00fcr die ideale Schalld\u00e4mmung von Bauw\u00e4nden","isPartOf":{"@id":"https:\/\/insulation.trocellen.com\/de\/#website"},"datePublished":"2013-12-12T17:21:35+00:00","dateModified":"2023-12-15T13:00:04+00:00","description":"Das Isolmass-Portfolio bietet verschiedene professionelle Akustikl\u00f6sungen f\u00fcr den Bausektor: schwerer Bezug + elastische Trocellenmatten","breadcrumb":{"@id":"https:\/\/insulation.trocellen.com\/de\/anwendungen\/schalldammung-fur-wande-und-dacher\/isolmass-fur-leichtbauwande-und-boden\/#breadcrumb"},"inLanguage":"de","potentialAction":[{"@type":"ReadAction","target":["https:\/\/insulation.trocellen.com\/de\/anwendungen\/schalldammung-fur-wande-und-dacher\/isolmass-fur-leichtbauwande-und-boden\/"]}]},{"@type":"BreadcrumbList","@id":"https:\/\/insulation.trocellen.com\/de\/anwendungen\/schalldammung-fur-wande-und-dacher\/isolmass-fur-leichtbauwande-und-boden\/#breadcrumb","itemListElement":[{"@type":"ListItem","position":1,"name":"Home","item":"https:\/\/insulation.trocellen.com\/de\/"},{"@type":"ListItem","position":2,"name":"Anwendungen","item":"https:\/\/insulation.trocellen.com\/de\/anwendungen\/"},{"@type":"ListItem","position":3,"name":"Schalld\u00e4mmung f\u00fcr W\u00e4nde und D\u00e4cher","item":"https:\/\/insulation.trocellen.com\/de\/anwendungen\/schalldammung-fur-wande-und-dacher\/"},{"@type":"ListItem","position":4,"name":"Isolmass f\u00fcr Leichtbauw\u00e4nde und -b\u00f6den"}]},{"@type":"WebSite","@id":"https:\/\/insulation.trocellen.com\/de\/#website","url":"https:\/\/insulation.trocellen.com\/de\/","name":"Trocellen Insulation","description":"","potentialAction":[{"@type":"SearchAction","target":{"@type":"EntryPoint","urlTemplate":"https:\/\/insulation.trocellen.com\/de\/?s={search_term_string}"},"query-input":{"@type":"PropertyValueSpecification","valueRequired":true,"valueName":"search_term_string"}}],"inLanguage":"de"}]}},"_links":{"self":[{"href":"https:\/\/insulation.trocellen.com\/de\/wp-json\/wp\/v2\/pages\/4194","targetHints":{"allow":["GET"]}}],"collection":[{"href":"https:\/\/insulation.trocellen.com\/de\/wp-json\/wp\/v2\/pages"}],"about":[{"href":"https:\/\/insulation.trocellen.com\/de\/wp-json\/wp\/v2\/types\/page"}],"author":[{"embeddable":true,"href":"https:\/\/insulation.trocellen.com\/de\/wp-json\/wp\/v2\/users\/1"}],"replies":[{"embeddable":true,"href":"https:\/\/insulation.trocellen.com\/de\/wp-json\/wp\/v2\/comments?post=4194"}],"version-history":[{"count":3,"href":"https:\/\/insulation.trocellen.com\/de\/wp-json\/wp\/v2\/pages\/4194\/revisions"}],"predecessor-version":[{"id":10331,"href":"https:\/\/insulation.trocellen.com\/de\/wp-json\/wp\/v2\/pages\/4194\/revisions\/10331"}],"up":[{"embeddable":true,"href":"https:\/\/insulation.trocellen.com\/de\/wp-json\/wp\/v2\/pages\/4116"}],"wp:attachment":[{"href":"https:\/\/insulation.trocellen.com\/de\/wp-json\/wp\/v2\/media?parent=4194"}],"curies":[{"name":"wp","href":"https:\/\/api.w.org\/{rel}","templated":true}]}}