{"id":4188,"date":"2013-12-12T17:21:23","date_gmt":"2013-12-12T17:21:23","guid":{"rendered":"https:\/\/insulation-new.trocellen.com\/isolmass-11\/"},"modified":"2023-12-15T12:59:31","modified_gmt":"2023-12-15T12:59:31","slug":"isolmass-11","status":"publish","type":"page","link":"https:\/\/insulation.trocellen.com\/de\/anwendungen\/schalldammung-fur-wande-und-dacher\/isolmass-11\/","title":{"rendered":"Isolmass 11"},"content":{"rendered":"<p>Isolmass ist eine alternative L\u00f6sung zur Schalld\u00e4mmung und wurde von Trocellen f\u00fcr Kunden entwickelt, die bei der Schalld\u00e4mmung auf bleihaltige Produkte verzichten m\u00f6chten.<\/p>\n<p>Bei Isolmass-Produkten handelt es sich um Trocellen-Schaumstoffe mit einer Polyolefin-Schwerschicht, die mit flexiblen, robusten und schalld\u00e4mmenden Materialien aufkaschiert werden.<\/p>\n<\/p>\n\n\n<\/p>\n<figure class=\"wp-block-image\"><a href=\"https:\/\/insulation.trocellen.com\/wp-content\/uploads\/sites\/6\/2013\/12\/Isolmass-11.jpg\" rel=\"attachment wp-att-1339\"><img decoding=\"async\" class=\"wp-image-1339\" src=\"https:\/\/insulation.trocellen.com\/wp-content\/uploads\/sites\/6\/2013\/12\/Isolmass-11-1024x498.jpg\" alt=\"Isolmass-11\" \/><\/a><\/figure>\n<p>\n\n\n<h3>Vorteile der PO-Schwerschicht gegen\u00fcber Blei<\/h3>\n<ul>\n<li>Toxikologisch unbedenklich<\/li>\n<li>Gute Verbindung zu Trocellen-Schaumstoffen, vollst\u00e4ndig wiederverwertbar<\/li>\n<li>Rollenbreite&nbsp; &gt;&nbsp;1m<\/li>\n<\/ul>\n<h2>Isolmass 11<\/h2>\n<h4>Zusammenzetzung:<\/h4>\n<ul>\n<li>PE-Schaumstoffschicht (schwingungsd\u00e4mpfend) 3 mm dick<\/li>\n<li>Schwerschicht 4 kg\/m\u00b2 schwer<\/li>\n<li>offenzellige PU-Schicht, Ausgangsdicke 12 mm (schallabsorbierend)<\/li>\n<\/ul>\n<h4>Anwendungsbereiche:&nbsp;:<\/h4>\n<ul>\n<li>Luftschalld\u00e4mmung f\u00fcr Fallrohre<\/li>\n<li>Schalld\u00e4mmung f\u00fcr W\u00e4nde<\/li>\n<\/ul>","protected":false},"excerpt":{"rendered":"<p>Isolmass ist eine alternative L\u00f6sung zur Schalld\u00e4mmung und wurde von Trocellen f\u00fcr Kunden entwickelt, die bei der Schalld\u00e4mmung auf bleihaltige Produkte verzichten m\u00f6chten. Bei Isolmass-Produkten handelt es sich um Trocellen-Schaumstoffe mit einer Polyolefin-Schwerschicht, die mit flexiblen, robusten und schalld\u00e4mmenden Materialien aufkaschiert werden. Vorteile der PO-Schwerschicht gegen\u00fcber Blei Toxikologisch unbedenklich Gute Verbindung zu Trocellen-Schaumstoffen, vollst\u00e4ndig wiederverwertbar [&hellip;]<\/p>\n","protected":false},"author":1,"featured_media":8827,"parent":4116,"menu_order":400,"comment_status":"open","ping_status":"closed","template":"templates\/applications.php","meta":{"_acf_changed":false,"footnotes":""},"class_list":["post-4188","page","type-page","status-publish","has-post-thumbnail","hentry"],"acf":[],"yoast_head":"<!-- This site is optimized with the Yoast SEO plugin v23.5 - https:\/\/yoast.com\/wordpress\/plugins\/seo\/ -->\n<title>Isolmass 11 f\u00fcr Schalld\u00e4mmung von Abflussrohren und W\u00e4nden<\/title>\n<meta name=\"description\" content=\"Isolmass 11 ist ein bleifreier Schalld\u00e4mmer aus PE-Schaum \u2013 einer schweren Schicht \u2013 und einer offenzelligen PU-Schicht. Gegen Luftger\u00e4usche aus Rohren\" \/>\n<meta name=\"robots\" content=\"index, follow, max-snippet:-1, max-image-preview:large, max-video-preview:-1\" \/>\n<link rel=\"canonical\" href=\"https:\/\/insulation.trocellen.com\/de\/anwendungen\/schalldammung-fur-wande-und-dacher\/isolmass-11\/\" \/>\n<meta property=\"og:locale\" content=\"de_DE\" \/>\n<meta property=\"og:type\" content=\"article\" \/>\n<meta property=\"og:title\" content=\"Isolmass 11 f\u00fcr Schalld\u00e4mmung von Abflussrohren und W\u00e4nden\" \/>\n<meta property=\"og:description\" content=\"Isolmass 11 ist ein bleifreier Schalld\u00e4mmer aus PE-Schaum \u2013 einer schweren Schicht \u2013 und einer offenzelligen PU-Schicht. Gegen Luftger\u00e4usche aus Rohren\" \/>\n<meta property=\"og:url\" content=\"https:\/\/insulation.trocellen.com\/de\/anwendungen\/schalldammung-fur-wande-und-dacher\/isolmass-11\/\" \/>\n<meta property=\"og:site_name\" content=\"Trocellen Insulation\" \/>\n<meta property=\"article:modified_time\" content=\"2023-12-15T12:59:31+00:00\" \/>\n<meta property=\"og:image\" content=\"https:\/\/insulation.trocellen.com\/wp-content\/uploads\/sites\/6\/2023\/05\/Pipes-2.jpg\" \/>\n\t<meta property=\"og:image:width\" content=\"1920\" \/>\n\t<meta property=\"og:image:height\" content=\"300\" \/>\n\t<meta property=\"og:image:type\" content=\"image\/jpeg\" \/>\n<meta name=\"twitter:card\" content=\"summary_large_image\" \/>\n<meta name=\"twitter:label1\" content=\"Gesch\u00e4tzte Lesezeit\" \/>\n\t<meta name=\"twitter:data1\" content=\"1\u00a0Minute\" \/>\n<script type=\"application\/ld+json\" class=\"yoast-schema-graph\">{\"@context\":\"https:\/\/schema.org\",\"@graph\":[{\"@type\":\"WebPage\",\"@id\":\"https:\/\/insulation.trocellen.com\/de\/anwendungen\/schalldammung-fur-wande-und-dacher\/isolmass-11\/\",\"url\":\"https:\/\/insulation.trocellen.com\/de\/anwendungen\/schalldammung-fur-wande-und-dacher\/isolmass-11\/\",\"name\":\"Isolmass 11 f\u00fcr Schalld\u00e4mmung von Abflussrohren und W\u00e4nden\",\"isPartOf\":{\"@id\":\"https:\/\/insulation.trocellen.com\/de\/#website\"},\"primaryImageOfPage\":{\"@id\":\"https:\/\/insulation.trocellen.com\/de\/anwendungen\/schalldammung-fur-wande-und-dacher\/isolmass-11\/#primaryimage\"},\"image\":{\"@id\":\"https:\/\/insulation.trocellen.com\/de\/anwendungen\/schalldammung-fur-wande-und-dacher\/isolmass-11\/#primaryimage\"},\"thumbnailUrl\":\"https:\/\/insulation.trocellen.com\/wp-content\/uploads\/sites\/6\/2023\/05\/Pipes-2.jpg\",\"datePublished\":\"2013-12-12T17:21:23+00:00\",\"dateModified\":\"2023-12-15T12:59:31+00:00\",\"description\":\"Isolmass 11 ist ein bleifreier Schalld\u00e4mmer aus PE-Schaum \u2013 einer schweren Schicht \u2013 und einer offenzelligen PU-Schicht. Gegen Luftger\u00e4usche aus Rohren\",\"breadcrumb\":{\"@id\":\"https:\/\/insulation.trocellen.com\/de\/anwendungen\/schalldammung-fur-wande-und-dacher\/isolmass-11\/#breadcrumb\"},\"inLanguage\":\"de\",\"potentialAction\":[{\"@type\":\"ReadAction\",\"target\":[\"https:\/\/insulation.trocellen.com\/de\/anwendungen\/schalldammung-fur-wande-und-dacher\/isolmass-11\/\"]}]},{\"@type\":\"ImageObject\",\"inLanguage\":\"de\",\"@id\":\"https:\/\/insulation.trocellen.com\/de\/anwendungen\/schalldammung-fur-wande-und-dacher\/isolmass-11\/#primaryimage\",\"url\":\"https:\/\/insulation.trocellen.com\/wp-content\/uploads\/sites\/6\/2023\/05\/Pipes-2.jpg\",\"contentUrl\":\"https:\/\/insulation.trocellen.com\/wp-content\/uploads\/sites\/6\/2023\/05\/Pipes-2.jpg\",\"width\":1920,\"height\":300},{\"@type\":\"BreadcrumbList\",\"@id\":\"https:\/\/insulation.trocellen.com\/de\/anwendungen\/schalldammung-fur-wande-und-dacher\/isolmass-11\/#breadcrumb\",\"itemListElement\":[{\"@type\":\"ListItem\",\"position\":1,\"name\":\"Home\",\"item\":\"https:\/\/insulation.trocellen.com\/de\/\"},{\"@type\":\"ListItem\",\"position\":2,\"name\":\"Anwendungen\",\"item\":\"https:\/\/insulation.trocellen.com\/de\/anwendungen\/\"},{\"@type\":\"ListItem\",\"position\":3,\"name\":\"Schalld\u00e4mmung f\u00fcr W\u00e4nde und D\u00e4cher\",\"item\":\"https:\/\/insulation.trocellen.com\/de\/anwendungen\/schalldammung-fur-wande-und-dacher\/\"},{\"@type\":\"ListItem\",\"position\":4,\"name\":\"Isolmass 11\"}]},{\"@type\":\"WebSite\",\"@id\":\"https:\/\/insulation.trocellen.com\/de\/#website\",\"url\":\"https:\/\/insulation.trocellen.com\/de\/\",\"name\":\"Trocellen Insulation\",\"description\":\"\",\"potentialAction\":[{\"@type\":\"SearchAction\",\"target\":{\"@type\":\"EntryPoint\",\"urlTemplate\":\"https:\/\/insulation.trocellen.com\/de\/?s={search_term_string}\"},\"query-input\":{\"@type\":\"PropertyValueSpecification\",\"valueRequired\":true,\"valueName\":\"search_term_string\"}}],\"inLanguage\":\"de\"}]}<\/script>\n<!-- \/ Yoast SEO plugin. -->","yoast_head_json":{"title":"Isolmass 11 f\u00fcr Schalld\u00e4mmung von Abflussrohren und W\u00e4nden","description":"Isolmass 11 ist ein bleifreier Schalld\u00e4mmer aus PE-Schaum \u2013 einer schweren Schicht \u2013 und einer offenzelligen PU-Schicht. Gegen Luftger\u00e4usche aus Rohren","robots":{"index":"index","follow":"follow","max-snippet":"max-snippet:-1","max-image-preview":"max-image-preview:large","max-video-preview":"max-video-preview:-1"},"canonical":"https:\/\/insulation.trocellen.com\/de\/anwendungen\/schalldammung-fur-wande-und-dacher\/isolmass-11\/","og_locale":"de_DE","og_type":"article","og_title":"Isolmass 11 f\u00fcr Schalld\u00e4mmung von Abflussrohren und W\u00e4nden","og_description":"Isolmass 11 ist ein bleifreier Schalld\u00e4mmer aus PE-Schaum \u2013 einer schweren Schicht \u2013 und einer offenzelligen PU-Schicht. Gegen Luftger\u00e4usche aus Rohren","og_url":"https:\/\/insulation.trocellen.com\/de\/anwendungen\/schalldammung-fur-wande-und-dacher\/isolmass-11\/","og_site_name":"Trocellen Insulation","article_modified_time":"2023-12-15T12:59:31+00:00","og_image":[{"width":1920,"height":300,"url":"https:\/\/insulation.trocellen.com\/wp-content\/uploads\/sites\/6\/2023\/05\/Pipes-2.jpg","type":"image\/jpeg"}],"twitter_card":"summary_large_image","twitter_misc":{"Gesch\u00e4tzte Lesezeit":"1\u00a0Minute"},"schema":{"@context":"https:\/\/schema.org","@graph":[{"@type":"WebPage","@id":"https:\/\/insulation.trocellen.com\/de\/anwendungen\/schalldammung-fur-wande-und-dacher\/isolmass-11\/","url":"https:\/\/insulation.trocellen.com\/de\/anwendungen\/schalldammung-fur-wande-und-dacher\/isolmass-11\/","name":"Isolmass 11 f\u00fcr Schalld\u00e4mmung von Abflussrohren und W\u00e4nden","isPartOf":{"@id":"https:\/\/insulation.trocellen.com\/de\/#website"},"primaryImageOfPage":{"@id":"https:\/\/insulation.trocellen.com\/de\/anwendungen\/schalldammung-fur-wande-und-dacher\/isolmass-11\/#primaryimage"},"image":{"@id":"https:\/\/insulation.trocellen.com\/de\/anwendungen\/schalldammung-fur-wande-und-dacher\/isolmass-11\/#primaryimage"},"thumbnailUrl":"https:\/\/insulation.trocellen.com\/wp-content\/uploads\/sites\/6\/2023\/05\/Pipes-2.jpg","datePublished":"2013-12-12T17:21:23+00:00","dateModified":"2023-12-15T12:59:31+00:00","description":"Isolmass 11 ist ein bleifreier Schalld\u00e4mmer aus PE-Schaum \u2013 einer schweren Schicht \u2013 und einer offenzelligen PU-Schicht. Gegen Luftger\u00e4usche aus Rohren","breadcrumb":{"@id":"https:\/\/insulation.trocellen.com\/de\/anwendungen\/schalldammung-fur-wande-und-dacher\/isolmass-11\/#breadcrumb"},"inLanguage":"de","potentialAction":[{"@type":"ReadAction","target":["https:\/\/insulation.trocellen.com\/de\/anwendungen\/schalldammung-fur-wande-und-dacher\/isolmass-11\/"]}]},{"@type":"ImageObject","inLanguage":"de","@id":"https:\/\/insulation.trocellen.com\/de\/anwendungen\/schalldammung-fur-wande-und-dacher\/isolmass-11\/#primaryimage","url":"https:\/\/insulation.trocellen.com\/wp-content\/uploads\/sites\/6\/2023\/05\/Pipes-2.jpg","contentUrl":"https:\/\/insulation.trocellen.com\/wp-content\/uploads\/sites\/6\/2023\/05\/Pipes-2.jpg","width":1920,"height":300},{"@type":"BreadcrumbList","@id":"https:\/\/insulation.trocellen.com\/de\/anwendungen\/schalldammung-fur-wande-und-dacher\/isolmass-11\/#breadcrumb","itemListElement":[{"@type":"ListItem","position":1,"name":"Home","item":"https:\/\/insulation.trocellen.com\/de\/"},{"@type":"ListItem","position":2,"name":"Anwendungen","item":"https:\/\/insulation.trocellen.com\/de\/anwendungen\/"},{"@type":"ListItem","position":3,"name":"Schalld\u00e4mmung f\u00fcr W\u00e4nde und D\u00e4cher","item":"https:\/\/insulation.trocellen.com\/de\/anwendungen\/schalldammung-fur-wande-und-dacher\/"},{"@type":"ListItem","position":4,"name":"Isolmass 11"}]},{"@type":"WebSite","@id":"https:\/\/insulation.trocellen.com\/de\/#website","url":"https:\/\/insulation.trocellen.com\/de\/","name":"Trocellen Insulation","description":"","potentialAction":[{"@type":"SearchAction","target":{"@type":"EntryPoint","urlTemplate":"https:\/\/insulation.trocellen.com\/de\/?s={search_term_string}"},"query-input":{"@type":"PropertyValueSpecification","valueRequired":true,"valueName":"search_term_string"}}],"inLanguage":"de"}]}},"_links":{"self":[{"href":"https:\/\/insulation.trocellen.com\/de\/wp-json\/wp\/v2\/pages\/4188","targetHints":{"allow":["GET"]}}],"collection":[{"href":"https:\/\/insulation.trocellen.com\/de\/wp-json\/wp\/v2\/pages"}],"about":[{"href":"https:\/\/insulation.trocellen.com\/de\/wp-json\/wp\/v2\/types\/page"}],"author":[{"embeddable":true,"href":"https:\/\/insulation.trocellen.com\/de\/wp-json\/wp\/v2\/users\/1"}],"replies":[{"embeddable":true,"href":"https:\/\/insulation.trocellen.com\/de\/wp-json\/wp\/v2\/comments?post=4188"}],"version-history":[{"count":7,"href":"https:\/\/insulation.trocellen.com\/de\/wp-json\/wp\/v2\/pages\/4188\/revisions"}],"predecessor-version":[{"id":10330,"href":"https:\/\/insulation.trocellen.com\/de\/wp-json\/wp\/v2\/pages\/4188\/revisions\/10330"}],"up":[{"embeddable":true,"href":"https:\/\/insulation.trocellen.com\/de\/wp-json\/wp\/v2\/pages\/4116"}],"wp:featuredmedia":[{"embeddable":true,"href":"https:\/\/insulation.trocellen.com\/de\/wp-json\/wp\/v2\/media\/8827"}],"wp:attachment":[{"href":"https:\/\/insulation.trocellen.com\/de\/wp-json\/wp\/v2\/media?parent=4188"}],"curies":[{"name":"wp","href":"https:\/\/api.w.org\/{rel}","templated":true}]}}