{"id":4182,"date":"2013-12-12T17:21:07","date_gmt":"2013-12-12T17:21:07","guid":{"rendered":"https:\/\/insulation-new.trocellen.com\/aplomb-11\/"},"modified":"2023-07-10T12:25:43","modified_gmt":"2023-07-10T12:25:43","slug":"aplomb-11","status":"publish","type":"page","link":"https:\/\/insulation.trocellen.com\/de\/anwendungen\/schalldammung-fur-wande-und-dacher\/aplomb-11\/","title":{"rendered":"Aplomb 11"},"content":{"rendered":"<p>Wir sind t\u00e4glich von unterschiedlichsten Ger\u00e4uschquellen umgeben. Trocellen entwickelt kontinuierlich Schaumstoffl\u00f6sungen zur hervorragenden W\u00e4rme- und Schalld\u00e4mmung.<br \/>\nZur Produktfamilie Trocellen Aplomb geh\u00f6ren Mehrschichtprodukte mit einer &#8211; oder mehreren Bleischichten die mit flexiblen, schallweichen und schalld\u00e4mmenden Materialien aufkaschiert werden.<\/p>\n<p><a href=\"https:\/\/insulation.trocellen.com\/wp-content\/uploads\/sites\/6\/2013\/12\/aplomb11.jpg\" rel=\"attachment wp-att-1336\"><img loading=\"lazy\" decoding=\"async\" class=\"alignnone size-large wp-image-1336\" src=\"https:\/\/insulation.trocellen.com\/wp-content\/uploads\/sites\/6\/2013\/12\/aplomb11-1024x600.jpg\" alt=\"aplomb11\" width=\"1024\" height=\"600\" \/><\/a><\/p>\n<p><img loading=\"lazy\" decoding=\"async\" src=\"https:\/\/insulation.trocellen.com\/wp-content\/uploads\/sites\/6\/2013\/12\/aplomb11.png\" alt=\"aplomb11\" width=\"280\" height=\"81\" \/><\/p>\n<h3>Zusammenzetzung:<\/h3>\n<ul>\n<li>Polyethylen-Schaumstoffschicht (schwingungsd\u00e4mpfend) mit schwarzer Pr\u00e4gefolie, 3 mm dick.<\/li>\n<li>0,35 mm, 4kg\/m\u00b2 Schwerschicht aus Blei<\/li>\n<li>offenzellige (schallabsorbierende) PU-Schaumstoffschicht, 12\u00a0mm dick<\/li>\n<\/ul>\n<h3>Anwendungsbereiche:<\/h3>\n<ul>\n<li>Ger\u00e4uschd\u00e4mmung von Abwasserrohren aus Polyethylen oder PVC.<\/li>\n<li>Schalld\u00e4mmung f\u00fcr W\u00e4nde<\/li>\n<li>Das Produkt kann, zur Installationserleichterung und provisorischen Montage, \u00a0in selbstklebender Version geliefert werden. Das Produkt muss anschlie\u00dfend mit mechanischen Befestigungen gesichert werden.<\/li>\n<\/ul>\n","protected":false},"excerpt":{"rendered":"<p>Wir sind t\u00e4glich von unterschiedlichsten Ger\u00e4uschquellen umgeben. Trocellen entwickelt kontinuierlich Schaumstoffl\u00f6sungen zur hervorragenden W\u00e4rme- und Schalld\u00e4mmung. Zur Produktfamilie Trocellen Aplomb geh\u00f6ren Mehrschichtprodukte mit einer &#8211; oder mehreren Bleischichten die mit flexiblen, schallweichen und schalld\u00e4mmenden Materialien aufkaschiert werden. Zusammenzetzung: Polyethylen-Schaumstoffschicht (schwingungsd\u00e4mpfend) mit schwarzer Pr\u00e4gefolie, 3 mm dick. 0,35 mm, 4kg\/m\u00b2 Schwerschicht aus Blei offenzellige (schallabsorbierende) PU-Schaumstoffschicht, [&hellip;]<\/p>\n","protected":false},"author":1,"featured_media":8827,"parent":4116,"menu_order":300,"comment_status":"open","ping_status":"closed","template":"templates\/applications.php","meta":{"_acf_changed":false,"footnotes":""},"class_list":["post-4182","page","type-page","status-publish","has-post-thumbnail","hentry"],"acf":[],"yoast_head":"<!-- This site is optimized with the Yoast SEO plugin v23.5 - https:\/\/yoast.com\/wordpress\/plugins\/seo\/ -->\n<title>Aplomb 11 ist ein Schalld\u00e4mmmaterial f\u00fcr W\u00e4nde und D\u00e4cher<\/title>\n<meta name=\"description\" content=\"Trocellen Aplomb 11 ist ein mehrschichtiges Produkt, das mit einer Bleischicht und flexiblen, schallabsorbierenden Materialien laminiert ist.\" \/>\n<meta name=\"robots\" content=\"index, follow, max-snippet:-1, max-image-preview:large, max-video-preview:-1\" \/>\n<link rel=\"canonical\" href=\"https:\/\/insulation.trocellen.com\/de\/anwendungen\/schalldammung-fur-wande-und-dacher\/aplomb-11\/\" \/>\n<meta property=\"og:locale\" content=\"de_DE\" \/>\n<meta property=\"og:type\" content=\"article\" \/>\n<meta property=\"og:title\" content=\"Aplomb 11 ist ein Schalld\u00e4mmmaterial f\u00fcr W\u00e4nde und D\u00e4cher\" \/>\n<meta property=\"og:description\" content=\"Trocellen Aplomb 11 ist ein mehrschichtiges Produkt, das mit einer Bleischicht und flexiblen, schallabsorbierenden Materialien laminiert ist.\" \/>\n<meta property=\"og:url\" content=\"https:\/\/insulation.trocellen.com\/de\/anwendungen\/schalldammung-fur-wande-und-dacher\/aplomb-11\/\" \/>\n<meta property=\"og:site_name\" content=\"Trocellen Insulation\" \/>\n<meta property=\"article:modified_time\" content=\"2023-07-10T12:25:43+00:00\" \/>\n<meta property=\"og:image\" content=\"https:\/\/insulation.trocellen.com\/wp-content\/uploads\/sites\/6\/2023\/05\/Pipes-2.jpg\" \/>\n\t<meta property=\"og:image:width\" content=\"1920\" \/>\n\t<meta property=\"og:image:height\" content=\"300\" \/>\n\t<meta property=\"og:image:type\" content=\"image\/jpeg\" \/>\n<meta name=\"twitter:card\" content=\"summary_large_image\" \/>\n<meta name=\"twitter:label1\" content=\"Gesch\u00e4tzte Lesezeit\" \/>\n\t<meta name=\"twitter:data1\" content=\"1\u00a0Minute\" \/>\n<script type=\"application\/ld+json\" class=\"yoast-schema-graph\">{\"@context\":\"https:\/\/schema.org\",\"@graph\":[{\"@type\":\"WebPage\",\"@id\":\"https:\/\/insulation.trocellen.com\/de\/anwendungen\/schalldammung-fur-wande-und-dacher\/aplomb-11\/\",\"url\":\"https:\/\/insulation.trocellen.com\/de\/anwendungen\/schalldammung-fur-wande-und-dacher\/aplomb-11\/\",\"name\":\"Aplomb 11 ist ein Schalld\u00e4mmmaterial f\u00fcr W\u00e4nde und D\u00e4cher\",\"isPartOf\":{\"@id\":\"https:\/\/insulation.trocellen.com\/de\/#website\"},\"primaryImageOfPage\":{\"@id\":\"https:\/\/insulation.trocellen.com\/de\/anwendungen\/schalldammung-fur-wande-und-dacher\/aplomb-11\/#primaryimage\"},\"image\":{\"@id\":\"https:\/\/insulation.trocellen.com\/de\/anwendungen\/schalldammung-fur-wande-und-dacher\/aplomb-11\/#primaryimage\"},\"thumbnailUrl\":\"https:\/\/insulation.trocellen.com\/wp-content\/uploads\/sites\/6\/2023\/05\/Pipes-2.jpg\",\"datePublished\":\"2013-12-12T17:21:07+00:00\",\"dateModified\":\"2023-07-10T12:25:43+00:00\",\"description\":\"Trocellen Aplomb 11 ist ein mehrschichtiges Produkt, das mit einer Bleischicht und flexiblen, schallabsorbierenden Materialien laminiert ist.\",\"breadcrumb\":{\"@id\":\"https:\/\/insulation.trocellen.com\/de\/anwendungen\/schalldammung-fur-wande-und-dacher\/aplomb-11\/#breadcrumb\"},\"inLanguage\":\"de\",\"potentialAction\":[{\"@type\":\"ReadAction\",\"target\":[\"https:\/\/insulation.trocellen.com\/de\/anwendungen\/schalldammung-fur-wande-und-dacher\/aplomb-11\/\"]}]},{\"@type\":\"ImageObject\",\"inLanguage\":\"de\",\"@id\":\"https:\/\/insulation.trocellen.com\/de\/anwendungen\/schalldammung-fur-wande-und-dacher\/aplomb-11\/#primaryimage\",\"url\":\"https:\/\/insulation.trocellen.com\/wp-content\/uploads\/sites\/6\/2023\/05\/Pipes-2.jpg\",\"contentUrl\":\"https:\/\/insulation.trocellen.com\/wp-content\/uploads\/sites\/6\/2023\/05\/Pipes-2.jpg\",\"width\":1920,\"height\":300},{\"@type\":\"BreadcrumbList\",\"@id\":\"https:\/\/insulation.trocellen.com\/de\/anwendungen\/schalldammung-fur-wande-und-dacher\/aplomb-11\/#breadcrumb\",\"itemListElement\":[{\"@type\":\"ListItem\",\"position\":1,\"name\":\"Home\",\"item\":\"https:\/\/insulation.trocellen.com\/de\/\"},{\"@type\":\"ListItem\",\"position\":2,\"name\":\"Anwendungen\",\"item\":\"https:\/\/insulation.trocellen.com\/de\/anwendungen\/\"},{\"@type\":\"ListItem\",\"position\":3,\"name\":\"Schalld\u00e4mmung f\u00fcr W\u00e4nde und D\u00e4cher\",\"item\":\"https:\/\/insulation.trocellen.com\/de\/anwendungen\/schalldammung-fur-wande-und-dacher\/\"},{\"@type\":\"ListItem\",\"position\":4,\"name\":\"Aplomb 11\"}]},{\"@type\":\"WebSite\",\"@id\":\"https:\/\/insulation.trocellen.com\/de\/#website\",\"url\":\"https:\/\/insulation.trocellen.com\/de\/\",\"name\":\"Trocellen Insulation\",\"description\":\"\",\"potentialAction\":[{\"@type\":\"SearchAction\",\"target\":{\"@type\":\"EntryPoint\",\"urlTemplate\":\"https:\/\/insulation.trocellen.com\/de\/?s={search_term_string}\"},\"query-input\":{\"@type\":\"PropertyValueSpecification\",\"valueRequired\":true,\"valueName\":\"search_term_string\"}}],\"inLanguage\":\"de\"}]}<\/script>\n<!-- \/ Yoast SEO plugin. -->","yoast_head_json":{"title":"Aplomb 11 ist ein Schalld\u00e4mmmaterial f\u00fcr W\u00e4nde und D\u00e4cher","description":"Trocellen Aplomb 11 ist ein mehrschichtiges Produkt, das mit einer Bleischicht und flexiblen, schallabsorbierenden Materialien laminiert ist.","robots":{"index":"index","follow":"follow","max-snippet":"max-snippet:-1","max-image-preview":"max-image-preview:large","max-video-preview":"max-video-preview:-1"},"canonical":"https:\/\/insulation.trocellen.com\/de\/anwendungen\/schalldammung-fur-wande-und-dacher\/aplomb-11\/","og_locale":"de_DE","og_type":"article","og_title":"Aplomb 11 ist ein Schalld\u00e4mmmaterial f\u00fcr W\u00e4nde und D\u00e4cher","og_description":"Trocellen Aplomb 11 ist ein mehrschichtiges Produkt, das mit einer Bleischicht und flexiblen, schallabsorbierenden Materialien laminiert ist.","og_url":"https:\/\/insulation.trocellen.com\/de\/anwendungen\/schalldammung-fur-wande-und-dacher\/aplomb-11\/","og_site_name":"Trocellen Insulation","article_modified_time":"2023-07-10T12:25:43+00:00","og_image":[{"width":1920,"height":300,"url":"https:\/\/insulation.trocellen.com\/wp-content\/uploads\/sites\/6\/2023\/05\/Pipes-2.jpg","type":"image\/jpeg"}],"twitter_card":"summary_large_image","twitter_misc":{"Gesch\u00e4tzte Lesezeit":"1\u00a0Minute"},"schema":{"@context":"https:\/\/schema.org","@graph":[{"@type":"WebPage","@id":"https:\/\/insulation.trocellen.com\/de\/anwendungen\/schalldammung-fur-wande-und-dacher\/aplomb-11\/","url":"https:\/\/insulation.trocellen.com\/de\/anwendungen\/schalldammung-fur-wande-und-dacher\/aplomb-11\/","name":"Aplomb 11 ist ein Schalld\u00e4mmmaterial f\u00fcr W\u00e4nde und D\u00e4cher","isPartOf":{"@id":"https:\/\/insulation.trocellen.com\/de\/#website"},"primaryImageOfPage":{"@id":"https:\/\/insulation.trocellen.com\/de\/anwendungen\/schalldammung-fur-wande-und-dacher\/aplomb-11\/#primaryimage"},"image":{"@id":"https:\/\/insulation.trocellen.com\/de\/anwendungen\/schalldammung-fur-wande-und-dacher\/aplomb-11\/#primaryimage"},"thumbnailUrl":"https:\/\/insulation.trocellen.com\/wp-content\/uploads\/sites\/6\/2023\/05\/Pipes-2.jpg","datePublished":"2013-12-12T17:21:07+00:00","dateModified":"2023-07-10T12:25:43+00:00","description":"Trocellen Aplomb 11 ist ein mehrschichtiges Produkt, das mit einer Bleischicht und flexiblen, schallabsorbierenden Materialien laminiert ist.","breadcrumb":{"@id":"https:\/\/insulation.trocellen.com\/de\/anwendungen\/schalldammung-fur-wande-und-dacher\/aplomb-11\/#breadcrumb"},"inLanguage":"de","potentialAction":[{"@type":"ReadAction","target":["https:\/\/insulation.trocellen.com\/de\/anwendungen\/schalldammung-fur-wande-und-dacher\/aplomb-11\/"]}]},{"@type":"ImageObject","inLanguage":"de","@id":"https:\/\/insulation.trocellen.com\/de\/anwendungen\/schalldammung-fur-wande-und-dacher\/aplomb-11\/#primaryimage","url":"https:\/\/insulation.trocellen.com\/wp-content\/uploads\/sites\/6\/2023\/05\/Pipes-2.jpg","contentUrl":"https:\/\/insulation.trocellen.com\/wp-content\/uploads\/sites\/6\/2023\/05\/Pipes-2.jpg","width":1920,"height":300},{"@type":"BreadcrumbList","@id":"https:\/\/insulation.trocellen.com\/de\/anwendungen\/schalldammung-fur-wande-und-dacher\/aplomb-11\/#breadcrumb","itemListElement":[{"@type":"ListItem","position":1,"name":"Home","item":"https:\/\/insulation.trocellen.com\/de\/"},{"@type":"ListItem","position":2,"name":"Anwendungen","item":"https:\/\/insulation.trocellen.com\/de\/anwendungen\/"},{"@type":"ListItem","position":3,"name":"Schalld\u00e4mmung f\u00fcr W\u00e4nde und D\u00e4cher","item":"https:\/\/insulation.trocellen.com\/de\/anwendungen\/schalldammung-fur-wande-und-dacher\/"},{"@type":"ListItem","position":4,"name":"Aplomb 11"}]},{"@type":"WebSite","@id":"https:\/\/insulation.trocellen.com\/de\/#website","url":"https:\/\/insulation.trocellen.com\/de\/","name":"Trocellen Insulation","description":"","potentialAction":[{"@type":"SearchAction","target":{"@type":"EntryPoint","urlTemplate":"https:\/\/insulation.trocellen.com\/de\/?s={search_term_string}"},"query-input":{"@type":"PropertyValueSpecification","valueRequired":true,"valueName":"search_term_string"}}],"inLanguage":"de"}]}},"_links":{"self":[{"href":"https:\/\/insulation.trocellen.com\/de\/wp-json\/wp\/v2\/pages\/4182","targetHints":{"allow":["GET"]}}],"collection":[{"href":"https:\/\/insulation.trocellen.com\/de\/wp-json\/wp\/v2\/pages"}],"about":[{"href":"https:\/\/insulation.trocellen.com\/de\/wp-json\/wp\/v2\/types\/page"}],"author":[{"embeddable":true,"href":"https:\/\/insulation.trocellen.com\/de\/wp-json\/wp\/v2\/users\/1"}],"replies":[{"embeddable":true,"href":"https:\/\/insulation.trocellen.com\/de\/wp-json\/wp\/v2\/comments?post=4182"}],"version-history":[{"count":1,"href":"https:\/\/insulation.trocellen.com\/de\/wp-json\/wp\/v2\/pages\/4182\/revisions"}],"predecessor-version":[{"id":9840,"href":"https:\/\/insulation.trocellen.com\/de\/wp-json\/wp\/v2\/pages\/4182\/revisions\/9840"}],"up":[{"embeddable":true,"href":"https:\/\/insulation.trocellen.com\/de\/wp-json\/wp\/v2\/pages\/4116"}],"wp:featuredmedia":[{"embeddable":true,"href":"https:\/\/insulation.trocellen.com\/de\/wp-json\/wp\/v2\/media\/8827"}],"wp:attachment":[{"href":"https:\/\/insulation.trocellen.com\/de\/wp-json\/wp\/v2\/media?parent=4182"}],"curies":[{"name":"wp","href":"https:\/\/api.w.org\/{rel}","templated":true}]}}