{"id":4170,"date":"2013-12-12T17:20:42","date_gmt":"2013-12-12T17:20:42","guid":{"rendered":"https:\/\/insulation-new.trocellen.com\/aplomb-22-2\/"},"modified":"2023-07-10T12:26:33","modified_gmt":"2023-07-10T12:26:33","slug":"aplomb-22","status":"publish","type":"page","link":"https:\/\/insulation.trocellen.com\/de\/anwendungen\/schalldammung-fur-wande-und-dacher\/aplomb-22\/","title":{"rendered":"Aplomb 22"},"content":{"rendered":"\n<p>Wir sind t\u00e4glich von unterschiedlichsten Ger\u00e4uschquellen umgeben. Trocellen entwickelt kontinuierlich Schaumstoffl\u00f6sungen zur hervorragenden W\u00e4rme- und Schalld\u00e4mmung.<\/p>\n\n\n\n<p>Zur Produktfamilie Trocellen Aplomb geh\u00f6ren Mehrschichtprodukte mit einer \u2013 oder mehreren Bleischichten, die mit flexiblen, schall-d\u00e4mmenden und \u2013d\u00e4mpfenden&nbsp;Materialien aufkaschiert werden.<\/p>\n\n\n\n<figure class=\"wp-block-image\"><a href=\"https:\/\/insulation.trocellen.com\/wp-content\/uploads\/sites\/6\/2013\/12\/aplomb-22.jpg\" rel=\"attachment wp-att-1334\"><img decoding=\"async\" src=\"https:\/\/insulation.trocellen.com\/wp-content\/uploads\/sites\/6\/2013\/12\/aplomb-22.jpg\" alt=\"aplomb-22\" class=\"wp-image-1334\"\/><\/a><\/figure>\n\n\n\n<h2 class=\"wp-block-heading\">Aplomb 22 \u2013 f\u00fcr Wand- und Bodend\u00e4mmung<\/h2>\n\n\n\n<h3 class=\"wp-block-heading\">Zusammenzetzung:<\/h3>\n\n\n\n<ul class=\"wp-block-list\">\n<li>0,35 mm, 4kg\/m\u00b2 schwere Bleischicht beidseitig aufkaschiert mit 3 mm dicker schwingungsd\u00e4mpfender PE-Schaumstoff und schwarzer Pr\u00e4gefolie<\/li>\n\n\n\n<li>3 mm dicker &nbsp;Schicht schwingungsd\u00e4mpfender<\/li>\n<\/ul>\n\n\n\n<h3 class=\"wp-block-heading\">Anwendungsbereiche&nbsp;:<\/h3>\n\n\n\n<ul class=\"wp-block-list\">\n<li>Tritt- und Luftschalld\u00e4mmung in horizontalen Trennfl\u00e4chen<\/li>\n\n\n\n<li>Aplomb 22 eignet sich zur Vermeidung von L\u00e4rmemission oder -immission in bestimmten Umgebungen (insbesondere tieffrequente Ger\u00e4usche)<\/li>\n\n\n\n<li>Das Produkt kann, zur Installationserleichterung und provisorischen Montage, &nbsp;in selbstklebender Version geliefert werden. Das Produkt muss anschlie\u00dfend mit mechanischen Befestigungen gesichert werden<\/li>\n<\/ul>\n","protected":false},"excerpt":{"rendered":"<p>Wir sind t\u00e4glich von unterschiedlichsten Ger\u00e4uschquellen umgeben. Trocellen entwickelt kontinuierlich Schaumstoffl\u00f6sungen zur hervorragenden W\u00e4rme- und Schalld\u00e4mmung. Zur Produktfamilie Trocellen Aplomb geh\u00f6ren Mehrschichtprodukte mit einer \u2013 oder mehreren Bleischichten, die mit flexiblen, schall-d\u00e4mmenden und \u2013d\u00e4mpfenden&nbsp;Materialien aufkaschiert werden. Aplomb 22 \u2013 f\u00fcr Wand- und Bodend\u00e4mmung Zusammenzetzung: Anwendungsbereiche&nbsp;:<\/p>\n","protected":false},"author":1,"featured_media":8827,"parent":4116,"menu_order":100,"comment_status":"open","ping_status":"closed","template":"templates\/applications.php","meta":{"_acf_changed":false,"footnotes":""},"class_list":["post-4170","page","type-page","status-publish","has-post-thumbnail","hentry"],"acf":[],"yoast_head":"<!-- This site is optimized with the Yoast SEO plugin v23.5 - https:\/\/yoast.com\/wordpress\/plugins\/seo\/ -->\n<title>Aplomb 22 dient der Tritt- und Luftschalld\u00e4mmung.<\/title>\n<meta name=\"description\" content=\"Aplomb 22 besteht aus einer 0,35 mm d\u00fcnnen Bleischicht, die beidseitig mit schwingungsd\u00e4mpfenden PE-Schaumstoff laminiert ist. Auch selbstklebend verf\u00fcgbar\" \/>\n<meta name=\"robots\" content=\"index, follow, max-snippet:-1, max-image-preview:large, max-video-preview:-1\" \/>\n<link rel=\"canonical\" href=\"https:\/\/insulation.trocellen.com\/de\/anwendungen\/schalldammung-fur-wande-und-dacher\/aplomb-22\/\" \/>\n<meta property=\"og:locale\" content=\"de_DE\" \/>\n<meta property=\"og:type\" content=\"article\" \/>\n<meta property=\"og:title\" content=\"Aplomb 22 dient der Tritt- und Luftschalld\u00e4mmung.\" \/>\n<meta property=\"og:description\" content=\"Aplomb 22 besteht aus einer 0,35 mm d\u00fcnnen Bleischicht, die beidseitig mit schwingungsd\u00e4mpfenden PE-Schaumstoff laminiert ist. Auch selbstklebend verf\u00fcgbar\" \/>\n<meta property=\"og:url\" content=\"https:\/\/insulation.trocellen.com\/de\/anwendungen\/schalldammung-fur-wande-und-dacher\/aplomb-22\/\" \/>\n<meta property=\"og:site_name\" content=\"Trocellen Insulation\" \/>\n<meta property=\"article:modified_time\" content=\"2023-07-10T12:26:33+00:00\" \/>\n<meta property=\"og:image\" content=\"https:\/\/insulation.trocellen.com\/wp-content\/uploads\/sites\/6\/2023\/05\/Pipes-2.jpg\" \/>\n\t<meta property=\"og:image:width\" content=\"1920\" \/>\n\t<meta property=\"og:image:height\" content=\"300\" \/>\n\t<meta property=\"og:image:type\" content=\"image\/jpeg\" \/>\n<meta name=\"twitter:card\" content=\"summary_large_image\" \/>\n<meta name=\"twitter:label1\" content=\"Gesch\u00e4tzte Lesezeit\" \/>\n\t<meta name=\"twitter:data1\" content=\"1\u00a0Minute\" \/>\n<script type=\"application\/ld+json\" class=\"yoast-schema-graph\">{\"@context\":\"https:\/\/schema.org\",\"@graph\":[{\"@type\":\"WebPage\",\"@id\":\"https:\/\/insulation.trocellen.com\/de\/anwendungen\/schalldammung-fur-wande-und-dacher\/aplomb-22\/\",\"url\":\"https:\/\/insulation.trocellen.com\/de\/anwendungen\/schalldammung-fur-wande-und-dacher\/aplomb-22\/\",\"name\":\"Aplomb 22 dient der Tritt- und Luftschalld\u00e4mmung.\",\"isPartOf\":{\"@id\":\"https:\/\/insulation.trocellen.com\/de\/#website\"},\"primaryImageOfPage\":{\"@id\":\"https:\/\/insulation.trocellen.com\/de\/anwendungen\/schalldammung-fur-wande-und-dacher\/aplomb-22\/#primaryimage\"},\"image\":{\"@id\":\"https:\/\/insulation.trocellen.com\/de\/anwendungen\/schalldammung-fur-wande-und-dacher\/aplomb-22\/#primaryimage\"},\"thumbnailUrl\":\"https:\/\/insulation.trocellen.com\/wp-content\/uploads\/sites\/6\/2023\/05\/Pipes-2.jpg\",\"datePublished\":\"2013-12-12T17:20:42+00:00\",\"dateModified\":\"2023-07-10T12:26:33+00:00\",\"description\":\"Aplomb 22 besteht aus einer 0,35 mm d\u00fcnnen Bleischicht, die beidseitig mit schwingungsd\u00e4mpfenden PE-Schaumstoff laminiert ist. Auch selbstklebend verf\u00fcgbar\",\"breadcrumb\":{\"@id\":\"https:\/\/insulation.trocellen.com\/de\/anwendungen\/schalldammung-fur-wande-und-dacher\/aplomb-22\/#breadcrumb\"},\"inLanguage\":\"de\",\"potentialAction\":[{\"@type\":\"ReadAction\",\"target\":[\"https:\/\/insulation.trocellen.com\/de\/anwendungen\/schalldammung-fur-wande-und-dacher\/aplomb-22\/\"]}]},{\"@type\":\"ImageObject\",\"inLanguage\":\"de\",\"@id\":\"https:\/\/insulation.trocellen.com\/de\/anwendungen\/schalldammung-fur-wande-und-dacher\/aplomb-22\/#primaryimage\",\"url\":\"https:\/\/insulation.trocellen.com\/wp-content\/uploads\/sites\/6\/2023\/05\/Pipes-2.jpg\",\"contentUrl\":\"https:\/\/insulation.trocellen.com\/wp-content\/uploads\/sites\/6\/2023\/05\/Pipes-2.jpg\",\"width\":1920,\"height\":300},{\"@type\":\"BreadcrumbList\",\"@id\":\"https:\/\/insulation.trocellen.com\/de\/anwendungen\/schalldammung-fur-wande-und-dacher\/aplomb-22\/#breadcrumb\",\"itemListElement\":[{\"@type\":\"ListItem\",\"position\":1,\"name\":\"Home\",\"item\":\"https:\/\/insulation.trocellen.com\/de\/\"},{\"@type\":\"ListItem\",\"position\":2,\"name\":\"Anwendungen\",\"item\":\"https:\/\/insulation.trocellen.com\/de\/anwendungen\/\"},{\"@type\":\"ListItem\",\"position\":3,\"name\":\"Schalld\u00e4mmung f\u00fcr W\u00e4nde und D\u00e4cher\",\"item\":\"https:\/\/insulation.trocellen.com\/de\/anwendungen\/schalldammung-fur-wande-und-dacher\/\"},{\"@type\":\"ListItem\",\"position\":4,\"name\":\"Aplomb 22\"}]},{\"@type\":\"WebSite\",\"@id\":\"https:\/\/insulation.trocellen.com\/de\/#website\",\"url\":\"https:\/\/insulation.trocellen.com\/de\/\",\"name\":\"Trocellen Insulation\",\"description\":\"\",\"potentialAction\":[{\"@type\":\"SearchAction\",\"target\":{\"@type\":\"EntryPoint\",\"urlTemplate\":\"https:\/\/insulation.trocellen.com\/de\/?s={search_term_string}\"},\"query-input\":{\"@type\":\"PropertyValueSpecification\",\"valueRequired\":true,\"valueName\":\"search_term_string\"}}],\"inLanguage\":\"de\"}]}<\/script>\n<!-- \/ Yoast SEO plugin. -->","yoast_head_json":{"title":"Aplomb 22 dient der Tritt- und Luftschalld\u00e4mmung.","description":"Aplomb 22 besteht aus einer 0,35 mm d\u00fcnnen Bleischicht, die beidseitig mit schwingungsd\u00e4mpfenden PE-Schaumstoff laminiert ist. Auch selbstklebend verf\u00fcgbar","robots":{"index":"index","follow":"follow","max-snippet":"max-snippet:-1","max-image-preview":"max-image-preview:large","max-video-preview":"max-video-preview:-1"},"canonical":"https:\/\/insulation.trocellen.com\/de\/anwendungen\/schalldammung-fur-wande-und-dacher\/aplomb-22\/","og_locale":"de_DE","og_type":"article","og_title":"Aplomb 22 dient der Tritt- und Luftschalld\u00e4mmung.","og_description":"Aplomb 22 besteht aus einer 0,35 mm d\u00fcnnen Bleischicht, die beidseitig mit schwingungsd\u00e4mpfenden PE-Schaumstoff laminiert ist. Auch selbstklebend verf\u00fcgbar","og_url":"https:\/\/insulation.trocellen.com\/de\/anwendungen\/schalldammung-fur-wande-und-dacher\/aplomb-22\/","og_site_name":"Trocellen Insulation","article_modified_time":"2023-07-10T12:26:33+00:00","og_image":[{"width":1920,"height":300,"url":"https:\/\/insulation.trocellen.com\/wp-content\/uploads\/sites\/6\/2023\/05\/Pipes-2.jpg","type":"image\/jpeg"}],"twitter_card":"summary_large_image","twitter_misc":{"Gesch\u00e4tzte Lesezeit":"1\u00a0Minute"},"schema":{"@context":"https:\/\/schema.org","@graph":[{"@type":"WebPage","@id":"https:\/\/insulation.trocellen.com\/de\/anwendungen\/schalldammung-fur-wande-und-dacher\/aplomb-22\/","url":"https:\/\/insulation.trocellen.com\/de\/anwendungen\/schalldammung-fur-wande-und-dacher\/aplomb-22\/","name":"Aplomb 22 dient der Tritt- und Luftschalld\u00e4mmung.","isPartOf":{"@id":"https:\/\/insulation.trocellen.com\/de\/#website"},"primaryImageOfPage":{"@id":"https:\/\/insulation.trocellen.com\/de\/anwendungen\/schalldammung-fur-wande-und-dacher\/aplomb-22\/#primaryimage"},"image":{"@id":"https:\/\/insulation.trocellen.com\/de\/anwendungen\/schalldammung-fur-wande-und-dacher\/aplomb-22\/#primaryimage"},"thumbnailUrl":"https:\/\/insulation.trocellen.com\/wp-content\/uploads\/sites\/6\/2023\/05\/Pipes-2.jpg","datePublished":"2013-12-12T17:20:42+00:00","dateModified":"2023-07-10T12:26:33+00:00","description":"Aplomb 22 besteht aus einer 0,35 mm d\u00fcnnen Bleischicht, die beidseitig mit schwingungsd\u00e4mpfenden PE-Schaumstoff laminiert ist. Auch selbstklebend verf\u00fcgbar","breadcrumb":{"@id":"https:\/\/insulation.trocellen.com\/de\/anwendungen\/schalldammung-fur-wande-und-dacher\/aplomb-22\/#breadcrumb"},"inLanguage":"de","potentialAction":[{"@type":"ReadAction","target":["https:\/\/insulation.trocellen.com\/de\/anwendungen\/schalldammung-fur-wande-und-dacher\/aplomb-22\/"]}]},{"@type":"ImageObject","inLanguage":"de","@id":"https:\/\/insulation.trocellen.com\/de\/anwendungen\/schalldammung-fur-wande-und-dacher\/aplomb-22\/#primaryimage","url":"https:\/\/insulation.trocellen.com\/wp-content\/uploads\/sites\/6\/2023\/05\/Pipes-2.jpg","contentUrl":"https:\/\/insulation.trocellen.com\/wp-content\/uploads\/sites\/6\/2023\/05\/Pipes-2.jpg","width":1920,"height":300},{"@type":"BreadcrumbList","@id":"https:\/\/insulation.trocellen.com\/de\/anwendungen\/schalldammung-fur-wande-und-dacher\/aplomb-22\/#breadcrumb","itemListElement":[{"@type":"ListItem","position":1,"name":"Home","item":"https:\/\/insulation.trocellen.com\/de\/"},{"@type":"ListItem","position":2,"name":"Anwendungen","item":"https:\/\/insulation.trocellen.com\/de\/anwendungen\/"},{"@type":"ListItem","position":3,"name":"Schalld\u00e4mmung f\u00fcr W\u00e4nde und D\u00e4cher","item":"https:\/\/insulation.trocellen.com\/de\/anwendungen\/schalldammung-fur-wande-und-dacher\/"},{"@type":"ListItem","position":4,"name":"Aplomb 22"}]},{"@type":"WebSite","@id":"https:\/\/insulation.trocellen.com\/de\/#website","url":"https:\/\/insulation.trocellen.com\/de\/","name":"Trocellen Insulation","description":"","potentialAction":[{"@type":"SearchAction","target":{"@type":"EntryPoint","urlTemplate":"https:\/\/insulation.trocellen.com\/de\/?s={search_term_string}"},"query-input":{"@type":"PropertyValueSpecification","valueRequired":true,"valueName":"search_term_string"}}],"inLanguage":"de"}]}},"_links":{"self":[{"href":"https:\/\/insulation.trocellen.com\/de\/wp-json\/wp\/v2\/pages\/4170","targetHints":{"allow":["GET"]}}],"collection":[{"href":"https:\/\/insulation.trocellen.com\/de\/wp-json\/wp\/v2\/pages"}],"about":[{"href":"https:\/\/insulation.trocellen.com\/de\/wp-json\/wp\/v2\/types\/page"}],"author":[{"embeddable":true,"href":"https:\/\/insulation.trocellen.com\/de\/wp-json\/wp\/v2\/users\/1"}],"replies":[{"embeddable":true,"href":"https:\/\/insulation.trocellen.com\/de\/wp-json\/wp\/v2\/comments?post=4170"}],"version-history":[{"count":3,"href":"https:\/\/insulation.trocellen.com\/de\/wp-json\/wp\/v2\/pages\/4170\/revisions"}],"predecessor-version":[{"id":9841,"href":"https:\/\/insulation.trocellen.com\/de\/wp-json\/wp\/v2\/pages\/4170\/revisions\/9841"}],"up":[{"embeddable":true,"href":"https:\/\/insulation.trocellen.com\/de\/wp-json\/wp\/v2\/pages\/4116"}],"wp:featuredmedia":[{"embeddable":true,"href":"https:\/\/insulation.trocellen.com\/de\/wp-json\/wp\/v2\/media\/8827"}],"wp:attachment":[{"href":"https:\/\/insulation.trocellen.com\/de\/wp-json\/wp\/v2\/media?parent=4170"}],"curies":[{"name":"wp","href":"https:\/\/api.w.org\/{rel}","templated":true}]}}