{"id":4164,"date":"2013-12-12T17:20:13","date_gmt":"2013-12-12T17:20:13","guid":{"rendered":"https:\/\/insulation-new.trocellen.com\/isolmass-fur-boden-und-leichtbauwande\/"},"modified":"2024-04-08T11:58:11","modified_gmt":"2024-04-08T11:58:11","slug":"isolmass-fur-boden-und-leichtbauwande","status":"publish","type":"page","link":"https:\/\/insulation.trocellen.com\/de\/anwendungen\/parkett-und-bodenbelage\/isolmass-fur-boden-und-leichtbauwande\/","title":{"rendered":"Isolmass f\u00fcr B\u00f6den und Leichtbauw\u00e4nde"},"content":{"rendered":"<p>Isolmass ist eine alternative L\u00f6sung zur Schalld\u00e4mmung. Isolmass wurde von Trocellen f\u00fcr Kunden entwickelt, die bei der Schalld\u00e4mmung auf bleihaltige Produkte verzichten m\u00f6chten.<br \/>\nBei Isolmass-Produkten handelt es sich um Trocellen-Schaumstoffe mit einer Polyoefin-Schwerschicht, die mit flexiblen, robusten und schalld\u00e4mmenden Materialien aufkaschiert werden.<\/p>\n<h3>Vorteile der PO-Schwerschicht gegen\u00fcber Blei<\/h3>\n<ul>\n<li>Toxikologisch unbedenklich<\/li>\n<li>Gute Verbindung zu Trocellen-Schaumstoffen, vollst\u00e4ndig wiederverwertbar<\/li>\n<li>Rollenbreite&nbsp; &gt;&nbsp;1m<\/li>\n<\/ul>\n<h2>Isolmass f\u00fcr B\u00f6den und Leichtbauw\u00e4nde<\/h2>\n<p>Wir bieten unterschiedliche Kombil\u00f6sungen zur t\u00e4glichen Verwendung im Baugewerbe: Schwerschicht combiniert mit robusten Trocellen-Matten<\/p>\n","protected":false},"excerpt":{"rendered":"<p>Isolmass ist eine alternative L\u00f6sung zur Schalld\u00e4mmung. Isolmass wurde von Trocellen f\u00fcr Kunden entwickelt, die bei der Schalld\u00e4mmung auf bleihaltige Produkte verzichten m\u00f6chten. Bei Isolmass-Produkten handelt es sich um Trocellen-Schaumstoffe mit einer Polyoefin-Schwerschicht, die mit flexiblen, robusten und schalld\u00e4mmenden Materialien aufkaschiert werden. Vorteile der PO-Schwerschicht gegen\u00fcber Blei Toxikologisch unbedenklich Gute Verbindung zu Trocellen-Schaumstoffen, vollst\u00e4ndig wiederverwertbar [&hellip;]<\/p>\n","protected":false},"author":1,"featured_media":8861,"parent":4110,"menu_order":400,"comment_status":"open","ping_status":"closed","template":"templates\/applications.php","meta":{"_acf_changed":false,"footnotes":""},"class_list":["post-4164","page","type-page","status-publish","has-post-thumbnail","hentry"],"acf":[],"yoast_head":"<!-- This site is optimized with the Yoast SEO plugin v23.5 - https:\/\/yoast.com\/wordpress\/plugins\/seo\/ -->\n<title>Isolmass ist eine bleifreie schallabsorbierende Isolierung<\/title>\n<meta name=\"description\" content=\"Trocellen Isolmass bietet verschiedene kombinierte L\u00f6sungen f\u00fcr den t\u00e4glichen Einsatz im Baubereich an: schwerer Bezug + elastische Trocellenmatten\" \/>\n<meta name=\"robots\" content=\"index, follow, max-snippet:-1, max-image-preview:large, max-video-preview:-1\" \/>\n<link rel=\"canonical\" href=\"https:\/\/insulation.trocellen.com\/de\/anwendungen\/parkett-und-bodenbelage\/isolmass-fur-boden-und-leichtbauwande\/\" \/>\n<meta property=\"og:locale\" content=\"de_DE\" \/>\n<meta property=\"og:type\" content=\"article\" \/>\n<meta property=\"og:title\" content=\"Isolmass ist eine bleifreie schallabsorbierende Isolierung\" \/>\n<meta property=\"og:description\" content=\"Trocellen Isolmass bietet verschiedene kombinierte L\u00f6sungen f\u00fcr den t\u00e4glichen Einsatz im Baubereich an: schwerer Bezug + elastische Trocellenmatten\" \/>\n<meta property=\"og:url\" content=\"https:\/\/insulation.trocellen.com\/de\/anwendungen\/parkett-und-bodenbelage\/isolmass-fur-boden-und-leichtbauwande\/\" \/>\n<meta property=\"og:site_name\" content=\"Trocellen Insulation\" \/>\n<meta property=\"article:modified_time\" content=\"2024-04-08T11:58:11+00:00\" \/>\n<meta property=\"og:image\" content=\"https:\/\/insulation.trocellen.com\/wp-content\/uploads\/sites\/6\/2023\/05\/parquet-underlay-fejlec.jpg\" \/>\n\t<meta property=\"og:image:width\" content=\"1920\" \/>\n\t<meta property=\"og:image:height\" content=\"300\" \/>\n\t<meta property=\"og:image:type\" content=\"image\/jpeg\" \/>\n<meta name=\"twitter:card\" content=\"summary_large_image\" \/>\n<meta name=\"twitter:label1\" content=\"Gesch\u00e4tzte Lesezeit\" \/>\n\t<meta name=\"twitter:data1\" content=\"1\u00a0Minute\" \/>\n<script type=\"application\/ld+json\" class=\"yoast-schema-graph\">{\"@context\":\"https:\/\/schema.org\",\"@graph\":[{\"@type\":\"WebPage\",\"@id\":\"https:\/\/insulation.trocellen.com\/de\/anwendungen\/parkett-und-bodenbelage\/isolmass-fur-boden-und-leichtbauwande\/\",\"url\":\"https:\/\/insulation.trocellen.com\/de\/anwendungen\/parkett-und-bodenbelage\/isolmass-fur-boden-und-leichtbauwande\/\",\"name\":\"Isolmass ist eine bleifreie schallabsorbierende Isolierung\",\"isPartOf\":{\"@id\":\"https:\/\/insulation.trocellen.com\/de\/#website\"},\"primaryImageOfPage\":{\"@id\":\"https:\/\/insulation.trocellen.com\/de\/anwendungen\/parkett-und-bodenbelage\/isolmass-fur-boden-und-leichtbauwande\/#primaryimage\"},\"image\":{\"@id\":\"https:\/\/insulation.trocellen.com\/de\/anwendungen\/parkett-und-bodenbelage\/isolmass-fur-boden-und-leichtbauwande\/#primaryimage\"},\"thumbnailUrl\":\"https:\/\/insulation.trocellen.com\/wp-content\/uploads\/sites\/6\/2023\/05\/parquet-underlay-fejlec.jpg\",\"datePublished\":\"2013-12-12T17:20:13+00:00\",\"dateModified\":\"2024-04-08T11:58:11+00:00\",\"description\":\"Trocellen Isolmass bietet verschiedene kombinierte L\u00f6sungen f\u00fcr den t\u00e4glichen Einsatz im Baubereich an: schwerer Bezug + elastische Trocellenmatten\",\"breadcrumb\":{\"@id\":\"https:\/\/insulation.trocellen.com\/de\/anwendungen\/parkett-und-bodenbelage\/isolmass-fur-boden-und-leichtbauwande\/#breadcrumb\"},\"inLanguage\":\"de\",\"potentialAction\":[{\"@type\":\"ReadAction\",\"target\":[\"https:\/\/insulation.trocellen.com\/de\/anwendungen\/parkett-und-bodenbelage\/isolmass-fur-boden-und-leichtbauwande\/\"]}]},{\"@type\":\"ImageObject\",\"inLanguage\":\"de\",\"@id\":\"https:\/\/insulation.trocellen.com\/de\/anwendungen\/parkett-und-bodenbelage\/isolmass-fur-boden-und-leichtbauwande\/#primaryimage\",\"url\":\"https:\/\/insulation.trocellen.com\/wp-content\/uploads\/sites\/6\/2023\/05\/parquet-underlay-fejlec.jpg\",\"contentUrl\":\"https:\/\/insulation.trocellen.com\/wp-content\/uploads\/sites\/6\/2023\/05\/parquet-underlay-fejlec.jpg\",\"width\":1920,\"height\":300},{\"@type\":\"BreadcrumbList\",\"@id\":\"https:\/\/insulation.trocellen.com\/de\/anwendungen\/parkett-und-bodenbelage\/isolmass-fur-boden-und-leichtbauwande\/#breadcrumb\",\"itemListElement\":[{\"@type\":\"ListItem\",\"position\":1,\"name\":\"Home\",\"item\":\"https:\/\/insulation.trocellen.com\/de\/\"},{\"@type\":\"ListItem\",\"position\":2,\"name\":\"Anwendungen\",\"item\":\"https:\/\/insulation.trocellen.com\/de\/anwendungen\/\"},{\"@type\":\"ListItem\",\"position\":3,\"name\":\"Parkett und Bodenbel\u00e4ge\",\"item\":\"https:\/\/insulation.trocellen.com\/de\/anwendungen\/parkett-und-bodenbelage\/\"},{\"@type\":\"ListItem\",\"position\":4,\"name\":\"Isolmass f\u00fcr B\u00f6den und Leichtbauw\u00e4nde\"}]},{\"@type\":\"WebSite\",\"@id\":\"https:\/\/insulation.trocellen.com\/de\/#website\",\"url\":\"https:\/\/insulation.trocellen.com\/de\/\",\"name\":\"Trocellen Insulation\",\"description\":\"\",\"potentialAction\":[{\"@type\":\"SearchAction\",\"target\":{\"@type\":\"EntryPoint\",\"urlTemplate\":\"https:\/\/insulation.trocellen.com\/de\/?s={search_term_string}\"},\"query-input\":{\"@type\":\"PropertyValueSpecification\",\"valueRequired\":true,\"valueName\":\"search_term_string\"}}],\"inLanguage\":\"de\"}]}<\/script>\n<!-- \/ Yoast SEO plugin. -->","yoast_head_json":{"title":"Isolmass ist eine bleifreie schallabsorbierende Isolierung","description":"Trocellen Isolmass bietet verschiedene kombinierte L\u00f6sungen f\u00fcr den t\u00e4glichen Einsatz im Baubereich an: schwerer Bezug + elastische Trocellenmatten","robots":{"index":"index","follow":"follow","max-snippet":"max-snippet:-1","max-image-preview":"max-image-preview:large","max-video-preview":"max-video-preview:-1"},"canonical":"https:\/\/insulation.trocellen.com\/de\/anwendungen\/parkett-und-bodenbelage\/isolmass-fur-boden-und-leichtbauwande\/","og_locale":"de_DE","og_type":"article","og_title":"Isolmass ist eine bleifreie schallabsorbierende Isolierung","og_description":"Trocellen Isolmass bietet verschiedene kombinierte L\u00f6sungen f\u00fcr den t\u00e4glichen Einsatz im Baubereich an: schwerer Bezug + elastische Trocellenmatten","og_url":"https:\/\/insulation.trocellen.com\/de\/anwendungen\/parkett-und-bodenbelage\/isolmass-fur-boden-und-leichtbauwande\/","og_site_name":"Trocellen Insulation","article_modified_time":"2024-04-08T11:58:11+00:00","og_image":[{"width":1920,"height":300,"url":"https:\/\/insulation.trocellen.com\/wp-content\/uploads\/sites\/6\/2023\/05\/parquet-underlay-fejlec.jpg","type":"image\/jpeg"}],"twitter_card":"summary_large_image","twitter_misc":{"Gesch\u00e4tzte Lesezeit":"1\u00a0Minute"},"schema":{"@context":"https:\/\/schema.org","@graph":[{"@type":"WebPage","@id":"https:\/\/insulation.trocellen.com\/de\/anwendungen\/parkett-und-bodenbelage\/isolmass-fur-boden-und-leichtbauwande\/","url":"https:\/\/insulation.trocellen.com\/de\/anwendungen\/parkett-und-bodenbelage\/isolmass-fur-boden-und-leichtbauwande\/","name":"Isolmass ist eine bleifreie schallabsorbierende Isolierung","isPartOf":{"@id":"https:\/\/insulation.trocellen.com\/de\/#website"},"primaryImageOfPage":{"@id":"https:\/\/insulation.trocellen.com\/de\/anwendungen\/parkett-und-bodenbelage\/isolmass-fur-boden-und-leichtbauwande\/#primaryimage"},"image":{"@id":"https:\/\/insulation.trocellen.com\/de\/anwendungen\/parkett-und-bodenbelage\/isolmass-fur-boden-und-leichtbauwande\/#primaryimage"},"thumbnailUrl":"https:\/\/insulation.trocellen.com\/wp-content\/uploads\/sites\/6\/2023\/05\/parquet-underlay-fejlec.jpg","datePublished":"2013-12-12T17:20:13+00:00","dateModified":"2024-04-08T11:58:11+00:00","description":"Trocellen Isolmass bietet verschiedene kombinierte L\u00f6sungen f\u00fcr den t\u00e4glichen Einsatz im Baubereich an: schwerer Bezug + elastische Trocellenmatten","breadcrumb":{"@id":"https:\/\/insulation.trocellen.com\/de\/anwendungen\/parkett-und-bodenbelage\/isolmass-fur-boden-und-leichtbauwande\/#breadcrumb"},"inLanguage":"de","potentialAction":[{"@type":"ReadAction","target":["https:\/\/insulation.trocellen.com\/de\/anwendungen\/parkett-und-bodenbelage\/isolmass-fur-boden-und-leichtbauwande\/"]}]},{"@type":"ImageObject","inLanguage":"de","@id":"https:\/\/insulation.trocellen.com\/de\/anwendungen\/parkett-und-bodenbelage\/isolmass-fur-boden-und-leichtbauwande\/#primaryimage","url":"https:\/\/insulation.trocellen.com\/wp-content\/uploads\/sites\/6\/2023\/05\/parquet-underlay-fejlec.jpg","contentUrl":"https:\/\/insulation.trocellen.com\/wp-content\/uploads\/sites\/6\/2023\/05\/parquet-underlay-fejlec.jpg","width":1920,"height":300},{"@type":"BreadcrumbList","@id":"https:\/\/insulation.trocellen.com\/de\/anwendungen\/parkett-und-bodenbelage\/isolmass-fur-boden-und-leichtbauwande\/#breadcrumb","itemListElement":[{"@type":"ListItem","position":1,"name":"Home","item":"https:\/\/insulation.trocellen.com\/de\/"},{"@type":"ListItem","position":2,"name":"Anwendungen","item":"https:\/\/insulation.trocellen.com\/de\/anwendungen\/"},{"@type":"ListItem","position":3,"name":"Parkett und Bodenbel\u00e4ge","item":"https:\/\/insulation.trocellen.com\/de\/anwendungen\/parkett-und-bodenbelage\/"},{"@type":"ListItem","position":4,"name":"Isolmass f\u00fcr B\u00f6den und Leichtbauw\u00e4nde"}]},{"@type":"WebSite","@id":"https:\/\/insulation.trocellen.com\/de\/#website","url":"https:\/\/insulation.trocellen.com\/de\/","name":"Trocellen Insulation","description":"","potentialAction":[{"@type":"SearchAction","target":{"@type":"EntryPoint","urlTemplate":"https:\/\/insulation.trocellen.com\/de\/?s={search_term_string}"},"query-input":{"@type":"PropertyValueSpecification","valueRequired":true,"valueName":"search_term_string"}}],"inLanguage":"de"}]}},"_links":{"self":[{"href":"https:\/\/insulation.trocellen.com\/de\/wp-json\/wp\/v2\/pages\/4164","targetHints":{"allow":["GET"]}}],"collection":[{"href":"https:\/\/insulation.trocellen.com\/de\/wp-json\/wp\/v2\/pages"}],"about":[{"href":"https:\/\/insulation.trocellen.com\/de\/wp-json\/wp\/v2\/types\/page"}],"author":[{"embeddable":true,"href":"https:\/\/insulation.trocellen.com\/de\/wp-json\/wp\/v2\/users\/1"}],"replies":[{"embeddable":true,"href":"https:\/\/insulation.trocellen.com\/de\/wp-json\/wp\/v2\/comments?post=4164"}],"version-history":[{"count":3,"href":"https:\/\/insulation.trocellen.com\/de\/wp-json\/wp\/v2\/pages\/4164\/revisions"}],"predecessor-version":[{"id":10736,"href":"https:\/\/insulation.trocellen.com\/de\/wp-json\/wp\/v2\/pages\/4164\/revisions\/10736"}],"up":[{"embeddable":true,"href":"https:\/\/insulation.trocellen.com\/de\/wp-json\/wp\/v2\/pages\/4110"}],"wp:featuredmedia":[{"embeddable":true,"href":"https:\/\/insulation.trocellen.com\/de\/wp-json\/wp\/v2\/media\/8861"}],"wp:attachment":[{"href":"https:\/\/insulation.trocellen.com\/de\/wp-json\/wp\/v2\/media?parent=4164"}],"curies":[{"name":"wp","href":"https:\/\/api.w.org\/{rel}","templated":true}]}}