{"id":4158,"date":"2013-12-12T17:20:05","date_gmt":"2013-12-12T17:20:05","guid":{"rendered":"https:\/\/insulation-new.trocellen.com\/isolmass-22\/"},"modified":"2024-04-08T11:57:34","modified_gmt":"2024-04-08T11:57:34","slug":"isolmass-22","status":"publish","type":"page","link":"https:\/\/insulation.trocellen.com\/de\/anwendungen\/parkett-und-bodenbelage\/isolmass-22\/","title":{"rendered":"Isolmass 22"},"content":{"rendered":"<p>Isolmass ist eine alternative L\u00f6sung zur Schalld\u00e4mmung. Isolmass wurde von Trocellen f\u00fcr Kunden entwickelt, die bei der Schalld\u00e4mmung auf bleihaltige Produkte verzichten m\u00f6chten.<br \/>\nBei Isolmass-Produkten handelt es sich um Trocellen-Schaumstoffe mit einer Polyolefin-Schwerschicht, die mit flexiblen, robusten und schalld\u00e4mmenden Materialien aufkaschiert werden.<\/p>\n<h3>Vorteile der PO-Schwerschicht gegen\u00fcber Blei<\/h3>\n<ul>\n<li>Toxikologisch unbedenklich<\/li>\n<li>Gute Verbindung zu Trocellen-Schaumstoffen, vollst\u00e4ndig wiederverwertbar<\/li>\n<li>Rollenbreite&nbsp; &gt;&nbsp;1&nbsp;m<\/li>\n<\/ul>\n<div id=\"attachment_1876\" style=\"width: 310px\" class=\"wp-caption alignnone\"><a href=\"https:\/\/insulation.trocellen.com\/wp-content\/uploads\/sites\/6\/2013\/12\/Optimized-Trocellen_Isolmass-22.jpg\"><img loading=\"lazy\" decoding=\"async\" aria-describedby=\"caption-attachment-1876\" class=\"size-medium wp-image-1876\" src=\"https:\/\/insulation.trocellen.com\/wp-content\/uploads\/sites\/6\/2013\/12\/Optimized-Trocellen_Isolmass-22-300x200.jpg\" alt=\"\" width=\"300\" height=\"200\"><\/a><p id=\"caption-attachment-1876\" class=\"wp-caption-text\">Isolmass 22<\/p><\/div>\n<h2>Isolmass 22<\/h2>\n<h4>Zusammenzetzung:<\/h4>\n<ul>\n<li>PE-Schaumstoffschicht (schwingungsd\u00e4mpfend) 3 mm&nbsp;dick<\/li>\n<li>Schwerschicht 4 kg\/m\u00b2 schwer<\/li>\n<li>PE-Schaumstoffschicht (schwingungsd\u00e4mpfend) 3 mm&nbsp;dick<\/li>\n<\/ul>\n<h4>Anwendungsbereiche:<\/h4>\n<ul>\n<li>Schalld\u00e4mmung f\u00fcr W\u00e4nde<\/li>\n<li>Als Verlegeunterlage und bei Trennw\u00e4nden zur Reduziering tieffrequenter Schallwellen durch Massenerh\u00f6hung<\/li>\n<\/ul>\n","protected":false},"excerpt":{"rendered":"<p>Isolmass ist eine alternative L\u00f6sung zur Schalld\u00e4mmung. Isolmass wurde von Trocellen f\u00fcr Kunden entwickelt, die bei der Schalld\u00e4mmung auf bleihaltige Produkte verzichten m\u00f6chten. Bei Isolmass-Produkten handelt es sich um Trocellen-Schaumstoffe mit einer Polyolefin-Schwerschicht, die mit flexiblen, robusten und schalld\u00e4mmenden Materialien aufkaschiert werden. Vorteile der PO-Schwerschicht gegen\u00fcber Blei Toxikologisch unbedenklich Gute Verbindung zu Trocellen-Schaumstoffen, vollst\u00e4ndig wiederverwertbar [&hellip;]<\/p>\n","protected":false},"author":1,"featured_media":0,"parent":4110,"menu_order":300,"comment_status":"open","ping_status":"closed","template":"templates\/applications.php","meta":{"_acf_changed":false,"footnotes":""},"class_list":["post-4158","page","type-page","status-publish","hentry"],"acf":[],"yoast_head":"<!-- This site is optimized with the Yoast SEO plugin v23.5 - https:\/\/yoast.com\/wordpress\/plugins\/seo\/ -->\n<title>Isolmass ist ein mehrschichtiger, absorbierender Schaumstoff<\/title>\n<meta name=\"description\" content=\"Das Isolationsmaterial von Trocellen Isolmass ist f\u00fcr die alternative Schalld\u00e4mmung f\u00fcr Kunden geeignet, die dabei kein Blei verwenden m\u00f6chten.\" \/>\n<meta name=\"robots\" content=\"index, follow, max-snippet:-1, max-image-preview:large, max-video-preview:-1\" \/>\n<link rel=\"canonical\" href=\"https:\/\/insulation.trocellen.com\/de\/anwendungen\/parkett-und-bodenbelage\/isolmass-22\/\" \/>\n<meta property=\"og:locale\" content=\"de_DE\" \/>\n<meta property=\"og:type\" content=\"article\" \/>\n<meta property=\"og:title\" content=\"Isolmass ist ein mehrschichtiger, absorbierender Schaumstoff\" \/>\n<meta property=\"og:description\" content=\"Das Isolationsmaterial von Trocellen Isolmass ist f\u00fcr die alternative Schalld\u00e4mmung f\u00fcr Kunden geeignet, die dabei kein Blei verwenden m\u00f6chten.\" \/>\n<meta property=\"og:url\" content=\"https:\/\/insulation.trocellen.com\/de\/anwendungen\/parkett-und-bodenbelage\/isolmass-22\/\" \/>\n<meta property=\"og:site_name\" content=\"Trocellen Insulation\" \/>\n<meta property=\"article:modified_time\" content=\"2024-04-08T11:57:34+00:00\" \/>\n<meta property=\"og:image\" content=\"https:\/\/insulation.trocellen.com\/wp-content\/uploads\/sites\/6\/2013\/12\/Optimized-Trocellen_Isolmass-22-300x200.jpg\" \/>\n<meta name=\"twitter:card\" content=\"summary_large_image\" \/>\n<meta name=\"twitter:label1\" content=\"Gesch\u00e4tzte Lesezeit\" \/>\n\t<meta name=\"twitter:data1\" content=\"1\u00a0Minute\" \/>\n<script type=\"application\/ld+json\" class=\"yoast-schema-graph\">{\"@context\":\"https:\/\/schema.org\",\"@graph\":[{\"@type\":\"WebPage\",\"@id\":\"https:\/\/insulation.trocellen.com\/de\/anwendungen\/parkett-und-bodenbelage\/isolmass-22\/\",\"url\":\"https:\/\/insulation.trocellen.com\/de\/anwendungen\/parkett-und-bodenbelage\/isolmass-22\/\",\"name\":\"Isolmass ist ein mehrschichtiger, absorbierender Schaumstoff\",\"isPartOf\":{\"@id\":\"https:\/\/insulation.trocellen.com\/de\/#website\"},\"primaryImageOfPage\":{\"@id\":\"https:\/\/insulation.trocellen.com\/de\/anwendungen\/parkett-und-bodenbelage\/isolmass-22\/#primaryimage\"},\"image\":{\"@id\":\"https:\/\/insulation.trocellen.com\/de\/anwendungen\/parkett-und-bodenbelage\/isolmass-22\/#primaryimage\"},\"thumbnailUrl\":\"https:\/\/insulation.trocellen.com\/wp-content\/uploads\/sites\/6\/2013\/12\/Optimized-Trocellen_Isolmass-22-300x200.jpg\",\"datePublished\":\"2013-12-12T17:20:05+00:00\",\"dateModified\":\"2024-04-08T11:57:34+00:00\",\"description\":\"Das Isolationsmaterial von Trocellen Isolmass ist f\u00fcr die alternative Schalld\u00e4mmung f\u00fcr Kunden geeignet, die dabei kein Blei verwenden m\u00f6chten.\",\"breadcrumb\":{\"@id\":\"https:\/\/insulation.trocellen.com\/de\/anwendungen\/parkett-und-bodenbelage\/isolmass-22\/#breadcrumb\"},\"inLanguage\":\"de\",\"potentialAction\":[{\"@type\":\"ReadAction\",\"target\":[\"https:\/\/insulation.trocellen.com\/de\/anwendungen\/parkett-und-bodenbelage\/isolmass-22\/\"]}]},{\"@type\":\"ImageObject\",\"inLanguage\":\"de\",\"@id\":\"https:\/\/insulation.trocellen.com\/de\/anwendungen\/parkett-und-bodenbelage\/isolmass-22\/#primaryimage\",\"url\":\"https:\/\/insulation.trocellen.com\/wp-content\/uploads\/sites\/6\/2013\/12\/Optimized-Trocellen_Isolmass-22-300x200.jpg\",\"contentUrl\":\"https:\/\/insulation.trocellen.com\/wp-content\/uploads\/sites\/6\/2013\/12\/Optimized-Trocellen_Isolmass-22-300x200.jpg\"},{\"@type\":\"BreadcrumbList\",\"@id\":\"https:\/\/insulation.trocellen.com\/de\/anwendungen\/parkett-und-bodenbelage\/isolmass-22\/#breadcrumb\",\"itemListElement\":[{\"@type\":\"ListItem\",\"position\":1,\"name\":\"Home\",\"item\":\"https:\/\/insulation.trocellen.com\/de\/\"},{\"@type\":\"ListItem\",\"position\":2,\"name\":\"Anwendungen\",\"item\":\"https:\/\/insulation.trocellen.com\/de\/anwendungen\/\"},{\"@type\":\"ListItem\",\"position\":3,\"name\":\"Parkett und Bodenbel\u00e4ge\",\"item\":\"https:\/\/insulation.trocellen.com\/de\/anwendungen\/parkett-und-bodenbelage\/\"},{\"@type\":\"ListItem\",\"position\":4,\"name\":\"Isolmass 22\"}]},{\"@type\":\"WebSite\",\"@id\":\"https:\/\/insulation.trocellen.com\/de\/#website\",\"url\":\"https:\/\/insulation.trocellen.com\/de\/\",\"name\":\"Trocellen Insulation\",\"description\":\"\",\"potentialAction\":[{\"@type\":\"SearchAction\",\"target\":{\"@type\":\"EntryPoint\",\"urlTemplate\":\"https:\/\/insulation.trocellen.com\/de\/?s={search_term_string}\"},\"query-input\":{\"@type\":\"PropertyValueSpecification\",\"valueRequired\":true,\"valueName\":\"search_term_string\"}}],\"inLanguage\":\"de\"}]}<\/script>\n<!-- \/ Yoast SEO plugin. -->","yoast_head_json":{"title":"Isolmass ist ein mehrschichtiger, absorbierender Schaumstoff","description":"Das Isolationsmaterial von Trocellen Isolmass ist f\u00fcr die alternative Schalld\u00e4mmung f\u00fcr Kunden geeignet, die dabei kein Blei verwenden m\u00f6chten.","robots":{"index":"index","follow":"follow","max-snippet":"max-snippet:-1","max-image-preview":"max-image-preview:large","max-video-preview":"max-video-preview:-1"},"canonical":"https:\/\/insulation.trocellen.com\/de\/anwendungen\/parkett-und-bodenbelage\/isolmass-22\/","og_locale":"de_DE","og_type":"article","og_title":"Isolmass ist ein mehrschichtiger, absorbierender Schaumstoff","og_description":"Das Isolationsmaterial von Trocellen Isolmass ist f\u00fcr die alternative Schalld\u00e4mmung f\u00fcr Kunden geeignet, die dabei kein Blei verwenden m\u00f6chten.","og_url":"https:\/\/insulation.trocellen.com\/de\/anwendungen\/parkett-und-bodenbelage\/isolmass-22\/","og_site_name":"Trocellen Insulation","article_modified_time":"2024-04-08T11:57:34+00:00","og_image":[{"url":"https:\/\/insulation.trocellen.com\/wp-content\/uploads\/sites\/6\/2013\/12\/Optimized-Trocellen_Isolmass-22-300x200.jpg"}],"twitter_card":"summary_large_image","twitter_misc":{"Gesch\u00e4tzte Lesezeit":"1\u00a0Minute"},"schema":{"@context":"https:\/\/schema.org","@graph":[{"@type":"WebPage","@id":"https:\/\/insulation.trocellen.com\/de\/anwendungen\/parkett-und-bodenbelage\/isolmass-22\/","url":"https:\/\/insulation.trocellen.com\/de\/anwendungen\/parkett-und-bodenbelage\/isolmass-22\/","name":"Isolmass ist ein mehrschichtiger, absorbierender Schaumstoff","isPartOf":{"@id":"https:\/\/insulation.trocellen.com\/de\/#website"},"primaryImageOfPage":{"@id":"https:\/\/insulation.trocellen.com\/de\/anwendungen\/parkett-und-bodenbelage\/isolmass-22\/#primaryimage"},"image":{"@id":"https:\/\/insulation.trocellen.com\/de\/anwendungen\/parkett-und-bodenbelage\/isolmass-22\/#primaryimage"},"thumbnailUrl":"https:\/\/insulation.trocellen.com\/wp-content\/uploads\/sites\/6\/2013\/12\/Optimized-Trocellen_Isolmass-22-300x200.jpg","datePublished":"2013-12-12T17:20:05+00:00","dateModified":"2024-04-08T11:57:34+00:00","description":"Das Isolationsmaterial von Trocellen Isolmass ist f\u00fcr die alternative Schalld\u00e4mmung f\u00fcr Kunden geeignet, die dabei kein Blei verwenden m\u00f6chten.","breadcrumb":{"@id":"https:\/\/insulation.trocellen.com\/de\/anwendungen\/parkett-und-bodenbelage\/isolmass-22\/#breadcrumb"},"inLanguage":"de","potentialAction":[{"@type":"ReadAction","target":["https:\/\/insulation.trocellen.com\/de\/anwendungen\/parkett-und-bodenbelage\/isolmass-22\/"]}]},{"@type":"ImageObject","inLanguage":"de","@id":"https:\/\/insulation.trocellen.com\/de\/anwendungen\/parkett-und-bodenbelage\/isolmass-22\/#primaryimage","url":"https:\/\/insulation.trocellen.com\/wp-content\/uploads\/sites\/6\/2013\/12\/Optimized-Trocellen_Isolmass-22-300x200.jpg","contentUrl":"https:\/\/insulation.trocellen.com\/wp-content\/uploads\/sites\/6\/2013\/12\/Optimized-Trocellen_Isolmass-22-300x200.jpg"},{"@type":"BreadcrumbList","@id":"https:\/\/insulation.trocellen.com\/de\/anwendungen\/parkett-und-bodenbelage\/isolmass-22\/#breadcrumb","itemListElement":[{"@type":"ListItem","position":1,"name":"Home","item":"https:\/\/insulation.trocellen.com\/de\/"},{"@type":"ListItem","position":2,"name":"Anwendungen","item":"https:\/\/insulation.trocellen.com\/de\/anwendungen\/"},{"@type":"ListItem","position":3,"name":"Parkett und Bodenbel\u00e4ge","item":"https:\/\/insulation.trocellen.com\/de\/anwendungen\/parkett-und-bodenbelage\/"},{"@type":"ListItem","position":4,"name":"Isolmass 22"}]},{"@type":"WebSite","@id":"https:\/\/insulation.trocellen.com\/de\/#website","url":"https:\/\/insulation.trocellen.com\/de\/","name":"Trocellen Insulation","description":"","potentialAction":[{"@type":"SearchAction","target":{"@type":"EntryPoint","urlTemplate":"https:\/\/insulation.trocellen.com\/de\/?s={search_term_string}"},"query-input":{"@type":"PropertyValueSpecification","valueRequired":true,"valueName":"search_term_string"}}],"inLanguage":"de"}]}},"_links":{"self":[{"href":"https:\/\/insulation.trocellen.com\/de\/wp-json\/wp\/v2\/pages\/4158","targetHints":{"allow":["GET"]}}],"collection":[{"href":"https:\/\/insulation.trocellen.com\/de\/wp-json\/wp\/v2\/pages"}],"about":[{"href":"https:\/\/insulation.trocellen.com\/de\/wp-json\/wp\/v2\/types\/page"}],"author":[{"embeddable":true,"href":"https:\/\/insulation.trocellen.com\/de\/wp-json\/wp\/v2\/users\/1"}],"replies":[{"embeddable":true,"href":"https:\/\/insulation.trocellen.com\/de\/wp-json\/wp\/v2\/comments?post=4158"}],"version-history":[{"count":3,"href":"https:\/\/insulation.trocellen.com\/de\/wp-json\/wp\/v2\/pages\/4158\/revisions"}],"predecessor-version":[{"id":10735,"href":"https:\/\/insulation.trocellen.com\/de\/wp-json\/wp\/v2\/pages\/4158\/revisions\/10735"}],"up":[{"embeddable":true,"href":"https:\/\/insulation.trocellen.com\/de\/wp-json\/wp\/v2\/pages\/4110"}],"wp:attachment":[{"href":"https:\/\/insulation.trocellen.com\/de\/wp-json\/wp\/v2\/media?parent=4158"}],"curies":[{"name":"wp","href":"https:\/\/api.w.org\/{rel}","templated":true}]}}