{"id":4152,"date":"2013-12-12T17:19:53","date_gmt":"2013-12-12T17:19:53","guid":{"rendered":"https:\/\/insulation-new.trocellen.com\/aplomb-22\/"},"modified":"2023-07-10T12:19:41","modified_gmt":"2023-07-10T12:19:41","slug":"aplomb-22","status":"publish","type":"page","link":"https:\/\/insulation.trocellen.com\/de\/anwendungen\/parkett-und-bodenbelage\/aplomb-22\/","title":{"rendered":"Aplomb 22"},"content":{"rendered":"<p>Wir sind t\u00e4glich von unterschiedlichsten Ger\u00e4uschquellen umgeben. Trocellen entwickelt kontinuierlich Schaumstoffl\u00f6sungen zur hervorragenden W\u00e4rme- und Schalld\u00e4mmung.<\/p>\n<p>Zur Produktfamilie Trocellen Aplomb geh\u00f6ren Mehrschichtprodukte mit einer oder mehreren Bleischichten, auf die flexible, schall-d\u00e4mmenden und \u2013d\u00e4mpfenden&nbsp;Materialien aufkaschiert werden.<\/p>\n<p><a href=\"https:\/\/insulation.trocellen.com\/wp-content\/uploads\/sites\/6\/2013\/12\/aplomb-22.jpg\" rel=\"attachment wp-att-1334\"><img loading=\"lazy\" decoding=\"async\" class=\"alignnone size-full wp-image-1334\" src=\"https:\/\/insulation.trocellen.com\/wp-content\/uploads\/sites\/6\/2013\/12\/aplomb-22.jpg\" alt=\"aplomb-22\" width=\"800\" height=\"525\"><\/a><\/p>\n<h2>Aplomb 22 \u2013 f\u00fcr Wand- und Bodend\u00e4mmung<\/h2>\n<h3>Zusammenzetzung:<\/h3>\n<ul>\n<li>0,35 mm, 4 kg\/m\u00b2 schwere Bleischicht, beidseitig aufkaschiert mit 3 mm dicker, &nbsp;mit schwarzer Pr\u00e4gefolie beschichteten schwingungsd\u00e4mpfenden &nbsp;PE-Schaumstoff<\/li>\n<\/ul>\n<h3>Anwendungsbereiche:<\/h3>\n<ul>\n<li>Ger\u00e4uschd\u00e4mmung in horizontalen Ebenen<\/li>\n<li>Aplomb 22 soll so verwendet werden, dass man die L\u00e4rmemission- und immission in bestimmten Bereichen verhindert (insbesondere tieffrequente Ger\u00e4usche)<\/li>\n<li>Das Produkt kann, zur Installationserleichterung und provisorischen Montage, &nbsp;in selbstklebender Version geliefert werden. Das Produkt muss anschlie\u00dfend mit mechanischen Befestigungen gesichert werden<\/li>\n<\/ul>\n","protected":false},"excerpt":{"rendered":"<p>Wir sind t\u00e4glich von unterschiedlichsten Ger\u00e4uschquellen umgeben. Trocellen entwickelt kontinuierlich Schaumstoffl\u00f6sungen zur hervorragenden W\u00e4rme- und Schalld\u00e4mmung. Zur Produktfamilie Trocellen Aplomb geh\u00f6ren Mehrschichtprodukte mit einer oder mehreren Bleischichten, auf die flexible, schall-d\u00e4mmenden und \u2013d\u00e4mpfenden&nbsp;Materialien aufkaschiert werden. Aplomb 22 \u2013 f\u00fcr Wand- und Bodend\u00e4mmung Zusammenzetzung: 0,35 mm, 4 kg\/m\u00b2 schwere Bleischicht, beidseitig aufkaschiert mit 3 mm dicker, [&hellip;]<\/p>\n","protected":false},"author":1,"featured_media":0,"parent":4110,"menu_order":200,"comment_status":"open","ping_status":"closed","template":"templates\/applications.php","meta":{"_acf_changed":false,"footnotes":""},"class_list":["post-4152","page","type-page","status-publish","hentry"],"acf":[],"yoast_head":"<!-- This site is optimized with the Yoast SEO plugin v23.5 - https:\/\/yoast.com\/wordpress\/plugins\/seo\/ -->\n<title>Aplomb 22 ist perfekt f\u00fcr die D\u00e4mmung von W\u00e4nden und B\u00f6den<\/title>\n<meta name=\"description\" content=\"Die Aplomb-Artikel sind mehrschichtige Produkte, bei denen eine Bleischicht mit flexiblen, d\u00e4mpfenden und schallabsorbierenden Materialien verbunden ist.\" \/>\n<meta name=\"robots\" content=\"index, follow, max-snippet:-1, max-image-preview:large, max-video-preview:-1\" \/>\n<link rel=\"canonical\" href=\"https:\/\/insulation.trocellen.com\/de\/anwendungen\/parkett-und-bodenbelage\/aplomb-22\/\" \/>\n<meta property=\"og:locale\" content=\"de_DE\" \/>\n<meta property=\"og:type\" content=\"article\" \/>\n<meta property=\"og:title\" content=\"Aplomb 22 ist perfekt f\u00fcr die D\u00e4mmung von W\u00e4nden und B\u00f6den\" \/>\n<meta property=\"og:description\" content=\"Die Aplomb-Artikel sind mehrschichtige Produkte, bei denen eine Bleischicht mit flexiblen, d\u00e4mpfenden und schallabsorbierenden Materialien verbunden ist.\" \/>\n<meta property=\"og:url\" content=\"https:\/\/insulation.trocellen.com\/de\/anwendungen\/parkett-und-bodenbelage\/aplomb-22\/\" \/>\n<meta property=\"og:site_name\" content=\"Trocellen Insulation\" \/>\n<meta property=\"article:modified_time\" content=\"2023-07-10T12:19:41+00:00\" \/>\n<meta property=\"og:image\" content=\"https:\/\/insulation.trocellen.com\/wp-content\/uploads\/sites\/6\/2013\/12\/aplomb-22.jpg\" \/>\n<meta name=\"twitter:card\" content=\"summary_large_image\" \/>\n<meta name=\"twitter:label1\" content=\"Gesch\u00e4tzte Lesezeit\" \/>\n\t<meta name=\"twitter:data1\" content=\"1\u00a0Minute\" \/>\n<script type=\"application\/ld+json\" class=\"yoast-schema-graph\">{\"@context\":\"https:\/\/schema.org\",\"@graph\":[{\"@type\":\"WebPage\",\"@id\":\"https:\/\/insulation.trocellen.com\/de\/anwendungen\/parkett-und-bodenbelage\/aplomb-22\/\",\"url\":\"https:\/\/insulation.trocellen.com\/de\/anwendungen\/parkett-und-bodenbelage\/aplomb-22\/\",\"name\":\"Aplomb 22 ist perfekt f\u00fcr die D\u00e4mmung von W\u00e4nden und B\u00f6den\",\"isPartOf\":{\"@id\":\"https:\/\/insulation.trocellen.com\/de\/#website\"},\"primaryImageOfPage\":{\"@id\":\"https:\/\/insulation.trocellen.com\/de\/anwendungen\/parkett-und-bodenbelage\/aplomb-22\/#primaryimage\"},\"image\":{\"@id\":\"https:\/\/insulation.trocellen.com\/de\/anwendungen\/parkett-und-bodenbelage\/aplomb-22\/#primaryimage\"},\"thumbnailUrl\":\"https:\/\/insulation.trocellen.com\/wp-content\/uploads\/sites\/6\/2013\/12\/aplomb-22.jpg\",\"datePublished\":\"2013-12-12T17:19:53+00:00\",\"dateModified\":\"2023-07-10T12:19:41+00:00\",\"description\":\"Die Aplomb-Artikel sind mehrschichtige Produkte, bei denen eine Bleischicht mit flexiblen, d\u00e4mpfenden und schallabsorbierenden Materialien verbunden ist.\",\"breadcrumb\":{\"@id\":\"https:\/\/insulation.trocellen.com\/de\/anwendungen\/parkett-und-bodenbelage\/aplomb-22\/#breadcrumb\"},\"inLanguage\":\"de\",\"potentialAction\":[{\"@type\":\"ReadAction\",\"target\":[\"https:\/\/insulation.trocellen.com\/de\/anwendungen\/parkett-und-bodenbelage\/aplomb-22\/\"]}]},{\"@type\":\"ImageObject\",\"inLanguage\":\"de\",\"@id\":\"https:\/\/insulation.trocellen.com\/de\/anwendungen\/parkett-und-bodenbelage\/aplomb-22\/#primaryimage\",\"url\":\"https:\/\/insulation.trocellen.com\/wp-content\/uploads\/sites\/6\/2013\/12\/aplomb-22.jpg\",\"contentUrl\":\"https:\/\/insulation.trocellen.com\/wp-content\/uploads\/sites\/6\/2013\/12\/aplomb-22.jpg\"},{\"@type\":\"BreadcrumbList\",\"@id\":\"https:\/\/insulation.trocellen.com\/de\/anwendungen\/parkett-und-bodenbelage\/aplomb-22\/#breadcrumb\",\"itemListElement\":[{\"@type\":\"ListItem\",\"position\":1,\"name\":\"Home\",\"item\":\"https:\/\/insulation.trocellen.com\/de\/\"},{\"@type\":\"ListItem\",\"position\":2,\"name\":\"Anwendungen\",\"item\":\"https:\/\/insulation.trocellen.com\/de\/anwendungen\/\"},{\"@type\":\"ListItem\",\"position\":3,\"name\":\"Parkett und Bodenbel\u00e4ge\",\"item\":\"https:\/\/insulation.trocellen.com\/de\/anwendungen\/parkett-und-bodenbelage\/\"},{\"@type\":\"ListItem\",\"position\":4,\"name\":\"Aplomb 22\"}]},{\"@type\":\"WebSite\",\"@id\":\"https:\/\/insulation.trocellen.com\/de\/#website\",\"url\":\"https:\/\/insulation.trocellen.com\/de\/\",\"name\":\"Trocellen Insulation\",\"description\":\"\",\"potentialAction\":[{\"@type\":\"SearchAction\",\"target\":{\"@type\":\"EntryPoint\",\"urlTemplate\":\"https:\/\/insulation.trocellen.com\/de\/?s={search_term_string}\"},\"query-input\":{\"@type\":\"PropertyValueSpecification\",\"valueRequired\":true,\"valueName\":\"search_term_string\"}}],\"inLanguage\":\"de\"}]}<\/script>\n<!-- \/ Yoast SEO plugin. -->","yoast_head_json":{"title":"Aplomb 22 ist perfekt f\u00fcr die D\u00e4mmung von W\u00e4nden und B\u00f6den","description":"Die Aplomb-Artikel sind mehrschichtige Produkte, bei denen eine Bleischicht mit flexiblen, d\u00e4mpfenden und schallabsorbierenden Materialien verbunden ist.","robots":{"index":"index","follow":"follow","max-snippet":"max-snippet:-1","max-image-preview":"max-image-preview:large","max-video-preview":"max-video-preview:-1"},"canonical":"https:\/\/insulation.trocellen.com\/de\/anwendungen\/parkett-und-bodenbelage\/aplomb-22\/","og_locale":"de_DE","og_type":"article","og_title":"Aplomb 22 ist perfekt f\u00fcr die D\u00e4mmung von W\u00e4nden und B\u00f6den","og_description":"Die Aplomb-Artikel sind mehrschichtige Produkte, bei denen eine Bleischicht mit flexiblen, d\u00e4mpfenden und schallabsorbierenden Materialien verbunden ist.","og_url":"https:\/\/insulation.trocellen.com\/de\/anwendungen\/parkett-und-bodenbelage\/aplomb-22\/","og_site_name":"Trocellen Insulation","article_modified_time":"2023-07-10T12:19:41+00:00","og_image":[{"url":"https:\/\/insulation.trocellen.com\/wp-content\/uploads\/sites\/6\/2013\/12\/aplomb-22.jpg"}],"twitter_card":"summary_large_image","twitter_misc":{"Gesch\u00e4tzte Lesezeit":"1\u00a0Minute"},"schema":{"@context":"https:\/\/schema.org","@graph":[{"@type":"WebPage","@id":"https:\/\/insulation.trocellen.com\/de\/anwendungen\/parkett-und-bodenbelage\/aplomb-22\/","url":"https:\/\/insulation.trocellen.com\/de\/anwendungen\/parkett-und-bodenbelage\/aplomb-22\/","name":"Aplomb 22 ist perfekt f\u00fcr die D\u00e4mmung von W\u00e4nden und B\u00f6den","isPartOf":{"@id":"https:\/\/insulation.trocellen.com\/de\/#website"},"primaryImageOfPage":{"@id":"https:\/\/insulation.trocellen.com\/de\/anwendungen\/parkett-und-bodenbelage\/aplomb-22\/#primaryimage"},"image":{"@id":"https:\/\/insulation.trocellen.com\/de\/anwendungen\/parkett-und-bodenbelage\/aplomb-22\/#primaryimage"},"thumbnailUrl":"https:\/\/insulation.trocellen.com\/wp-content\/uploads\/sites\/6\/2013\/12\/aplomb-22.jpg","datePublished":"2013-12-12T17:19:53+00:00","dateModified":"2023-07-10T12:19:41+00:00","description":"Die Aplomb-Artikel sind mehrschichtige Produkte, bei denen eine Bleischicht mit flexiblen, d\u00e4mpfenden und schallabsorbierenden Materialien verbunden ist.","breadcrumb":{"@id":"https:\/\/insulation.trocellen.com\/de\/anwendungen\/parkett-und-bodenbelage\/aplomb-22\/#breadcrumb"},"inLanguage":"de","potentialAction":[{"@type":"ReadAction","target":["https:\/\/insulation.trocellen.com\/de\/anwendungen\/parkett-und-bodenbelage\/aplomb-22\/"]}]},{"@type":"ImageObject","inLanguage":"de","@id":"https:\/\/insulation.trocellen.com\/de\/anwendungen\/parkett-und-bodenbelage\/aplomb-22\/#primaryimage","url":"https:\/\/insulation.trocellen.com\/wp-content\/uploads\/sites\/6\/2013\/12\/aplomb-22.jpg","contentUrl":"https:\/\/insulation.trocellen.com\/wp-content\/uploads\/sites\/6\/2013\/12\/aplomb-22.jpg"},{"@type":"BreadcrumbList","@id":"https:\/\/insulation.trocellen.com\/de\/anwendungen\/parkett-und-bodenbelage\/aplomb-22\/#breadcrumb","itemListElement":[{"@type":"ListItem","position":1,"name":"Home","item":"https:\/\/insulation.trocellen.com\/de\/"},{"@type":"ListItem","position":2,"name":"Anwendungen","item":"https:\/\/insulation.trocellen.com\/de\/anwendungen\/"},{"@type":"ListItem","position":3,"name":"Parkett und Bodenbel\u00e4ge","item":"https:\/\/insulation.trocellen.com\/de\/anwendungen\/parkett-und-bodenbelage\/"},{"@type":"ListItem","position":4,"name":"Aplomb 22"}]},{"@type":"WebSite","@id":"https:\/\/insulation.trocellen.com\/de\/#website","url":"https:\/\/insulation.trocellen.com\/de\/","name":"Trocellen Insulation","description":"","potentialAction":[{"@type":"SearchAction","target":{"@type":"EntryPoint","urlTemplate":"https:\/\/insulation.trocellen.com\/de\/?s={search_term_string}"},"query-input":{"@type":"PropertyValueSpecification","valueRequired":true,"valueName":"search_term_string"}}],"inLanguage":"de"}]}},"_links":{"self":[{"href":"https:\/\/insulation.trocellen.com\/de\/wp-json\/wp\/v2\/pages\/4152","targetHints":{"allow":["GET"]}}],"collection":[{"href":"https:\/\/insulation.trocellen.com\/de\/wp-json\/wp\/v2\/pages"}],"about":[{"href":"https:\/\/insulation.trocellen.com\/de\/wp-json\/wp\/v2\/types\/page"}],"author":[{"embeddable":true,"href":"https:\/\/insulation.trocellen.com\/de\/wp-json\/wp\/v2\/users\/1"}],"replies":[{"embeddable":true,"href":"https:\/\/insulation.trocellen.com\/de\/wp-json\/wp\/v2\/comments?post=4152"}],"version-history":[{"count":1,"href":"https:\/\/insulation.trocellen.com\/de\/wp-json\/wp\/v2\/pages\/4152\/revisions"}],"predecessor-version":[{"id":9834,"href":"https:\/\/insulation.trocellen.com\/de\/wp-json\/wp\/v2\/pages\/4152\/revisions\/9834"}],"up":[{"embeddable":true,"href":"https:\/\/insulation.trocellen.com\/de\/wp-json\/wp\/v2\/pages\/4110"}],"wp:attachment":[{"href":"https:\/\/insulation.trocellen.com\/de\/wp-json\/wp\/v2\/media?parent=4152"}],"curies":[{"name":"wp","href":"https:\/\/api.w.org\/{rel}","templated":true}]}}