{"id":4146,"date":"2013-12-12T17:19:36","date_gmt":"2013-12-12T17:19:36","guid":{"rendered":"https:\/\/insulation-new.trocellen.com\/trocellen-parkettunterlage\/"},"modified":"2023-07-10T12:21:55","modified_gmt":"2023-07-10T12:21:55","slug":"trocellen-parkettunterlage","status":"publish","type":"page","link":"https:\/\/insulation.trocellen.com\/de\/anwendungen\/parkett-und-bodenbelage\/trocellen-parkettunterlage\/","title":{"rendered":"Trocellen Parkettunterlage"},"content":{"rendered":"<p>Trocellen bietet eine gro\u00dfe Auswahl von L\u00f6sungen zur Ger\u00e4uschd\u00e4mmung f\u00fcr mehr Komfort in unterschiedlichsten Anwendungsbereichen. Unsere Parkettunterlagen sind f\u00fcr die schwimmende Verlegung ausgelegt und eignen sich ideal zur Trittschalld\u00e4mmung.<\/p>\n<h2><b>Produktpalette&nbsp;<\/b><\/h2>\n<p><img loading=\"lazy\" decoding=\"async\" class=\"size-full wp-image-179 alignright\" src=\"https:\/\/insulation.trocellen.com\/wp-content\/uploads\/sites\/6\/2013\/12\/parquet1.jpg\" alt=\"parquet1\" width=\"163\" height=\"104\"><\/p>\n<h3>Trocellen VN:<\/h3>\n<ul>\n<li>Physisch vernetzter PE-Schaumstoff<\/li>\n<li>Dichte: 30 kg\/m\u00b3<\/li>\n<\/ul>\n<h3>Trocellen AL:<\/h3>\n<ul>\n<li>Chemisch-vernetzter PE-Schaumstoff mit kratzfester metallischer Pr\u00e4gefolie (30 Mikrometer) und Webkante<\/li>\n<li>Dichte : 30 kg\/m\u00b3<\/li>\n<\/ul>\n<h2>Eigenschaften<\/h2>\n<table class=\"green-table\">\n<thead>\n<tr>\n<th class=\"green-table-first-cell\"><\/th>\n<th>&nbsp;Norm<\/th>\n<th>&nbsp;Einheit<\/th>\n<th>Trocellen<br \/>\nVN<\/th>\n<th>&nbsp;Trocellen<br \/>\nAL<\/th>\n<\/tr>\n<\/thead>\n<tbody>\n<tr>\n<th>Dicke<\/th>\n<td>EN ISO 1923<\/td>\n<td>&nbsp;mm<\/td>\n<td>&nbsp;2-3<\/td>\n<td>&nbsp;2,5<\/td>\n<\/tr>\n<tr>\n<th>Dimensionsstabilt\u00e4t (&lt;5%)<\/th>\n<td>ISO 2796<\/td>\n<td>\u00b0C<\/td>\n<td>90<\/td>\n<td>100<\/td>\n<\/tr>\n<tr>\n<th>W\u00e4rmeleitf\u00e4higkeit bei 10\u00b0C (\u03bb)<\/th>\n<td>EN 12667<\/td>\n<td>W\/mK<br \/>\nkcal\/mh\u00b0C<\/td>\n<td>0,0367<br \/>\n0,0317<\/td>\n<td>0,0367<br \/>\n0,0317<\/td>\n<\/tr>\n<tr>\n<th>Trittschalld\u00e4mmung \u0394Lw<\/th>\n<td>EN ISO 140\/6-8<br \/>\nEN ISO 717\/2<\/td>\n<td>dB<\/td>\n<td>&nbsp;5 mm: 23,5<\/td>\n<td>NF S<br \/>\n31.053: 20<\/td>\n<\/tr>\n<\/tbody>\n<\/table>\n<h2>Vorteile<\/h2>\n<ul>\n<li>Gesundheitlich unbedenklich \u2013 toxikologisch unbedenklich, allergenfrei, schimmelresistent und wiederverwertbar<\/li>\n<li>Ressourcenschonend \u2013 geringes Gewicht \u2013 einfach zu transportieren und zu handhaben<\/li>\n<li>Zeitsparend \u2013 flexibel \u2013 einfache Anbringung<\/li>\n<li>Hoher Komfort \u2013 optimale Trittschalld\u00e4mpfung- und Klopfschalld\u00e4mpfung<\/li>\n<li>Guter Bodentr\u00e4ger und f\u00fcr Fu\u00dfbodenheizung geeignet<\/li>\n<li>Sch\u00fctzt Ihren Boden \u2013 wasserdampfsperrende Eigenschaften<\/li>\n<li>Kostensparend \u2013 \u00e4u\u00dferst lange Haltbarkeit<\/li>\n<\/ul>\n","protected":false},"excerpt":{"rendered":"<p>Trocellen bietet eine gro\u00dfe Auswahl von L\u00f6sungen zur Ger\u00e4uschd\u00e4mmung f\u00fcr mehr Komfort in unterschiedlichsten Anwendungsbereichen. Unsere Parkettunterlagen sind f\u00fcr die schwimmende Verlegung ausgelegt und eignen sich ideal zur Trittschalld\u00e4mmung. Produktpalette&nbsp; Trocellen VN: Physisch vernetzter PE-Schaumstoff Dichte: 30 kg\/m\u00b3 Trocellen AL: Chemisch-vernetzter PE-Schaumstoff mit kratzfester metallischer Pr\u00e4gefolie (30 Mikrometer) und Webkante Dichte : 30 kg\/m\u00b3 Eigenschaften [&hellip;]<\/p>\n","protected":false},"author":1,"featured_media":8861,"parent":4110,"menu_order":100,"comment_status":"open","ping_status":"closed","template":"templates\/applications.php","meta":{"_acf_changed":false,"footnotes":""},"class_list":["post-4146","page","type-page","status-publish","has-post-thumbnail","hentry"],"acf":[],"yoast_head":"<!-- This site is optimized with the Yoast SEO plugin v23.5 - https:\/\/yoast.com\/wordpress\/plugins\/seo\/ -->\n<title>Die professionelle Parkettunterlage von Trocellen<\/title>\n<meta name=\"description\" content=\"Die Parkettunterlagen von Trocellen sollten schwimmend verlegt werden und sind ideal f\u00fcr die akustische D\u00e4mmung des Trittschalls.\" \/>\n<meta name=\"robots\" content=\"index, follow, max-snippet:-1, max-image-preview:large, max-video-preview:-1\" \/>\n<link rel=\"canonical\" href=\"https:\/\/insulation.trocellen.com\/de\/anwendungen\/parkett-und-bodenbelage\/trocellen-parkettunterlage\/\" \/>\n<meta property=\"og:locale\" content=\"de_DE\" \/>\n<meta property=\"og:type\" content=\"article\" \/>\n<meta property=\"og:title\" content=\"Die professionelle Parkettunterlage von Trocellen\" \/>\n<meta property=\"og:description\" content=\"Die Parkettunterlagen von Trocellen sollten schwimmend verlegt werden und sind ideal f\u00fcr die akustische D\u00e4mmung des Trittschalls.\" \/>\n<meta property=\"og:url\" content=\"https:\/\/insulation.trocellen.com\/de\/anwendungen\/parkett-und-bodenbelage\/trocellen-parkettunterlage\/\" \/>\n<meta property=\"og:site_name\" content=\"Trocellen Insulation\" \/>\n<meta property=\"article:modified_time\" content=\"2023-07-10T12:21:55+00:00\" \/>\n<meta property=\"og:image\" content=\"https:\/\/insulation.trocellen.com\/wp-content\/uploads\/sites\/6\/2023\/05\/parquet-underlay-fejlec.jpg\" \/>\n\t<meta property=\"og:image:width\" content=\"1920\" \/>\n\t<meta property=\"og:image:height\" content=\"300\" \/>\n\t<meta property=\"og:image:type\" content=\"image\/jpeg\" \/>\n<meta name=\"twitter:card\" content=\"summary_large_image\" \/>\n<meta name=\"twitter:label1\" content=\"Gesch\u00e4tzte Lesezeit\" \/>\n\t<meta name=\"twitter:data1\" content=\"1\u00a0Minute\" \/>\n<script type=\"application\/ld+json\" class=\"yoast-schema-graph\">{\"@context\":\"https:\/\/schema.org\",\"@graph\":[{\"@type\":\"WebPage\",\"@id\":\"https:\/\/insulation.trocellen.com\/de\/anwendungen\/parkett-und-bodenbelage\/trocellen-parkettunterlage\/\",\"url\":\"https:\/\/insulation.trocellen.com\/de\/anwendungen\/parkett-und-bodenbelage\/trocellen-parkettunterlage\/\",\"name\":\"Die professionelle Parkettunterlage von Trocellen\",\"isPartOf\":{\"@id\":\"https:\/\/insulation.trocellen.com\/de\/#website\"},\"primaryImageOfPage\":{\"@id\":\"https:\/\/insulation.trocellen.com\/de\/anwendungen\/parkett-und-bodenbelage\/trocellen-parkettunterlage\/#primaryimage\"},\"image\":{\"@id\":\"https:\/\/insulation.trocellen.com\/de\/anwendungen\/parkett-und-bodenbelage\/trocellen-parkettunterlage\/#primaryimage\"},\"thumbnailUrl\":\"https:\/\/insulation.trocellen.com\/wp-content\/uploads\/sites\/6\/2023\/05\/parquet-underlay-fejlec.jpg\",\"datePublished\":\"2013-12-12T17:19:36+00:00\",\"dateModified\":\"2023-07-10T12:21:55+00:00\",\"description\":\"Die Parkettunterlagen von Trocellen sollten schwimmend verlegt werden und sind ideal f\u00fcr die akustische D\u00e4mmung des Trittschalls.\",\"breadcrumb\":{\"@id\":\"https:\/\/insulation.trocellen.com\/de\/anwendungen\/parkett-und-bodenbelage\/trocellen-parkettunterlage\/#breadcrumb\"},\"inLanguage\":\"de\",\"potentialAction\":[{\"@type\":\"ReadAction\",\"target\":[\"https:\/\/insulation.trocellen.com\/de\/anwendungen\/parkett-und-bodenbelage\/trocellen-parkettunterlage\/\"]}]},{\"@type\":\"ImageObject\",\"inLanguage\":\"de\",\"@id\":\"https:\/\/insulation.trocellen.com\/de\/anwendungen\/parkett-und-bodenbelage\/trocellen-parkettunterlage\/#primaryimage\",\"url\":\"https:\/\/insulation.trocellen.com\/wp-content\/uploads\/sites\/6\/2023\/05\/parquet-underlay-fejlec.jpg\",\"contentUrl\":\"https:\/\/insulation.trocellen.com\/wp-content\/uploads\/sites\/6\/2023\/05\/parquet-underlay-fejlec.jpg\",\"width\":1920,\"height\":300},{\"@type\":\"BreadcrumbList\",\"@id\":\"https:\/\/insulation.trocellen.com\/de\/anwendungen\/parkett-und-bodenbelage\/trocellen-parkettunterlage\/#breadcrumb\",\"itemListElement\":[{\"@type\":\"ListItem\",\"position\":1,\"name\":\"Home\",\"item\":\"https:\/\/insulation.trocellen.com\/de\/\"},{\"@type\":\"ListItem\",\"position\":2,\"name\":\"Anwendungen\",\"item\":\"https:\/\/insulation.trocellen.com\/de\/anwendungen\/\"},{\"@type\":\"ListItem\",\"position\":3,\"name\":\"Parkett und Bodenbel\u00e4ge\",\"item\":\"https:\/\/insulation.trocellen.com\/de\/anwendungen\/parkett-und-bodenbelage\/\"},{\"@type\":\"ListItem\",\"position\":4,\"name\":\"Trocellen Parkettunterlage\"}]},{\"@type\":\"WebSite\",\"@id\":\"https:\/\/insulation.trocellen.com\/de\/#website\",\"url\":\"https:\/\/insulation.trocellen.com\/de\/\",\"name\":\"Trocellen Insulation\",\"description\":\"\",\"potentialAction\":[{\"@type\":\"SearchAction\",\"target\":{\"@type\":\"EntryPoint\",\"urlTemplate\":\"https:\/\/insulation.trocellen.com\/de\/?s={search_term_string}\"},\"query-input\":{\"@type\":\"PropertyValueSpecification\",\"valueRequired\":true,\"valueName\":\"search_term_string\"}}],\"inLanguage\":\"de\"}]}<\/script>\n<!-- \/ Yoast SEO plugin. -->","yoast_head_json":{"title":"Die professionelle Parkettunterlage von Trocellen","description":"Die Parkettunterlagen von Trocellen sollten schwimmend verlegt werden und sind ideal f\u00fcr die akustische D\u00e4mmung des Trittschalls.","robots":{"index":"index","follow":"follow","max-snippet":"max-snippet:-1","max-image-preview":"max-image-preview:large","max-video-preview":"max-video-preview:-1"},"canonical":"https:\/\/insulation.trocellen.com\/de\/anwendungen\/parkett-und-bodenbelage\/trocellen-parkettunterlage\/","og_locale":"de_DE","og_type":"article","og_title":"Die professionelle Parkettunterlage von Trocellen","og_description":"Die Parkettunterlagen von Trocellen sollten schwimmend verlegt werden und sind ideal f\u00fcr die akustische D\u00e4mmung des Trittschalls.","og_url":"https:\/\/insulation.trocellen.com\/de\/anwendungen\/parkett-und-bodenbelage\/trocellen-parkettunterlage\/","og_site_name":"Trocellen Insulation","article_modified_time":"2023-07-10T12:21:55+00:00","og_image":[{"width":1920,"height":300,"url":"https:\/\/insulation.trocellen.com\/wp-content\/uploads\/sites\/6\/2023\/05\/parquet-underlay-fejlec.jpg","type":"image\/jpeg"}],"twitter_card":"summary_large_image","twitter_misc":{"Gesch\u00e4tzte Lesezeit":"1\u00a0Minute"},"schema":{"@context":"https:\/\/schema.org","@graph":[{"@type":"WebPage","@id":"https:\/\/insulation.trocellen.com\/de\/anwendungen\/parkett-und-bodenbelage\/trocellen-parkettunterlage\/","url":"https:\/\/insulation.trocellen.com\/de\/anwendungen\/parkett-und-bodenbelage\/trocellen-parkettunterlage\/","name":"Die professionelle Parkettunterlage von Trocellen","isPartOf":{"@id":"https:\/\/insulation.trocellen.com\/de\/#website"},"primaryImageOfPage":{"@id":"https:\/\/insulation.trocellen.com\/de\/anwendungen\/parkett-und-bodenbelage\/trocellen-parkettunterlage\/#primaryimage"},"image":{"@id":"https:\/\/insulation.trocellen.com\/de\/anwendungen\/parkett-und-bodenbelage\/trocellen-parkettunterlage\/#primaryimage"},"thumbnailUrl":"https:\/\/insulation.trocellen.com\/wp-content\/uploads\/sites\/6\/2023\/05\/parquet-underlay-fejlec.jpg","datePublished":"2013-12-12T17:19:36+00:00","dateModified":"2023-07-10T12:21:55+00:00","description":"Die Parkettunterlagen von Trocellen sollten schwimmend verlegt werden und sind ideal f\u00fcr die akustische D\u00e4mmung des Trittschalls.","breadcrumb":{"@id":"https:\/\/insulation.trocellen.com\/de\/anwendungen\/parkett-und-bodenbelage\/trocellen-parkettunterlage\/#breadcrumb"},"inLanguage":"de","potentialAction":[{"@type":"ReadAction","target":["https:\/\/insulation.trocellen.com\/de\/anwendungen\/parkett-und-bodenbelage\/trocellen-parkettunterlage\/"]}]},{"@type":"ImageObject","inLanguage":"de","@id":"https:\/\/insulation.trocellen.com\/de\/anwendungen\/parkett-und-bodenbelage\/trocellen-parkettunterlage\/#primaryimage","url":"https:\/\/insulation.trocellen.com\/wp-content\/uploads\/sites\/6\/2023\/05\/parquet-underlay-fejlec.jpg","contentUrl":"https:\/\/insulation.trocellen.com\/wp-content\/uploads\/sites\/6\/2023\/05\/parquet-underlay-fejlec.jpg","width":1920,"height":300},{"@type":"BreadcrumbList","@id":"https:\/\/insulation.trocellen.com\/de\/anwendungen\/parkett-und-bodenbelage\/trocellen-parkettunterlage\/#breadcrumb","itemListElement":[{"@type":"ListItem","position":1,"name":"Home","item":"https:\/\/insulation.trocellen.com\/de\/"},{"@type":"ListItem","position":2,"name":"Anwendungen","item":"https:\/\/insulation.trocellen.com\/de\/anwendungen\/"},{"@type":"ListItem","position":3,"name":"Parkett und Bodenbel\u00e4ge","item":"https:\/\/insulation.trocellen.com\/de\/anwendungen\/parkett-und-bodenbelage\/"},{"@type":"ListItem","position":4,"name":"Trocellen Parkettunterlage"}]},{"@type":"WebSite","@id":"https:\/\/insulation.trocellen.com\/de\/#website","url":"https:\/\/insulation.trocellen.com\/de\/","name":"Trocellen Insulation","description":"","potentialAction":[{"@type":"SearchAction","target":{"@type":"EntryPoint","urlTemplate":"https:\/\/insulation.trocellen.com\/de\/?s={search_term_string}"},"query-input":{"@type":"PropertyValueSpecification","valueRequired":true,"valueName":"search_term_string"}}],"inLanguage":"de"}]}},"_links":{"self":[{"href":"https:\/\/insulation.trocellen.com\/de\/wp-json\/wp\/v2\/pages\/4146","targetHints":{"allow":["GET"]}}],"collection":[{"href":"https:\/\/insulation.trocellen.com\/de\/wp-json\/wp\/v2\/pages"}],"about":[{"href":"https:\/\/insulation.trocellen.com\/de\/wp-json\/wp\/v2\/types\/page"}],"author":[{"embeddable":true,"href":"https:\/\/insulation.trocellen.com\/de\/wp-json\/wp\/v2\/users\/1"}],"replies":[{"embeddable":true,"href":"https:\/\/insulation.trocellen.com\/de\/wp-json\/wp\/v2\/comments?post=4146"}],"version-history":[{"count":2,"href":"https:\/\/insulation.trocellen.com\/de\/wp-json\/wp\/v2\/pages\/4146\/revisions"}],"predecessor-version":[{"id":9835,"href":"https:\/\/insulation.trocellen.com\/de\/wp-json\/wp\/v2\/pages\/4146\/revisions\/9835"}],"up":[{"embeddable":true,"href":"https:\/\/insulation.trocellen.com\/de\/wp-json\/wp\/v2\/pages\/4110"}],"wp:featuredmedia":[{"embeddable":true,"href":"https:\/\/insulation.trocellen.com\/de\/wp-json\/wp\/v2\/media\/8861"}],"wp:attachment":[{"href":"https:\/\/insulation.trocellen.com\/de\/wp-json\/wp\/v2\/media?parent=4146"}],"curies":[{"name":"wp","href":"https:\/\/api.w.org\/{rel}","templated":true}]}}