{"id":4140,"date":"2013-12-12T17:18:57","date_gmt":"2013-12-12T17:18:57","guid":{"rendered":"https:\/\/insulation-new.trocellen.com\/trosil-trosil-tech\/"},"modified":"2024-04-08T11:55:46","modified_gmt":"2024-04-08T11:55:46","slug":"trosil-trosil-tech","status":"publish","type":"page","link":"https:\/\/insulation.trocellen.com\/de\/anwendungen\/estrichunterlagen\/trosil-trosil-tech\/","title":{"rendered":"Trosil\u00ae, Trosil Tech\u00ae"},"content":{"rendered":"\n<div class=\"wp-block-columns is-layout-flex wp-container-core-columns-is-layout-9d6595d7 wp-block-columns-is-layout-flex\">\n<div class=\"wp-block-column is-layout-flow wp-block-column-is-layout-flow\"><div class=\"wp-block-image\">\n<figure class=\"aligncenter\"><a href=\"https:\/\/insulation.trocellen.com\/wp-content\/uploads\/sites\/6\/2013\/12\/Trocellen_Trosil_5_web.jpg\" rel=\"attachment wp-att-1008\"><img decoding=\"async\" src=\"https:\/\/insulation.trocellen.com\/wp-content\/uploads\/sites\/6\/2013\/12\/Trocellen_Trosil_5_web-300x200.jpg\" alt=\"Trocellen_Trosil_5_web\" class=\"wp-image-1008\" \/><\/a><figcaption class=\"wp-element-caption\">Trosil<\/figcaption><\/figure>\n<\/div><\/div>\n\n\n\n<div class=\"wp-block-column is-layout-flow wp-block-column-is-layout-flow\"><div class=\"wp-block-image\">\n<figure class=\"aligncenter\"><a href=\"https:\/\/insulation.trocellen.com\/wp-content\/uploads\/sites\/6\/2013\/12\/Trocellen_Trosil-Tech_web.jpg\" rel=\"attachment wp-att-1009\"><img decoding=\"async\" src=\"https:\/\/insulation.trocellen.com\/wp-content\/uploads\/sites\/6\/2013\/12\/Trocellen_Trosil-Tech_web-300x200.jpg\" alt=\"Trocellen_Trosil-Tech_web\" class=\"wp-image-1009\" \/><\/a><figcaption class=\"wp-element-caption\">Trosil Tech<\/figcaption><\/figure>\n<\/div><\/div>\n\n\n\n<div class=\"wp-block-column is-layout-flow wp-block-column-is-layout-flow\"><div class=\"wp-block-image\">\n<figure class=\"aligncenter\"><a href=\"https:\/\/insulation.trocellen.com\/wp-content\/uploads\/sites\/6\/2013\/12\/Trocellen_Trosil-Tech_5_web.jpg\" rel=\"attachment wp-att-1010\"><img decoding=\"async\" src=\"https:\/\/insulation.trocellen.com\/wp-content\/uploads\/sites\/6\/2013\/12\/Trocellen_Trosil-Tech_5_web-300x200.jpg\" alt=\"Trocellen_Trosil-Tech_5_web\" class=\"wp-image-1010\" \/><\/a><figcaption class=\"wp-element-caption\">Trosil, Trosil Tech<\/figcaption><\/figure>\n<\/div><\/div>\n<\/div>\n\n\n\n<p>Trocellen bietet eine gro\u00dfe Auswahl von L\u00f6sungen zur Ger\u00e4uschd\u00e4mmung f\u00fcr mehr Komfort in unterschiedlichsten Anwendungsbereichen<\/p>\n\n\n\n<h2 class=\"wp-block-heading\">Produktpalette<\/h2>\n\n\n<div class=\"wp-block-image\">\n<figure class=\"alignright\"><a href=\"https:\/\/insulation.trocellen.com\/wp-content\/uploads\/sites\/6\/2013\/12\/image001.png\"><img decoding=\"async\" src=\"https:\/\/insulation.trocellen.com\/wp-content\/uploads\/sites\/6\/2013\/12\/image001-300x232.png\" alt=\"\" class=\"wp-image-1560\" \/><\/a><\/figure>\n<\/div>\n\n\n<h3 class=\"wp-block-heading\">Trosil:<\/h3>\n\n\n\n<ul class=\"wp-block-list\">\n<li>Chemisch vernetzter PE-Schaumstoff<\/li>\n\n\n\n<li>Dichte: 30 kg\/m\u00b2<\/li>\n<\/ul>\n\n\n\n<h3 class=\"wp-block-heading\">Trosil Tech:<\/h3>\n\n\n\n<ul class=\"wp-block-list\">\n<li>Chemisch vernetzter Polyolefinschaumstoff mit aufkaschiertem Polyestervlies<\/li>\n\n\n\n<li>Dichte: 30* kg\/m\u00b3<\/li>\n<\/ul>\n\n\n\n<h2 class=\"wp-block-heading\"><b>Eigenschaften<\/b><\/h2>\n\n\n\n<figure class=\"wp-block-table\"><table><thead><tr><th>&nbsp;<\/th><th scope=\"col\">Norm<\/th><th scope=\"col\">Einheit<\/th><th scope=\"col\">Trosil<\/th><th scope=\"col\">Trosil Tech<\/th><\/tr><\/thead><tbody><tr><th scope=\"row\">Dicke<\/th><td>EN ISO 1923<\/td><td>mm<\/td><td>4-5-10<\/td><td>10<\/td><\/tr><tr><th scope=\"row\">Abmessungsstabilit\u00e4t(&lt;5%)<\/th><td>ISO 2796<\/td><td><sup>\u00b0<\/sup>C<\/td><td>75<\/td><td>85<\/td><\/tr><tr><th scope=\"row\">W\u00e4rmeleitf\u00e4higkeit bei 10 \u00b0C (\u03bb)<\/th><td>EN 12667<\/td><td>W\/mK<br>kcal\/mh<sup>\u00b0<\/sup>C<\/td><td>0,0359<br>0,0317<\/td><td>0,0359<sup>*<\/sup><br>0,0317<sup>*<\/sup><\/td><\/tr><tr><th scope=\"row\">Trittschalld\u00e4mmung \u0394Lw<\/th><td>EN ISO 140\/6-8 EN ISO 717\/2<\/td><td>dB<\/td><td>4 mm: 28<br>5 mm: 28<br>10 mm: 36<\/td><td>10 mm: 33<\/td><\/tr><tr><th scope=\"row\">Dynamische Steifigkeit&nbsp;s&#8217;t<\/th><td>EN 29052-1<\/td><td>MN\/m<sup>3<\/sup><\/td><td>4 mm: 73<br>5 mm: 52<br>10 mm: 19<\/td><td>10 mm: 9<\/td><\/tr><\/tbody><\/table><\/figure>\n\n\n\n<p class=\"has-text-align-center\">*&nbsp;Werte f\u00fcr PE-Schaumstoff<\/p>\n\n\n\n<h2 class=\"wp-block-heading\">Vorteile<\/h2>\n\n\n\n<ul class=\"wp-block-list\">\n<li>Gesundheitlich unbedenklich &#8211; toxikologisch unbedenklich, allergenfrei, schimmelresistent und wiederverwertbar<\/li>\n\n\n\n<li>Ressourcenschonend &#8211; geringes Gewicht &#8211; einfach zu transportieren und zu handhaben<\/li>\n\n\n\n<li>Zeitsparend &#8211; flexibel &#8211; einfache Anbringung<\/li>\n\n\n\n<li>Kostensparend &#8211; lange Haltbarkeit<\/li>\n<\/ul>\n","protected":false},"excerpt":{"rendered":"<p>Trocellen bietet eine gro\u00dfe Auswahl von L\u00f6sungen zur Ger\u00e4uschd\u00e4mmung f\u00fcr mehr Komfort in unterschiedlichsten Anwendungsbereichen Produktpalette Trosil: Trosil Tech: Eigenschaften &nbsp; Norm Einheit Trosil Trosil Tech Dicke EN ISO 1923 mm 4-5-10 10 Abmessungsstabilit\u00e4t(&lt;5%) ISO 2796 \u00b0C 75 85 W\u00e4rmeleitf\u00e4higkeit bei 10 \u00b0C (\u03bb) EN 12667 W\/mKkcal\/mh\u00b0C 0,03590,0317 0,0359*0,0317* Trittschalld\u00e4mmung \u0394Lw EN ISO 140\/6-8 EN [&hellip;]<\/p>\n","protected":false},"author":1,"featured_media":8855,"parent":4104,"menu_order":100,"comment_status":"open","ping_status":"closed","template":"templates\/applications.php","meta":{"_acf_changed":false,"footnotes":""},"class_list":["post-4140","page","type-page","status-publish","has-post-thumbnail","hentry"],"acf":[],"yoast_head":"<!-- This site is optimized with the Yoast SEO plugin v23.5 - https:\/\/yoast.com\/wordpress\/plugins\/seo\/ -->\n<title>Trosil und Trosil-Tech sind perfekt f\u00fcr schwimmende B\u00f6den<\/title>\n<meta name=\"description\" content=\"Die Estrichunterlagsl\u00f6sungen von Trocellen sind ideal f\u00fcr die akustische D\u00e4mmung von Trittschall. Hergestellt aus chemisch vernetztem PE-Schaum\" \/>\n<meta name=\"robots\" content=\"index, follow, max-snippet:-1, max-image-preview:large, max-video-preview:-1\" \/>\n<link rel=\"canonical\" href=\"https:\/\/insulation.trocellen.com\/de\/anwendungen\/estrichunterlagen\/trosil-trosil-tech\/\" \/>\n<meta property=\"og:locale\" content=\"de_DE\" \/>\n<meta property=\"og:type\" content=\"article\" \/>\n<meta property=\"og:title\" content=\"Trosil und Trosil-Tech sind perfekt f\u00fcr schwimmende B\u00f6den\" \/>\n<meta property=\"og:description\" content=\"Die Estrichunterlagsl\u00f6sungen von Trocellen sind ideal f\u00fcr die akustische D\u00e4mmung von Trittschall. Hergestellt aus chemisch vernetztem PE-Schaum\" \/>\n<meta property=\"og:url\" content=\"https:\/\/insulation.trocellen.com\/de\/anwendungen\/estrichunterlagen\/trosil-trosil-tech\/\" \/>\n<meta property=\"og:site_name\" content=\"Trocellen Insulation\" \/>\n<meta property=\"article:modified_time\" content=\"2024-04-08T11:55:46+00:00\" \/>\n<meta property=\"og:image\" content=\"https:\/\/insulation.trocellen.com\/wp-content\/uploads\/sites\/6\/2023\/05\/Trosil-install.jpg\" \/>\n\t<meta property=\"og:image:width\" content=\"1920\" \/>\n\t<meta property=\"og:image:height\" content=\"300\" \/>\n\t<meta property=\"og:image:type\" content=\"image\/jpeg\" \/>\n<meta name=\"twitter:card\" content=\"summary_large_image\" \/>\n<meta name=\"twitter:label1\" content=\"Gesch\u00e4tzte Lesezeit\" \/>\n\t<meta name=\"twitter:data1\" content=\"2\u00a0Minuten\" \/>\n<script type=\"application\/ld+json\" class=\"yoast-schema-graph\">{\"@context\":\"https:\/\/schema.org\",\"@graph\":[{\"@type\":\"WebPage\",\"@id\":\"https:\/\/insulation.trocellen.com\/de\/anwendungen\/estrichunterlagen\/trosil-trosil-tech\/\",\"url\":\"https:\/\/insulation.trocellen.com\/de\/anwendungen\/estrichunterlagen\/trosil-trosil-tech\/\",\"name\":\"Trosil und Trosil-Tech sind perfekt f\u00fcr schwimmende B\u00f6den\",\"isPartOf\":{\"@id\":\"https:\/\/insulation.trocellen.com\/de\/#website\"},\"primaryImageOfPage\":{\"@id\":\"https:\/\/insulation.trocellen.com\/de\/anwendungen\/estrichunterlagen\/trosil-trosil-tech\/#primaryimage\"},\"image\":{\"@id\":\"https:\/\/insulation.trocellen.com\/de\/anwendungen\/estrichunterlagen\/trosil-trosil-tech\/#primaryimage\"},\"thumbnailUrl\":\"https:\/\/insulation.trocellen.com\/wp-content\/uploads\/sites\/6\/2023\/05\/Trosil-install.jpg\",\"datePublished\":\"2013-12-12T17:18:57+00:00\",\"dateModified\":\"2024-04-08T11:55:46+00:00\",\"description\":\"Die Estrichunterlagsl\u00f6sungen von Trocellen sind ideal f\u00fcr die akustische D\u00e4mmung von Trittschall. Hergestellt aus chemisch vernetztem PE-Schaum\",\"breadcrumb\":{\"@id\":\"https:\/\/insulation.trocellen.com\/de\/anwendungen\/estrichunterlagen\/trosil-trosil-tech\/#breadcrumb\"},\"inLanguage\":\"de\",\"potentialAction\":[{\"@type\":\"ReadAction\",\"target\":[\"https:\/\/insulation.trocellen.com\/de\/anwendungen\/estrichunterlagen\/trosil-trosil-tech\/\"]}]},{\"@type\":\"ImageObject\",\"inLanguage\":\"de\",\"@id\":\"https:\/\/insulation.trocellen.com\/de\/anwendungen\/estrichunterlagen\/trosil-trosil-tech\/#primaryimage\",\"url\":\"https:\/\/insulation.trocellen.com\/wp-content\/uploads\/sites\/6\/2023\/05\/Trosil-install.jpg\",\"contentUrl\":\"https:\/\/insulation.trocellen.com\/wp-content\/uploads\/sites\/6\/2023\/05\/Trosil-install.jpg\",\"width\":1920,\"height\":300},{\"@type\":\"BreadcrumbList\",\"@id\":\"https:\/\/insulation.trocellen.com\/de\/anwendungen\/estrichunterlagen\/trosil-trosil-tech\/#breadcrumb\",\"itemListElement\":[{\"@type\":\"ListItem\",\"position\":1,\"name\":\"Home\",\"item\":\"https:\/\/insulation.trocellen.com\/de\/\"},{\"@type\":\"ListItem\",\"position\":2,\"name\":\"Anwendungen\",\"item\":\"https:\/\/insulation.trocellen.com\/de\/anwendungen\/\"},{\"@type\":\"ListItem\",\"position\":3,\"name\":\"Estrichunterlagen\",\"item\":\"https:\/\/insulation.trocellen.com\/de\/anwendungen\/estrichunterlagen\/\"},{\"@type\":\"ListItem\",\"position\":4,\"name\":\"Trosil\u00ae, Trosil Tech\u00ae\"}]},{\"@type\":\"WebSite\",\"@id\":\"https:\/\/insulation.trocellen.com\/de\/#website\",\"url\":\"https:\/\/insulation.trocellen.com\/de\/\",\"name\":\"Trocellen Insulation\",\"description\":\"\",\"potentialAction\":[{\"@type\":\"SearchAction\",\"target\":{\"@type\":\"EntryPoint\",\"urlTemplate\":\"https:\/\/insulation.trocellen.com\/de\/?s={search_term_string}\"},\"query-input\":{\"@type\":\"PropertyValueSpecification\",\"valueRequired\":true,\"valueName\":\"search_term_string\"}}],\"inLanguage\":\"de\"}]}<\/script>\n<!-- \/ Yoast SEO plugin. -->","yoast_head_json":{"title":"Trosil und Trosil-Tech sind perfekt f\u00fcr schwimmende B\u00f6den","description":"Die Estrichunterlagsl\u00f6sungen von Trocellen sind ideal f\u00fcr die akustische D\u00e4mmung von Trittschall. Hergestellt aus chemisch vernetztem PE-Schaum","robots":{"index":"index","follow":"follow","max-snippet":"max-snippet:-1","max-image-preview":"max-image-preview:large","max-video-preview":"max-video-preview:-1"},"canonical":"https:\/\/insulation.trocellen.com\/de\/anwendungen\/estrichunterlagen\/trosil-trosil-tech\/","og_locale":"de_DE","og_type":"article","og_title":"Trosil und Trosil-Tech sind perfekt f\u00fcr schwimmende B\u00f6den","og_description":"Die Estrichunterlagsl\u00f6sungen von Trocellen sind ideal f\u00fcr die akustische D\u00e4mmung von Trittschall. Hergestellt aus chemisch vernetztem PE-Schaum","og_url":"https:\/\/insulation.trocellen.com\/de\/anwendungen\/estrichunterlagen\/trosil-trosil-tech\/","og_site_name":"Trocellen Insulation","article_modified_time":"2024-04-08T11:55:46+00:00","og_image":[{"width":1920,"height":300,"url":"https:\/\/insulation.trocellen.com\/wp-content\/uploads\/sites\/6\/2023\/05\/Trosil-install.jpg","type":"image\/jpeg"}],"twitter_card":"summary_large_image","twitter_misc":{"Gesch\u00e4tzte Lesezeit":"2\u00a0Minuten"},"schema":{"@context":"https:\/\/schema.org","@graph":[{"@type":"WebPage","@id":"https:\/\/insulation.trocellen.com\/de\/anwendungen\/estrichunterlagen\/trosil-trosil-tech\/","url":"https:\/\/insulation.trocellen.com\/de\/anwendungen\/estrichunterlagen\/trosil-trosil-tech\/","name":"Trosil und Trosil-Tech sind perfekt f\u00fcr schwimmende B\u00f6den","isPartOf":{"@id":"https:\/\/insulation.trocellen.com\/de\/#website"},"primaryImageOfPage":{"@id":"https:\/\/insulation.trocellen.com\/de\/anwendungen\/estrichunterlagen\/trosil-trosil-tech\/#primaryimage"},"image":{"@id":"https:\/\/insulation.trocellen.com\/de\/anwendungen\/estrichunterlagen\/trosil-trosil-tech\/#primaryimage"},"thumbnailUrl":"https:\/\/insulation.trocellen.com\/wp-content\/uploads\/sites\/6\/2023\/05\/Trosil-install.jpg","datePublished":"2013-12-12T17:18:57+00:00","dateModified":"2024-04-08T11:55:46+00:00","description":"Die Estrichunterlagsl\u00f6sungen von Trocellen sind ideal f\u00fcr die akustische D\u00e4mmung von Trittschall. Hergestellt aus chemisch vernetztem PE-Schaum","breadcrumb":{"@id":"https:\/\/insulation.trocellen.com\/de\/anwendungen\/estrichunterlagen\/trosil-trosil-tech\/#breadcrumb"},"inLanguage":"de","potentialAction":[{"@type":"ReadAction","target":["https:\/\/insulation.trocellen.com\/de\/anwendungen\/estrichunterlagen\/trosil-trosil-tech\/"]}]},{"@type":"ImageObject","inLanguage":"de","@id":"https:\/\/insulation.trocellen.com\/de\/anwendungen\/estrichunterlagen\/trosil-trosil-tech\/#primaryimage","url":"https:\/\/insulation.trocellen.com\/wp-content\/uploads\/sites\/6\/2023\/05\/Trosil-install.jpg","contentUrl":"https:\/\/insulation.trocellen.com\/wp-content\/uploads\/sites\/6\/2023\/05\/Trosil-install.jpg","width":1920,"height":300},{"@type":"BreadcrumbList","@id":"https:\/\/insulation.trocellen.com\/de\/anwendungen\/estrichunterlagen\/trosil-trosil-tech\/#breadcrumb","itemListElement":[{"@type":"ListItem","position":1,"name":"Home","item":"https:\/\/insulation.trocellen.com\/de\/"},{"@type":"ListItem","position":2,"name":"Anwendungen","item":"https:\/\/insulation.trocellen.com\/de\/anwendungen\/"},{"@type":"ListItem","position":3,"name":"Estrichunterlagen","item":"https:\/\/insulation.trocellen.com\/de\/anwendungen\/estrichunterlagen\/"},{"@type":"ListItem","position":4,"name":"Trosil\u00ae, Trosil Tech\u00ae"}]},{"@type":"WebSite","@id":"https:\/\/insulation.trocellen.com\/de\/#website","url":"https:\/\/insulation.trocellen.com\/de\/","name":"Trocellen Insulation","description":"","potentialAction":[{"@type":"SearchAction","target":{"@type":"EntryPoint","urlTemplate":"https:\/\/insulation.trocellen.com\/de\/?s={search_term_string}"},"query-input":{"@type":"PropertyValueSpecification","valueRequired":true,"valueName":"search_term_string"}}],"inLanguage":"de"}]}},"_links":{"self":[{"href":"https:\/\/insulation.trocellen.com\/de\/wp-json\/wp\/v2\/pages\/4140","targetHints":{"allow":["GET"]}}],"collection":[{"href":"https:\/\/insulation.trocellen.com\/de\/wp-json\/wp\/v2\/pages"}],"about":[{"href":"https:\/\/insulation.trocellen.com\/de\/wp-json\/wp\/v2\/types\/page"}],"author":[{"embeddable":true,"href":"https:\/\/insulation.trocellen.com\/de\/wp-json\/wp\/v2\/users\/1"}],"replies":[{"embeddable":true,"href":"https:\/\/insulation.trocellen.com\/de\/wp-json\/wp\/v2\/comments?post=4140"}],"version-history":[{"count":6,"href":"https:\/\/insulation.trocellen.com\/de\/wp-json\/wp\/v2\/pages\/4140\/revisions"}],"predecessor-version":[{"id":10734,"href":"https:\/\/insulation.trocellen.com\/de\/wp-json\/wp\/v2\/pages\/4140\/revisions\/10734"}],"up":[{"embeddable":true,"href":"https:\/\/insulation.trocellen.com\/de\/wp-json\/wp\/v2\/pages\/4104"}],"wp:featuredmedia":[{"embeddable":true,"href":"https:\/\/insulation.trocellen.com\/de\/wp-json\/wp\/v2\/media\/8855"}],"wp:attachment":[{"href":"https:\/\/insulation.trocellen.com\/de\/wp-json\/wp\/v2\/media?parent=4140"}],"curies":[{"name":"wp","href":"https:\/\/api.w.org\/{rel}","templated":true}]}}