{"id":4098,"date":"2013-12-12T17:09:36","date_gmt":"2013-12-12T17:09:36","guid":{"rendered":"https:\/\/insulation-new.trocellen.com\/referenzen\/"},"modified":"2013-12-12T17:09:36","modified_gmt":"2013-12-12T17:09:36","slug":"referenzen","status":"publish","type":"page","link":"https:\/\/insulation.trocellen.com\/de\/referenzen\/","title":{"rendered":"Referenzen"},"content":{"rendered":"<p><strong>Trocellen beliefert die Bau- und Maschinenbauindustrie mit fortschrittlichen D\u00e4mmstoffen. Wir arbeiten an mehreren gro\u00dfen Projekten und an der langfristigen Bereitstellung von L\u00f6sungen f\u00fcr unsere Partner. <\/strong><\/p>\n<h2>Burj Khalifa, Dubai<\/h2>\n<p>Der Burj Khalifa ist ein Wolkenkratzer in Dubai, in den Vereinigten Arabischen Emiraten und ist mit seiner H\u00f6he von 829.8 m und 163 Stockwerken eines der h\u00f6chsten, von Menschenhand erbauten Geb\u00e4ude der Welt. <br \/>\n Trocellen belieferte das Bauprojekt mit fortschrittlichen und nachhaltigen HVAC L\u00f6sungen.<\/p>\n<p><img loading=\"lazy\" decoding=\"async\" class=\"aligncenter\" src=\"https:\/\/insulation.trocellen.com\/wp-content\/uploads\/sites\/6\/2013\/12\/burj-khalifa.jpg\" alt=\"burj khalifa\" width=\"168\" height=\"296\" \/><\/p>\n<hr \/>\n<h2>Chiesi Projekt, Italien<\/h2>\n<hr \/>\n<h2>Parma Research Center, Italien<\/h2>\n<hr \/>\n<h2>Wohngebiet, UAE<\/h2>\n<hr \/>\n<h2>Krankenhaus in P\u00e9cs, Ungarn<\/h2>\n<p>Einer der j\u00fcngsten Projekte: Trocellen liefert D\u00e4mmstoffe f\u00fcr das Bauprojekt des Krankenhauses in P\u00e9cs (Ungarn). Die Schalld\u00e4mmung von Abwasserrohren wird mithilfe unseres Premium-Schalld\u00e4mmproduktes Aplomb 11 gel\u00f6st.<\/p>\n<table border=\"0\" align=\"center\">\n<tbody>\n<tr>\n<td><img loading=\"lazy\" decoding=\"async\" class=\"alignnone size-thumbnail wp-image-111\" src=\"https:\/\/insulation.trocellen.com\/wp-content\/uploads\/sites\/6\/2013\/12\/Pecs-1-150x150.jpg\" alt=\"Pecs 1\" width=\"150\" height=\"150\" \/><\/td>\n<td><img loading=\"lazy\" decoding=\"async\" class=\"alignnone size-thumbnail wp-image-112\" src=\"https:\/\/insulation.trocellen.com\/wp-content\/uploads\/sites\/6\/2013\/12\/Pecs-2-150x150.jpg\" alt=\"Pecs 2\" width=\"150\" height=\"150\" \/><\/td>\n<\/tr>\n<\/tbody>\n<\/table>\n<hr \/>\n<h2>\u201eLuxus Plaza\u201c, Ungarn<\/h2>\n<p>Das neueste Budapester Luxus-Einkaufszentrum, \u201eLuxus Plaza\u201c wird mit Trocellen Estrichunterlagen ausgestattet. Trosil Tech.<\/p>\n<hr \/>\n<h2>Das neue Mercedes-Benz Werk in Kecskem\u00e9t, Ungarn<\/h2>\n<hr \/>\n<p>&nbsp;<\/p>\n<h2>Other references<\/h2>\n<table border=\"0\">\n<tbody>\n<tr>\n<td colspan=\"2\">\n<h3>HVAC<\/h3>\n<\/td>\n<\/tr>\n<tr>\n<td>Avellino Krankenhaus \u2013 Italien<\/td>\n<td>Trocellen Duct 12 mm ALU adhesive<\/td>\n<\/tr>\n<tr>\n<td>San Raffaele Krankenhaus -Italyien<\/td>\n<td>Trocellen Duct 20 mm CL1 ALU<\/td>\n<\/tr>\n<tr>\n<td>CHIESI PHARMAZEUTISCHES FORSCHUNGSZENTRUM \u2013 Italien<\/td>\n<td>Trocellen Duct 20-54 mm AL CL1<\/td>\n<\/tr>\n<tr>\n<td>Hangkok-Duna\u00fajv\u00e1ros \u2013 Ungarn<\/td>\n<td>Troc.Duct SLVF3010\/AL<\/td>\n<\/tr>\n<tr>\n<td>SOTEII \u2013 Ungarn<\/td>\n<td>NF 3015, NF3020<\/td>\n<\/tr>\n<tr>\n<td>Plodine Mega-Market \u2013 Kroatien<\/td>\n<td>Trocellen duct 10-20 mm<\/td>\n<\/tr>\n<tr>\n<td>Thermalbad \u2013 Podh\u00e1jsk\u00e1 \u2013 Slowakei<\/td>\n<td>SN3015\/AL<\/td>\n<\/tr>\n<tr>\n<td>Einkaufszentrum \u2013 Bratislava \u2013 Slowakei<\/td>\n<td>SN3015\/AL<\/td>\n<\/tr>\n<tr>\n<td>Krankenhaus Deva \u2013 Rum\u00e4nien<\/td>\n<td>N3010,N3005<\/td>\n<\/tr>\n<tr>\n<td colspan=\"2\">\n<h3>Schalld\u00e4mmung Wandakustik<\/h3>\n<\/td>\n<\/tr>\n<tr>\n<td>Orig\u00f3 Film Studio \u2013 Ungarn<\/td>\n<td>Aplomb 22, Aplomb 11<\/td>\n<\/tr>\n<tr>\n<td>Nationaltheater \u2013 Rum\u00e4nien<\/td>\n<td>Aplomb 22<\/td>\n<\/tr>\n<tr>\n<td>GE Electric \u2013 Ungarn<\/td>\n<td>Aplomb 11<\/td>\n<\/tr>\n<tr>\n<td colspan=\"2\">\n<h3>Schalld\u00e4mmender Bodenbelag Referenzen<\/h3>\n<\/td>\n<\/tr>\n<tr>\n<td>DAIMLER Mercedes Wohngeb\u00e4ude \u2013 Ungarn<\/td>\n<td>N 3010, N3005<\/td>\n<\/tr>\n<tr>\n<td>Polus Constanta \u2013 Rum\u00e4nien<\/td>\n<td>N 3010, N3005<\/td>\n<\/tr>\n<tr>\n<td>Polus Brasov<\/td>\n<td>N 3010, N3005\u00a0<\/td>\n<\/tr>\n<tr>\n<td>Esplanada City Center Bukarest<\/td>\n<td>N 3010, N3005\u00a0<\/td>\n<\/tr>\n<tr>\n<td>Neuer Transport- und Einkaufskomplex Posen \u2013 Polen<\/td>\n<td>N 3010, N3005\u00a0<\/td>\n<\/tr>\n<tr>\n<td>Bonarka f\u00fcr Business\/Bonarka City Center \u2013 Polen<\/td>\n<td>N 3010, N3005\u00a0<\/td>\n<\/tr>\n<tr>\n<td colspan=\"2\">\n<h3>Referenzen f\u00fcr W\u00e4rmed\u00e4mmung<\/h3>\n<\/td>\n<\/tr>\n<tr>\n<td>CHIESI PHARMAZEUTISCHES FORSCHUNGSZENTRUM \u2013 Italien<\/td>\n<td>Isocompact, Duct<\/td>\n<\/tr>\n<tr>\n<td>Tart\u00e1lypark \u2013 Orosh\u00e1za \u2013 Ungarn<\/td>\n<td>N3020, LVF3020<\/td>\n<\/tr>\n<tr>\n<td>Villa Nova Wohngeb\u00e4ude \u2013 Slowakei<\/td>\n<td>N3005\/AL<\/td>\n<\/tr>\n<\/tbody>\n<\/table>\n<p>&nbsp;<\/p>\n","protected":false},"excerpt":{"rendered":"<p>Trocellen beliefert die Bau- und Maschinenbauindustrie mit fortschrittlichen D\u00e4mmstoffen. Wir arbeiten an mehreren gro\u00dfen Projekten und an der langfristigen Bereitstellung von L\u00f6sungen f\u00fcr unsere Partner. Burj Khalifa, Dubai Der Burj Khalifa ist ein Wolkenkratzer in Dubai, in den Vereinigten Arabischen Emiraten und ist mit seiner H\u00f6he von 829.8 m und 163 Stockwerken eines der h\u00f6chsten, [&hellip;]<\/p>\n","protected":false},"author":1,"featured_media":0,"parent":0,"menu_order":200,"comment_status":"open","ping_status":"closed","template":"","meta":{"_acf_changed":false,"footnotes":""},"class_list":["post-4098","page","type-page","status-publish","hentry"],"acf":[],"yoast_head":"<!-- This site is optimized with the Yoast SEO plugin v23.5 - https:\/\/yoast.com\/wordpress\/plugins\/seo\/ -->\n<title>Referenzen - Trocellen Insulation<\/title>\n<meta name=\"robots\" content=\"index, follow, max-snippet:-1, max-image-preview:large, max-video-preview:-1\" \/>\n<link rel=\"canonical\" href=\"https:\/\/insulation.trocellen.com\/de\/referenzen\/\" \/>\n<meta property=\"og:locale\" content=\"de_DE\" \/>\n<meta property=\"og:type\" content=\"article\" \/>\n<meta property=\"og:title\" content=\"Referenzen - Trocellen Insulation\" \/>\n<meta property=\"og:description\" content=\"Trocellen beliefert die Bau- und Maschinenbauindustrie mit fortschrittlichen D\u00e4mmstoffen. Wir arbeiten an mehreren gro\u00dfen Projekten und an der langfristigen Bereitstellung von L\u00f6sungen f\u00fcr unsere Partner. Burj Khalifa, Dubai Der Burj Khalifa ist ein Wolkenkratzer in Dubai, in den Vereinigten Arabischen Emiraten und ist mit seiner H\u00f6he von 829.8 m und 163 Stockwerken eines der h\u00f6chsten, [&hellip;]\" \/>\n<meta property=\"og:url\" content=\"https:\/\/insulation.trocellen.com\/de\/referenzen\/\" \/>\n<meta property=\"og:site_name\" content=\"Trocellen Insulation\" \/>\n<meta property=\"og:image\" content=\"https:\/\/insulation.trocellen.com\/wp-content\/uploads\/sites\/6\/2013\/12\/burj-khalifa.jpg\" \/>\n<meta name=\"twitter:card\" content=\"summary_large_image\" \/>\n<meta name=\"twitter:label1\" content=\"Gesch\u00e4tzte Lesezeit\" \/>\n\t<meta name=\"twitter:data1\" content=\"2\u00a0Minuten\" \/>\n<script type=\"application\/ld+json\" class=\"yoast-schema-graph\">{\"@context\":\"https:\/\/schema.org\",\"@graph\":[{\"@type\":\"WebPage\",\"@id\":\"https:\/\/insulation.trocellen.com\/de\/referenzen\/\",\"url\":\"https:\/\/insulation.trocellen.com\/de\/referenzen\/\",\"name\":\"Referenzen - Trocellen Insulation\",\"isPartOf\":{\"@id\":\"https:\/\/insulation.trocellen.com\/de\/#website\"},\"primaryImageOfPage\":{\"@id\":\"https:\/\/insulation.trocellen.com\/de\/referenzen\/#primaryimage\"},\"image\":{\"@id\":\"https:\/\/insulation.trocellen.com\/de\/referenzen\/#primaryimage\"},\"thumbnailUrl\":\"https:\/\/insulation.trocellen.com\/wp-content\/uploads\/sites\/6\/2013\/12\/burj-khalifa.jpg\",\"datePublished\":\"2013-12-12T17:09:36+00:00\",\"dateModified\":\"2013-12-12T17:09:36+00:00\",\"breadcrumb\":{\"@id\":\"https:\/\/insulation.trocellen.com\/de\/referenzen\/#breadcrumb\"},\"inLanguage\":\"de\",\"potentialAction\":[{\"@type\":\"ReadAction\",\"target\":[\"https:\/\/insulation.trocellen.com\/de\/referenzen\/\"]}]},{\"@type\":\"ImageObject\",\"inLanguage\":\"de\",\"@id\":\"https:\/\/insulation.trocellen.com\/de\/referenzen\/#primaryimage\",\"url\":\"https:\/\/insulation.trocellen.com\/wp-content\/uploads\/sites\/6\/2013\/12\/burj-khalifa.jpg\",\"contentUrl\":\"https:\/\/insulation.trocellen.com\/wp-content\/uploads\/sites\/6\/2013\/12\/burj-khalifa.jpg\"},{\"@type\":\"BreadcrumbList\",\"@id\":\"https:\/\/insulation.trocellen.com\/de\/referenzen\/#breadcrumb\",\"itemListElement\":[{\"@type\":\"ListItem\",\"position\":1,\"name\":\"Home\",\"item\":\"https:\/\/insulation.trocellen.com\/de\/\"},{\"@type\":\"ListItem\",\"position\":2,\"name\":\"Referenzen\"}]},{\"@type\":\"WebSite\",\"@id\":\"https:\/\/insulation.trocellen.com\/de\/#website\",\"url\":\"https:\/\/insulation.trocellen.com\/de\/\",\"name\":\"Trocellen Insulation\",\"description\":\"\",\"potentialAction\":[{\"@type\":\"SearchAction\",\"target\":{\"@type\":\"EntryPoint\",\"urlTemplate\":\"https:\/\/insulation.trocellen.com\/de\/?s={search_term_string}\"},\"query-input\":{\"@type\":\"PropertyValueSpecification\",\"valueRequired\":true,\"valueName\":\"search_term_string\"}}],\"inLanguage\":\"de\"}]}<\/script>\n<!-- \/ Yoast SEO plugin. -->","yoast_head_json":{"title":"Referenzen - Trocellen Insulation","robots":{"index":"index","follow":"follow","max-snippet":"max-snippet:-1","max-image-preview":"max-image-preview:large","max-video-preview":"max-video-preview:-1"},"canonical":"https:\/\/insulation.trocellen.com\/de\/referenzen\/","og_locale":"de_DE","og_type":"article","og_title":"Referenzen - Trocellen Insulation","og_description":"Trocellen beliefert die Bau- und Maschinenbauindustrie mit fortschrittlichen D\u00e4mmstoffen. Wir arbeiten an mehreren gro\u00dfen Projekten und an der langfristigen Bereitstellung von L\u00f6sungen f\u00fcr unsere Partner. Burj Khalifa, Dubai Der Burj Khalifa ist ein Wolkenkratzer in Dubai, in den Vereinigten Arabischen Emiraten und ist mit seiner H\u00f6he von 829.8 m und 163 Stockwerken eines der h\u00f6chsten, [&hellip;]","og_url":"https:\/\/insulation.trocellen.com\/de\/referenzen\/","og_site_name":"Trocellen Insulation","og_image":[{"url":"https:\/\/insulation.trocellen.com\/wp-content\/uploads\/sites\/6\/2013\/12\/burj-khalifa.jpg"}],"twitter_card":"summary_large_image","twitter_misc":{"Gesch\u00e4tzte Lesezeit":"2\u00a0Minuten"},"schema":{"@context":"https:\/\/schema.org","@graph":[{"@type":"WebPage","@id":"https:\/\/insulation.trocellen.com\/de\/referenzen\/","url":"https:\/\/insulation.trocellen.com\/de\/referenzen\/","name":"Referenzen - Trocellen Insulation","isPartOf":{"@id":"https:\/\/insulation.trocellen.com\/de\/#website"},"primaryImageOfPage":{"@id":"https:\/\/insulation.trocellen.com\/de\/referenzen\/#primaryimage"},"image":{"@id":"https:\/\/insulation.trocellen.com\/de\/referenzen\/#primaryimage"},"thumbnailUrl":"https:\/\/insulation.trocellen.com\/wp-content\/uploads\/sites\/6\/2013\/12\/burj-khalifa.jpg","datePublished":"2013-12-12T17:09:36+00:00","dateModified":"2013-12-12T17:09:36+00:00","breadcrumb":{"@id":"https:\/\/insulation.trocellen.com\/de\/referenzen\/#breadcrumb"},"inLanguage":"de","potentialAction":[{"@type":"ReadAction","target":["https:\/\/insulation.trocellen.com\/de\/referenzen\/"]}]},{"@type":"ImageObject","inLanguage":"de","@id":"https:\/\/insulation.trocellen.com\/de\/referenzen\/#primaryimage","url":"https:\/\/insulation.trocellen.com\/wp-content\/uploads\/sites\/6\/2013\/12\/burj-khalifa.jpg","contentUrl":"https:\/\/insulation.trocellen.com\/wp-content\/uploads\/sites\/6\/2013\/12\/burj-khalifa.jpg"},{"@type":"BreadcrumbList","@id":"https:\/\/insulation.trocellen.com\/de\/referenzen\/#breadcrumb","itemListElement":[{"@type":"ListItem","position":1,"name":"Home","item":"https:\/\/insulation.trocellen.com\/de\/"},{"@type":"ListItem","position":2,"name":"Referenzen"}]},{"@type":"WebSite","@id":"https:\/\/insulation.trocellen.com\/de\/#website","url":"https:\/\/insulation.trocellen.com\/de\/","name":"Trocellen Insulation","description":"","potentialAction":[{"@type":"SearchAction","target":{"@type":"EntryPoint","urlTemplate":"https:\/\/insulation.trocellen.com\/de\/?s={search_term_string}"},"query-input":{"@type":"PropertyValueSpecification","valueRequired":true,"valueName":"search_term_string"}}],"inLanguage":"de"}]}},"_links":{"self":[{"href":"https:\/\/insulation.trocellen.com\/de\/wp-json\/wp\/v2\/pages\/4098","targetHints":{"allow":["GET"]}}],"collection":[{"href":"https:\/\/insulation.trocellen.com\/de\/wp-json\/wp\/v2\/pages"}],"about":[{"href":"https:\/\/insulation.trocellen.com\/de\/wp-json\/wp\/v2\/types\/page"}],"author":[{"embeddable":true,"href":"https:\/\/insulation.trocellen.com\/de\/wp-json\/wp\/v2\/users\/1"}],"replies":[{"embeddable":true,"href":"https:\/\/insulation.trocellen.com\/de\/wp-json\/wp\/v2\/comments?post=4098"}],"version-history":[{"count":0,"href":"https:\/\/insulation.trocellen.com\/de\/wp-json\/wp\/v2\/pages\/4098\/revisions"}],"wp:attachment":[{"href":"https:\/\/insulation.trocellen.com\/de\/wp-json\/wp\/v2\/media?parent=4098"}],"curies":[{"name":"wp","href":"https:\/\/api.w.org\/{rel}","templated":true}]}}