{"id":4086,"date":"2013-12-12T17:09:09","date_gmt":"2013-12-12T17:09:09","guid":{"rendered":"https:\/\/insulation-new.trocellen.com\/technologie\/"},"modified":"2023-07-10T12:47:53","modified_gmt":"2023-07-10T12:47:53","slug":"technologie","status":"publish","type":"page","link":"https:\/\/insulation.trocellen.com\/de\/technologie\/","title":{"rendered":"Technologie"},"content":{"rendered":"<p>Trocellen ist europ\u00e4ischer Marktf\u00fchrer in der Herstellung von chemisch und physikalisch vernetzten PO-Schaumstoffen. Aufgrund des umfassenden Angebots an Schaumstoffprodukten f\u00fcr das Bauwesen und die Versorgungstechnik wurde das Unternehmen zu einem der bedeutendsten Partner in der Branche und bietet zuverl\u00e4ssige D\u00e4mml\u00f6sungen.<\/p>\n<p>Bereits seit 40 Jahren entwickelt und fertigt Trocellen Produkte f\u00fcr das Bauwesen und den Maschinenbau. Unsere XLPO-Schaumstoffe zeichnen sich durch geringes Gewicht, Feuerbest\u00e4ndigkeit, geringe Wasseraufnahme, Robustheit, ausgezeichnete W\u00e4rmed\u00e4mmeigenschaften, chemische Best\u00e4ndigkeit, einfache Montage und Thermoformbarkeit aus.<\/p>\n<p>Weitere Gr\u00fcnde, die f\u00fcr Trocellen als Ihren Partner f\u00fcr Schaumstoffe sprechen: Wir setzen auf erprobte Technologien, jahrelange Erfahrung und gehen auch gerne neue Wege.<\/p>\n<h2>Schaumstoffe von Trocellen<\/h2>\n<p><strong>Standard-PE-Schaumstoffe:<\/strong> gro\u00dfe Auswahl an Dichten und Dicken, ideal zur D\u00e4mmung und Versiegelung.<br \/>\n<strong>Starre PE-Schaumstoffe:<\/strong> ideale Alternative zu gr\u00f6\u00dferen Dichten, ausgezeichnete Thermoformbarkeit<br \/>\n<strong>Weiche PE-Schaumstoffe:<\/strong> unz\u00e4hlige Einsatzbereiche, hervorragende Komforteigenschaften<br \/>\n<strong>Ultraweiche PE-Schaumstoffe:<\/strong> hochflexibel f\u00fcr spezielle Anwendungen, besonders hohe Elastizit\u00e4t<br \/>\n<strong>PP-Schaumstoffe<\/strong>: gro\u00dfe Auswahl an Dichten, Dicken und Materialeigenschaften, kunden- und anwendungspezifische L\u00f6sungen.<br \/>\n<strong>Schaumstoffe mit speziellen Additiven:<\/strong> flammfeste und selbstverl\u00f6schende Schaumstoffe f\u00fcr h\u00f6chste Sicherheitsanforderungen<\/p>\n<h2>Vom Schaumstoff zur L\u00f6sung<\/h2>\n<p>Trocellen bietet neben den Schaumstoffen auch verarbeitete Produkte an, die den Schaumstoffen einen Mehrwert verleihen.<\/p>\n<ul>\n<li>Kaschierung (im Hei\u00dfluft-, Flamm oder Infrarotverfahren) erm\u00f6glicht je nach Branchenanforderung die Kombination mit anderen Schaumstoffen, Folien oder Textilschichten<\/li>\n<li>Schwerschichtkaschierung mit Schaumstoff<\/li>\n<li>Klebebeschichtung einschlie\u00dflich Schmelzklebstoff, Transferklebstoff und druckempfindlichem Klebstoff<\/li>\n<li>Formpressen<\/li>\n<li>Perforation und Pr\u00e4gung<\/li>\n<\/ul>\n","protected":false},"excerpt":{"rendered":"<p>Trocellen ist europ\u00e4ischer Marktf\u00fchrer in der Herstellung von chemisch und physikalisch vernetzten PO-Schaumstoffen. Aufgrund des umfassenden Angebots an Schaumstoffprodukten f\u00fcr das Bauwesen und die Versorgungstechnik wurde das Unternehmen zu einem der bedeutendsten Partner in der Branche und bietet zuverl\u00e4ssige D\u00e4mml\u00f6sungen. Bereits seit 40 Jahren entwickelt und fertigt Trocellen Produkte f\u00fcr das Bauwesen und den Maschinenbau. [&hellip;]<\/p>\n","protected":false},"author":1,"featured_media":9391,"parent":0,"menu_order":400,"comment_status":"open","ping_status":"closed","template":"","meta":{"_acf_changed":false,"footnotes":""},"class_list":["post-4086","page","type-page","status-publish","has-post-thumbnail","hentry"],"acf":[],"yoast_head":"<!-- This site is optimized with the Yoast SEO plugin v23.5 - https:\/\/yoast.com\/wordpress\/plugins\/seo\/ -->\n<title>Trocellens Technologie f\u00fcr die Schaustoffproduktion<\/title>\n<meta name=\"description\" content=\"Trocellen ist f\u00fchrender europ\u00e4ischer Hersteller von vernetzten PO-Schaumstoffen, der auch viele Schaumstoffprodukte f\u00fcr Bauwesen und Maschinenbau anbietet.\" \/>\n<meta name=\"robots\" content=\"index, follow, max-snippet:-1, max-image-preview:large, max-video-preview:-1\" \/>\n<link rel=\"canonical\" href=\"https:\/\/insulation.trocellen.com\/de\/technologie\/\" \/>\n<meta property=\"og:locale\" content=\"de_DE\" \/>\n<meta property=\"og:type\" content=\"article\" \/>\n<meta property=\"og:title\" content=\"Trocellens Technologie f\u00fcr die Schaustoffproduktion\" \/>\n<meta property=\"og:description\" content=\"Trocellen ist f\u00fchrender europ\u00e4ischer Hersteller von vernetzten PO-Schaumstoffen, der auch viele Schaumstoffprodukte f\u00fcr Bauwesen und Maschinenbau anbietet.\" \/>\n<meta property=\"og:url\" content=\"https:\/\/insulation.trocellen.com\/de\/technologie\/\" \/>\n<meta property=\"og:site_name\" content=\"Trocellen Insulation\" \/>\n<meta property=\"article:modified_time\" content=\"2023-07-10T12:47:53+00:00\" \/>\n<meta property=\"og:image\" content=\"https:\/\/insulation.trocellen.com\/wp-content\/uploads\/sites\/6\/2023\/06\/fejlec-Technology.jpg\" \/>\n\t<meta property=\"og:image:width\" content=\"1920\" \/>\n\t<meta property=\"og:image:height\" content=\"300\" \/>\n\t<meta property=\"og:image:type\" content=\"image\/jpeg\" \/>\n<meta name=\"twitter:card\" content=\"summary_large_image\" \/>\n<meta name=\"twitter:label1\" content=\"Gesch\u00e4tzte Lesezeit\" \/>\n\t<meta name=\"twitter:data1\" content=\"1\u00a0Minute\" \/>\n<script type=\"application\/ld+json\" class=\"yoast-schema-graph\">{\"@context\":\"https:\/\/schema.org\",\"@graph\":[{\"@type\":\"WebPage\",\"@id\":\"https:\/\/insulation.trocellen.com\/de\/technologie\/\",\"url\":\"https:\/\/insulation.trocellen.com\/de\/technologie\/\",\"name\":\"Trocellens Technologie f\u00fcr die Schaustoffproduktion\",\"isPartOf\":{\"@id\":\"https:\/\/insulation.trocellen.com\/de\/#website\"},\"primaryImageOfPage\":{\"@id\":\"https:\/\/insulation.trocellen.com\/de\/technologie\/#primaryimage\"},\"image\":{\"@id\":\"https:\/\/insulation.trocellen.com\/de\/technologie\/#primaryimage\"},\"thumbnailUrl\":\"https:\/\/insulation.trocellen.com\/wp-content\/uploads\/sites\/6\/2023\/06\/fejlec-Technology.jpg\",\"datePublished\":\"2013-12-12T17:09:09+00:00\",\"dateModified\":\"2023-07-10T12:47:53+00:00\",\"description\":\"Trocellen ist f\u00fchrender europ\u00e4ischer Hersteller von vernetzten PO-Schaumstoffen, der auch viele Schaumstoffprodukte f\u00fcr Bauwesen und Maschinenbau anbietet.\",\"breadcrumb\":{\"@id\":\"https:\/\/insulation.trocellen.com\/de\/technologie\/#breadcrumb\"},\"inLanguage\":\"de\",\"potentialAction\":[{\"@type\":\"ReadAction\",\"target\":[\"https:\/\/insulation.trocellen.com\/de\/technologie\/\"]}]},{\"@type\":\"ImageObject\",\"inLanguage\":\"de\",\"@id\":\"https:\/\/insulation.trocellen.com\/de\/technologie\/#primaryimage\",\"url\":\"https:\/\/insulation.trocellen.com\/wp-content\/uploads\/sites\/6\/2023\/06\/fejlec-Technology.jpg\",\"contentUrl\":\"https:\/\/insulation.trocellen.com\/wp-content\/uploads\/sites\/6\/2023\/06\/fejlec-Technology.jpg\",\"width\":1920,\"height\":300},{\"@type\":\"BreadcrumbList\",\"@id\":\"https:\/\/insulation.trocellen.com\/de\/technologie\/#breadcrumb\",\"itemListElement\":[{\"@type\":\"ListItem\",\"position\":1,\"name\":\"Home\",\"item\":\"https:\/\/insulation.trocellen.com\/de\/\"},{\"@type\":\"ListItem\",\"position\":2,\"name\":\"Technologie\"}]},{\"@type\":\"WebSite\",\"@id\":\"https:\/\/insulation.trocellen.com\/de\/#website\",\"url\":\"https:\/\/insulation.trocellen.com\/de\/\",\"name\":\"Trocellen Insulation\",\"description\":\"\",\"potentialAction\":[{\"@type\":\"SearchAction\",\"target\":{\"@type\":\"EntryPoint\",\"urlTemplate\":\"https:\/\/insulation.trocellen.com\/de\/?s={search_term_string}\"},\"query-input\":{\"@type\":\"PropertyValueSpecification\",\"valueRequired\":true,\"valueName\":\"search_term_string\"}}],\"inLanguage\":\"de\"}]}<\/script>\n<!-- \/ Yoast SEO plugin. -->","yoast_head_json":{"title":"Trocellens Technologie f\u00fcr die Schaustoffproduktion","description":"Trocellen ist f\u00fchrender europ\u00e4ischer Hersteller von vernetzten PO-Schaumstoffen, der auch viele Schaumstoffprodukte f\u00fcr Bauwesen und Maschinenbau anbietet.","robots":{"index":"index","follow":"follow","max-snippet":"max-snippet:-1","max-image-preview":"max-image-preview:large","max-video-preview":"max-video-preview:-1"},"canonical":"https:\/\/insulation.trocellen.com\/de\/technologie\/","og_locale":"de_DE","og_type":"article","og_title":"Trocellens Technologie f\u00fcr die Schaustoffproduktion","og_description":"Trocellen ist f\u00fchrender europ\u00e4ischer Hersteller von vernetzten PO-Schaumstoffen, der auch viele Schaumstoffprodukte f\u00fcr Bauwesen und Maschinenbau anbietet.","og_url":"https:\/\/insulation.trocellen.com\/de\/technologie\/","og_site_name":"Trocellen Insulation","article_modified_time":"2023-07-10T12:47:53+00:00","og_image":[{"width":1920,"height":300,"url":"https:\/\/insulation.trocellen.com\/wp-content\/uploads\/sites\/6\/2023\/06\/fejlec-Technology.jpg","type":"image\/jpeg"}],"twitter_card":"summary_large_image","twitter_misc":{"Gesch\u00e4tzte Lesezeit":"1\u00a0Minute"},"schema":{"@context":"https:\/\/schema.org","@graph":[{"@type":"WebPage","@id":"https:\/\/insulation.trocellen.com\/de\/technologie\/","url":"https:\/\/insulation.trocellen.com\/de\/technologie\/","name":"Trocellens Technologie f\u00fcr die Schaustoffproduktion","isPartOf":{"@id":"https:\/\/insulation.trocellen.com\/de\/#website"},"primaryImageOfPage":{"@id":"https:\/\/insulation.trocellen.com\/de\/technologie\/#primaryimage"},"image":{"@id":"https:\/\/insulation.trocellen.com\/de\/technologie\/#primaryimage"},"thumbnailUrl":"https:\/\/insulation.trocellen.com\/wp-content\/uploads\/sites\/6\/2023\/06\/fejlec-Technology.jpg","datePublished":"2013-12-12T17:09:09+00:00","dateModified":"2023-07-10T12:47:53+00:00","description":"Trocellen ist f\u00fchrender europ\u00e4ischer Hersteller von vernetzten PO-Schaumstoffen, der auch viele Schaumstoffprodukte f\u00fcr Bauwesen und Maschinenbau anbietet.","breadcrumb":{"@id":"https:\/\/insulation.trocellen.com\/de\/technologie\/#breadcrumb"},"inLanguage":"de","potentialAction":[{"@type":"ReadAction","target":["https:\/\/insulation.trocellen.com\/de\/technologie\/"]}]},{"@type":"ImageObject","inLanguage":"de","@id":"https:\/\/insulation.trocellen.com\/de\/technologie\/#primaryimage","url":"https:\/\/insulation.trocellen.com\/wp-content\/uploads\/sites\/6\/2023\/06\/fejlec-Technology.jpg","contentUrl":"https:\/\/insulation.trocellen.com\/wp-content\/uploads\/sites\/6\/2023\/06\/fejlec-Technology.jpg","width":1920,"height":300},{"@type":"BreadcrumbList","@id":"https:\/\/insulation.trocellen.com\/de\/technologie\/#breadcrumb","itemListElement":[{"@type":"ListItem","position":1,"name":"Home","item":"https:\/\/insulation.trocellen.com\/de\/"},{"@type":"ListItem","position":2,"name":"Technologie"}]},{"@type":"WebSite","@id":"https:\/\/insulation.trocellen.com\/de\/#website","url":"https:\/\/insulation.trocellen.com\/de\/","name":"Trocellen Insulation","description":"","potentialAction":[{"@type":"SearchAction","target":{"@type":"EntryPoint","urlTemplate":"https:\/\/insulation.trocellen.com\/de\/?s={search_term_string}"},"query-input":{"@type":"PropertyValueSpecification","valueRequired":true,"valueName":"search_term_string"}}],"inLanguage":"de"}]}},"_links":{"self":[{"href":"https:\/\/insulation.trocellen.com\/de\/wp-json\/wp\/v2\/pages\/4086","targetHints":{"allow":["GET"]}}],"collection":[{"href":"https:\/\/insulation.trocellen.com\/de\/wp-json\/wp\/v2\/pages"}],"about":[{"href":"https:\/\/insulation.trocellen.com\/de\/wp-json\/wp\/v2\/types\/page"}],"author":[{"embeddable":true,"href":"https:\/\/insulation.trocellen.com\/de\/wp-json\/wp\/v2\/users\/1"}],"replies":[{"embeddable":true,"href":"https:\/\/insulation.trocellen.com\/de\/wp-json\/wp\/v2\/comments?post=4086"}],"version-history":[{"count":1,"href":"https:\/\/insulation.trocellen.com\/de\/wp-json\/wp\/v2\/pages\/4086\/revisions"}],"predecessor-version":[{"id":9860,"href":"https:\/\/insulation.trocellen.com\/de\/wp-json\/wp\/v2\/pages\/4086\/revisions\/9860"}],"wp:featuredmedia":[{"embeddable":true,"href":"https:\/\/insulation.trocellen.com\/de\/wp-json\/wp\/v2\/media\/9391"}],"wp:attachment":[{"href":"https:\/\/insulation.trocellen.com\/de\/wp-json\/wp\/v2\/media?parent=4086"}],"curies":[{"name":"wp","href":"https:\/\/api.w.org\/{rel}","templated":true}]}}